{"id":594,"date":"2020-12-10T09:29:17","date_gmt":"2020-12-10T08:29:17","guid":{"rendered":"https:\/\/www.acmispa.it\/contatti\/"},"modified":"2025-01-17T12:38:01","modified_gmt":"2025-01-17T11:38:01","slug":"contactos","status":"publish","type":"page","link":"https:\/\/www.acmispa.it\/es\/contactos\/","title":{"rendered":"Contactos"},"content":{"rendered":"<p>[vc_row][vc_column]<!-- og image -->\n\n  <!--****https:\/\/www.acmispa.it\/wp-content\/uploads\/2022\/02\/Contatti_apertura-1200x630.jpg****-->\n \n<!-- og image -->\n\n  <!--****@Cont\u00e1ctenos para informaci\u00f3n y cotizaciones, le responderemos lo antes posible@****-->\n  \n<section class=\"rowMin bigBanner\" id=\"riga0\">\n  <div id=\"69eca35da50c8\" class=\"innerBanner ar_lazy ar_wait\"  data-image=\"https:\/\/www.acmispa.it\/wp-content\/uploads\/2022\/02\/Contatti_apertura.jpg\">\n    <img data-target=\"#69eca35da50c8\"class=\"ar_s_load\" src=\"https:\/\/www.acmispa.it\/wp-content\/uploads\/2022\/02\/Contatti_apertura.jpg\"  >\n    <div class=\"filter\"><\/div>\n    <header class=\"animateEl\" data-animate=\"fadeInUp\" data-duration=\".6s\" data-delay=\"0.2s\">\n      <h1>Contactos<\/h1>\t\t\t\t\t\t\n    <\/header>\n    <div class=\"leftArea animateEl\" data-animate=\"fadeInUp\" data-duration=\".6s\" data-delay=\"0.2s\">\n      <h2>Cont\u00e1ctenos para informaci\u00f3n y cotizaciones, le responderemos lo antes posible<\/h2>    <\/div>\n      <\/div>\n  <div class=\"lateralCTA\">\n    <div class=\"innerWrap\">\n    <div class=\"ctaEl animateEl\" data-animate=\"fadeInRight\" data-duration=\".6s\" data-delay=\"0.2s\">\n        <a class=\"pointer download_br openLayerPop\" lpID=\"form69eca35da4c5f\" title=\"BROCHURE\">\n          <img  loading=\"lazy\" src=\"\/wp-content\/uploads\/2020\/12\/brochure.svg\" alt=\"BROCHURE\">\n          <span>BROCHURE<\/span>\n        <\/a>\n    <\/div>\n    \n    <div class=\"ctaEl animateEl\" data-animate=\"fadeInRight\" data-duration=\".6s\" data-delay=\"0.3s\">\n        <a href=\"\/es\/contactos\/\" title=\"Contactos\">\n          <img  loading=\"lazy\" src=\"\/wp-content\/uploads\/2020\/12\/contactMe.svg\" alt=\"Contactos\">\n          <span>Cont\u00e1ctos<\/span>\n        <\/a>\n      <\/div>\n    \n      \n      \n    <\/div>\n  <\/div>\n  \n  <!-- form -->\n  \t<div class=\"LayerPopMsg form69eca35da4c5f move_to_LayerPopOverlay\">\n\t\t<span class=\"LayerPopCloseBtn closeBtn\"><img class=\"closeMenu\" src=\"https:\/\/www.acmispa.it\/wp-content\/themes\/acmi\/static\/img\/icon\/closeColored.svg\"><\/span>\n\t\t<div class=\"rowMin\">\n\t\t\t<div class=\"row formArea\">\n\t\t\t\t<!-- <form class=\"row\"> -->\n\t\t\t\t<span class=\"formTitle\">DESCARGUE EL FOLLETO<\/span>\n\t\t\t\t<p>Rellene el formulario para descargar la informaci\u00f3n sobre ACMI S.p.A<\/p>\n\t\t\t\t<div class=\"row cf7_popup_container no_textarea form-popup-magic\" data-tipo=\"download_brochure\">\n\t\t\t\t\t<div role=\"form\" class=\"wpcf7\" id=\"wpcf7-f6536-o1\" lang=\"it-IT\" dir=\"ltr\">\n<div class=\"screen-reader-response\"><p role=\"status\" aria-live=\"polite\" aria-atomic=\"true\"><\/p> <ul><\/ul><\/div>\n<form action=\"\/es\/wp-json\/wp\/v2\/pages\/594\/#wpcf7-f6536-o1\" method=\"post\" class=\"wpcf7-form init\" novalidate=\"novalidate\" data-status=\"init\" id=\"cf7-form-69eca35da530a\">\n<div style=\"display: none;\">\n<input type=\"hidden\" name=\"_wpcf7\" value=\"6536\" \/>\n<input type=\"hidden\" name=\"_wpcf7_version\" value=\"5.3\" \/>\n<input type=\"hidden\" name=\"_wpcf7_locale\" value=\"it_IT\" \/>\n<input type=\"hidden\" name=\"_wpcf7_unit_tag\" value=\"wpcf7-f6536-o1\" \/>\n<input type=\"hidden\" name=\"_wpcf7_container_post\" value=\"0\" \/>\n<input type=\"hidden\" name=\"_wpcf7_posted_data_hash\" value=\"\" \/>\n<\/div>\n<div class=\"formGroup\"><span class=\"wpcf7-form-control-wrap nome\"><input type=\"text\" name=\"nome\" value=\"\" size=\"40\" class=\"wpcf7-form-control wpcf7-text wpcf7-validates-as-required\" aria-required=\"true\" aria-invalid=\"false\" placeholder=\"Nombre*\" \/><\/span><\/div>\n<p><span id=\"wpcf7-69eca35da597b-wrapper\" class=\"wpcf7-form-control-wrap website-fax-form-popup-es-wrap\" ><input type=\"hidden\" name=\"website-fax-form-popup-es-time-start\" value=\"1777115997\"><input type=\"hidden\" name=\"website-fax-form-popup-es-time-check\" value=\"10\"><input id=\"wpcf7-69eca35da597b-field\"  placeholder=\"Fax\"  class=\"wpcf7-form-control wpcf7-text\" type=\"text\" name=\"website-fax-form-popup-es\" value=\"\" size=\"40\" tabindex=\"-1\" autocomplete=\"off\" \/><\/span><\/p>\n<div class=\"formGroup\"><span class=\"wpcf7-form-control-wrap cognome\"><input type=\"text\" name=\"cognome\" value=\"\" size=\"40\" class=\"wpcf7-form-control wpcf7-text wpcf7-validates-as-required\" aria-required=\"true\" aria-invalid=\"false\" placeholder=\"Apellido*\" \/><\/span><\/div>\n<div class=\"formGroup\">\n<span class=\"wpcf7-form-control-wrap JobFunction\"><input type=\"text\" name=\"JobFunction\" value=\"\" size=\"40\" class=\"wpcf7-form-control wpcf7-text wpcf7-validates-as-required\" aria-required=\"true\" aria-invalid=\"false\" placeholder=\"Rol corporativo*\" \/><\/span>\n<\/div>\n<div class=\"formGroup\"><span class=\"wpcf7-form-control-wrap azienda\"><input type=\"text\" name=\"azienda\" value=\"\" size=\"40\" class=\"wpcf7-form-control wpcf7-text wpcf7-validates-as-required\" aria-required=\"true\" aria-invalid=\"false\" placeholder=\"Empresa*\" \/><\/span><\/div>\n<div class=\"formGroup\"><span class=\"wpcf7-form-control-wrap nazione\"><input type=\"text\" name=\"nazione\" value=\"\" size=\"40\" class=\"wpcf7-form-control wpcf7-text wpcf7-validates-as-required\" aria-required=\"true\" aria-invalid=\"false\" placeholder=\"Pa\u00eds*\" \/><\/span><\/div>\n<div class=\"formGroup\"><span class=\"wpcf7-form-control-wrap email\"><input type=\"email\" name=\"email\" value=\"\" size=\"40\" class=\"wpcf7-form-control wpcf7-text wpcf7-email wpcf7-validates-as-required wpcf7-validates-as-email\" aria-required=\"true\" aria-invalid=\"false\" placeholder=\"E-mail*\" \/><\/span><\/div>\n<div class=\"formGroup\"><span class=\"wpcf7-form-control-wrap messaggio\"><textarea name=\"messaggio\" cols=\"40\" rows=\"10\" class=\"wpcf7-form-control wpcf7-textarea\" aria-invalid=\"false\" placeholder=\"Mensaje\"><\/textarea><\/span><\/div>\n<div class=\"formGroup littleInput\"><label><span class=\"wpcf7-form-control-wrap privacy\"><span class=\"wpcf7-form-control wpcf7-acceptance\"><span class=\"wpcf7-list-item\"><input type=\"checkbox\" name=\"privacy\" value=\"1\" aria-invalid=\"false\" \/><\/span><\/span><\/span> Autorizo a ACMI SpA a procesar mis datos personales de acuerdo con las normas de privacidad para proceder con la solicitud. Lea la pol\u00edtica de privacidad completa. <a href=\"\/es\/privacy-policy\/\" target=\"_blank\">Lea la pol\u00edtica de privacidad.<\/a><\/label><\/div>\n<div class=\"formGroup littleInput\"><label><span class=\"wpcf7-form-control-wrap marketing\"><span class=\"wpcf7-form-control wpcf7-acceptance optional\"><span class=\"wpcf7-list-item\"><input type=\"checkbox\" name=\"marketing\" value=\"1\" aria-invalid=\"false\" \/><\/span><\/span><\/span> Autorizo a ACMI SpA a tratar mis datos personales con fines de comunicaci\u00f3n comercial, tambi\u00e9n a trav\u00e9s de correo electr\u00f3nico, el fax y los SMS.<\/label><\/div>\n<p><span class=\"wpcf7-form-control-wrap pagina\"><input type=\"text\" name=\"pagina\" value=\"\" size=\"40\" class=\"wpcf7-form-control wpcf7-text pagina-campo\" aria-invalid=\"false\" \/><\/span><br \/>\n<span class=\"wpcf7-form-control-wrap modulo\"><input type=\"text\" name=\"modulo\" value=\"\" size=\"40\" class=\"wpcf7-form-control wpcf7-text modulo-campo\" aria-invalid=\"false\" \/><\/span><\/p>\n<div class=\"formGroup\"><input type=\"submit\" value=\"Enviar\" class=\"wpcf7-form-control wpcf7-submit btn button_submit\" \/><\/div>\n<div class=\"wpcf7-response-output\" aria-hidden=\"true\"><\/div><\/form><\/div>\t\t\n\t\t\t\t<\/div>\n\t\t\t  <div class=\"wrap-success\">\n\t\t\t\t<p>Gracias por rellenar el formulario <\/p>\n\t\t\t\t<a class=\"btn btn_brochure_auto\" href=\"https:\/\/www.acmispa.it\/wp-content\/uploads\/2025\/01\/CompanyProfile_web2025-EN.pdf\" download>Haga clic aqu\u00ed para descargar el archivo<\/a>\n\t\t\t  <\/div>\n\t\t\t\t<!-- <\/form> -->\n\t\t\t<\/div>\n\t\t<\/div>\n\t<\/div>\n  <!-- fine form -->\n<\/section>\n\n\n\n<!-- - --><main class=\"row testo_istituzionale_render\">\n  <section class=\"rowMin  centeredBlock  animateEl \" data-animate=\"fadeIn\" data-duration=\".6s\" data-delay=\"0.2s\" style=\"background-color:transparent\" id=\"\">\n    <div class=\"maxWidthBlock alignLeft\">\n      <h2>Contactos<\/h2>\n      <div ><p class=\"formArea\">Bienvenido a la secci\u00f3n Contactos de nuestro sitio web. En esta p\u00e1gina encontrar\u00e1 un formulario a rellenar que podr\u00e1 utilizar para solicitarnos cualquier tipo de informaci\u00f3n, desde solicitudes de asistencia t\u00e9cnica, recambios, hasta contacto comercial.<\/p>\n<p>Tambi\u00e9n puede utilizar este formulario para ponerse en contacto con nuestras filiales y agencias comerciales ubicadas en los principales pa\u00edses.<\/p>\n<p>Preste atenci\u00f3n al rellenar el formulario y describa su solicitud con detalle, intentaremos responder lo antes posible.<\/p><\/div><p class=\"intro_pulsante\">Si desea enviar su candidatura para un puesto de trabajo<\/p><div class=\"btn_box\">\r\n<a href=\"https:\/\/www.acmispa.it\/es\/trabaja-con-nosotros\/\" class=\"asBtn\">haga clic aqu\u00ed<\/a>\r\n  \r\n<\/div>    \n      <div class=\"timelineWraptarget\">\n      <\/div>\n    <\/div>\n  <\/section>\n<\/main>  <main class=\"row ar_section_form_container\">\r\n    <section class=\"rowMin ar_section_form centeredBlock animateEl fadeIn animated\" data-animate=\"fadeIn\" data-duration=\".6s\" data-delay=\"0.2s\" id=\"storiaBlock\" style=\"animation-duration: 0.6s; animation-delay: 0.2s; visibility: visible;\">\r\n\t\t\t<div class=\"maxWidthBlock alignLeft ar_left_form\">\r\n                <div class=\"formArea\">\r\n                              <span class=\"formTitle ar-move-inner\" data-target=\"#69eca35da5ded\">Formulario de solicitud de informaci\u00f3n<\/span>\r\n          <div id=\"69eca35da5ded\">\r\n          <div role=\"form\" class=\"wpcf7\" id=\"wpcf7-f3843-o2\" lang=\"it-IT\" dir=\"ltr\">\n<div class=\"screen-reader-response\"><p role=\"status\" aria-live=\"polite\" aria-atomic=\"true\"><\/p> <ul><\/ul><\/div>\n<form action=\"\/es\/wp-json\/wp\/v2\/pages\/594\/#wpcf7-f3843-o2\" method=\"post\" class=\"wpcf7-form init\" novalidate=\"novalidate\" data-status=\"init\" id=\"cf7-form-69eca35da5def\">\n<div style=\"display: none;\">\n<input type=\"hidden\" name=\"_wpcf7\" value=\"3843\" \/>\n<input type=\"hidden\" name=\"_wpcf7_version\" value=\"5.3\" \/>\n<input type=\"hidden\" name=\"_wpcf7_locale\" value=\"it_IT\" \/>\n<input type=\"hidden\" name=\"_wpcf7_unit_tag\" value=\"wpcf7-f3843-o2\" \/>\n<input type=\"hidden\" name=\"_wpcf7_container_post\" value=\"0\" \/>\n<input type=\"hidden\" name=\"_wpcf7_posted_data_hash\" value=\"\" \/>\n<\/div>\n<p><label>Nombre*<\/label><br \/>\n<span class=\"wpcf7-form-control-wrap nome\"><input type=\"text\" name=\"nome\" value=\"\" size=\"40\" class=\"wpcf7-form-control wpcf7-text wpcf7-validates-as-required\" aria-required=\"true\" aria-invalid=\"false\" \/><\/span><br \/>\n<span id=\"wpcf7-69eca35da607a-wrapper\" class=\"wpcf7-form-control-wrap website-fax-es-wrap\" ><input type=\"hidden\" name=\"website-fax-es-time-start\" value=\"1777115997\"><input type=\"hidden\" name=\"website-fax-es-time-check\" value=\"10\"><input id=\"wpcf7-69eca35da607a-field\"  placeholder=\"Fax\"  class=\"wpcf7-form-control wpcf7-text\" type=\"text\" name=\"website-fax-es\" value=\"\" size=\"40\" tabindex=\"-1\" autocomplete=\"off\" \/><\/span><\/p>\n<p><label>Apellido*<\/label><br \/>\n<span class=\"wpcf7-form-control-wrap cognome\"><input type=\"text\" name=\"cognome\" value=\"\" size=\"40\" class=\"wpcf7-form-control wpcf7-text wpcf7-validates-as-required\" aria-required=\"true\" aria-invalid=\"false\" \/><\/span><\/p>\n<p><label>Empresa*<\/label><br \/>\n<span class=\"wpcf7-form-control-wrap azienda\"><input type=\"text\" name=\"azienda\" value=\"\" size=\"40\" class=\"wpcf7-form-control wpcf7-text wpcf7-validates-as-required\" aria-required=\"true\" aria-invalid=\"false\" \/><\/span><\/p>\n<p><label>Pa\u00eds*<\/label><br \/>\n<span class=\"wpcf7-form-control-wrap nazione\"><input type=\"text\" name=\"nazione\" value=\"\" size=\"40\" class=\"wpcf7-form-control wpcf7-text wpcf7-validates-as-required\" aria-required=\"true\" aria-invalid=\"false\" \/><\/span><\/p>\n<p><label>E-mail*<\/label><br \/>\n<span class=\"wpcf7-form-control-wrap email\"><input type=\"email\" name=\"email\" value=\"\" size=\"40\" class=\"wpcf7-form-control wpcf7-text wpcf7-email wpcf7-validates-as-required wpcf7-validates-as-email\" aria-required=\"true\" aria-invalid=\"false\" \/><\/span><\/p>\n<p><label>Texto<\/label><br \/>\n    <span class=\"wpcf7-form-control-wrap your-message\"><textarea name=\"your-message\" cols=\"40\" rows=\"10\" class=\"wpcf7-form-control wpcf7-textarea\" aria-invalid=\"false\"><\/textarea><\/span><\/p>\n<p><span class=\"wpcf7-form-control-wrap privacy\"><span class=\"wpcf7-form-control wpcf7-acceptance\"><span class=\"wpcf7-list-item\"><input type=\"checkbox\" name=\"privacy\" value=\"1\" aria-invalid=\"false\" \/><\/span><\/span><\/span> Autorizo a ACMI SpA a procesar mis datos personales de acuerdo con las normas de privacidad para proceder con la solicitud. <a target=\"_blank\" href=\"\/privacy-policy\/\">Lea la pol\u00edtica de privacidad completa<\/a><\/p>\n<p><span class=\"wpcf7-form-control-wrap marketing\"><span class=\"wpcf7-form-control wpcf7-acceptance optional\"><span class=\"wpcf7-list-item\"><input type=\"checkbox\" name=\"marketing\" value=\"1\" aria-invalid=\"false\" \/><\/span><\/span><\/span> Autorizo a ACMI SpA a tratar mis datos personales con fines de comunicaci\u00f3n comercial, tambi\u00e9n a trav\u00e9s de correo electr\u00f3nico, el fax y los SMS.<br \/>\n<span class=\"wpcf7-form-control-wrap pagina\"><input type=\"text\" name=\"pagina\" value=\"\" size=\"40\" class=\"wpcf7-form-control wpcf7-text pagina-campo\" aria-invalid=\"false\" \/><\/span><span class=\"wpcf7-form-control-wrap modulo\"><input type=\"text\" name=\"modulo\" value=\"\" size=\"40\" class=\"wpcf7-form-control wpcf7-text modulo-campo\" aria-invalid=\"false\" \/><\/span><br \/>\n<input type=\"submit\" value=\"Enviar\" class=\"wpcf7-form-control wpcf7-submit\" \/><\/p>\n<div class=\"wpcf7-response-output\" aria-hidden=\"true\"><\/div><\/form><\/div>          <\/div>\r\n        <\/div>\r\n      <\/div>\r\n    <\/section>\r\n  <\/main>\r\n  [\/vc_column][\/vc_row]<\/p>\n","protected":false},"excerpt":{"rendered":"<p>[vc_row][vc_column][\/vc_column][\/vc_row]<\/p>\n","protected":false},"author":3,"featured_media":0,"parent":0,"menu_order":0,"comment_status":"closed","ping_status":"closed","template":"","meta":[],"yoast_head":"<!-- This site is optimized with the Yoast SEO plugin v15.2.1 - https:\/\/yoast.com\/wordpress\/plugins\/seo\/ -->\n<meta name=\"description\" content=\"Utilice nuestro formulario o cont\u00e1ctenos por email para recibir m\u00e1s informaci\u00f3n. ACMI estar\u00e1 encantado de satisfacer todas sus solicitudes.\" \/>\n<meta name=\"robots\" content=\"index, follow, max-snippet:-1, max-image-preview:large, max-video-preview:-1\" \/>\n<link rel=\"canonical\" href=\"https:\/\/www.acmispa.it\/es\/contactos\/\" \/>\n<meta property=\"og:locale\" content=\"es_ES\" \/>\n<meta property=\"og:type\" content=\"article\" \/>\n<meta property=\"og:title\" content=\"Contactos &ndash; ACMI\" \/>\n<meta property=\"og:description\" content=\"Utilice nuestro formulario o cont\u00e1ctenos por email para recibir m\u00e1s informaci\u00f3n. ACMI estar\u00e1 encantado de satisfacer todas sus solicitudes.\" \/>\n<meta property=\"og:url\" content=\"https:\/\/www.acmispa.it\/es\/contactos\/\" \/>\n<meta property=\"og:site_name\" content=\"ACMI\" \/>\n<meta property=\"article:modified_time\" content=\"2025-01-17T11:38:01+00:00\" \/>\n<meta property=\"og:image\" content=\"https:\/\/www.acmispa.it\/wp-content\/uploads\/2021\/10\/ShareAcmi_share_1200x630-1200x630.jpg\" \/>\n\t<meta property=\"og:image:width\" content=\"1200\" \/>\n\t<meta property=\"og:image:height\" content=\"630\" \/>\n<meta name=\"twitter:card\" content=\"summary_large_image\" \/>\n<meta name=\"twitter:creator\" content=\"@AcmiSpa\" \/>\n<meta name=\"twitter:site\" content=\"@AcmiSpa\" \/>\n<script type=\"application\/ld+json\" class=\"yoast-schema-graph\">{\"@context\":\"https:\/\/schema.org\",\"@graph\":[{\"@type\":\"Organization\",\"@id\":\"https:\/\/www.acmispa.it\/es\/#organization\",\"name\":\"ACMI S.p.a.\",\"url\":\"https:\/\/www.acmispa.it\/es\/\",\"sameAs\":[\"https:\/\/www.linkedin.com\/company\/acmi-spa\/\",\"https:\/\/twitter.com\/AcmiSpa\"],\"logo\":{\"@type\":\"ImageObject\",\"@id\":\"https:\/\/www.acmispa.it\/es\/#logo\",\"inLanguage\":\"es-ES\",\"url\":\"https:\/\/www.acmispa.it\/wp-content\/uploads\/2021\/10\/ShareAcmi_share_1200x630.jpg\",\"width\":1200,\"height\":630,\"caption\":\"ACMI S.p.a.\"},\"image\":{\"@id\":\"https:\/\/www.acmispa.it\/es\/#logo\"}},{\"@type\":\"WebSite\",\"@id\":\"https:\/\/www.acmispa.it\/es\/#website\",\"url\":\"https:\/\/www.acmispa.it\/es\/\",\"name\":\"ACMI\",\"description\":\"\",\"publisher\":{\"@id\":\"https:\/\/www.acmispa.it\/es\/#organization\"},\"potentialAction\":[{\"@type\":\"SearchAction\",\"target\":\"https:\/\/www.acmispa.it\/es\/?s={search_term_string}\",\"query-input\":\"required name=search_term_string\"}],\"inLanguage\":\"es-ES\"},{\"@type\":[\"WebPage\",\"ContactPage\"],\"@id\":\"https:\/\/www.acmispa.it\/es\/contactos\/#webpage\",\"url\":\"https:\/\/www.acmispa.it\/es\/contactos\/\",\"name\":\"Contactos &ndash; ACMI\",\"isPartOf\":{\"@id\":\"https:\/\/www.acmispa.it\/es\/#website\"},\"datePublished\":\"2020-12-10T08:29:17+00:00\",\"dateModified\":\"2025-01-17T11:38:01+00:00\",\"description\":\"Utilice nuestro formulario o cont\\u00e1ctenos por email para recibir m\\u00e1s informaci\\u00f3n. ACMI estar\\u00e1 encantado de satisfacer todas sus solicitudes.\",\"inLanguage\":\"es-ES\",\"potentialAction\":[{\"@type\":\"ReadAction\",\"target\":[\"https:\/\/www.acmispa.it\/es\/contactos\/\"]}]}]}<\/script>\n<!-- \/ Yoast SEO plugin. -->","_links":{"self":[{"href":"https:\/\/www.acmispa.it\/es\/wp-json\/wp\/v2\/pages\/594\/"}],"collection":[{"href":"https:\/\/www.acmispa.it\/es\/wp-json\/wp\/v2\/pages\/"}],"about":[{"href":"https:\/\/www.acmispa.it\/es\/wp-json\/wp\/v2\/types\/page\/"}],"author":[{"embeddable":true,"href":"https:\/\/www.acmispa.it\/es\/wp-json\/wp\/v2\/users\/3\/"}],"replies":[{"embeddable":true,"href":"https:\/\/www.acmispa.it\/es\/wp-json\/wp\/v2\/comments\/?post=594"}],"version-history":[{"count":0,"href":"https:\/\/www.acmispa.it\/es\/wp-json\/wp\/v2\/pages\/594\/revisions\/"}],"wp:attachment":[{"href":"https:\/\/www.acmispa.it\/es\/wp-json\/wp\/v2\/media\/?parent=594"}],"curies":[{"name":"wp","href":"https:\/\/api.w.org\/{rel}","templated":true}]}}