{"id":6351,"date":"2021-09-17T11:23:59","date_gmt":"2021-09-17T09:23:59","guid":{"rendered":"https:\/\/www.acmispa.it\/?page_id=6351"},"modified":"2021-10-27T12:12:27","modified_gmt":"2021-10-27T10:12:27","slug":"cookie-policy","status":"publish","type":"page","link":"https:\/\/www.acmispa.it\/es\/cookie-policy\/","title":{"rendered":"Cookie Policy"},"content":{"rendered":"<h2><strong>POL\u00cdTICA DE COOKIES<\/strong><\/h2>\r\n<p>El sitio web <a href=\"https:\/\/www.acmispa.it\">www.acmispa.it<\/a> utiliza cookies para garantizar el correcto funcionamiento de los procedimientos y para mejorar la experiencia de uso de las aplicaciones por parte de los usuarios.<\/p>\r\n<p>Este documento proporciona informaci\u00f3n sobre el uso de cookies y de tecnolog\u00edas similares en este sitio web, los prop\u00f3sitos y los m\u00e9todos de control o inhabilitaci\u00f3n por parte del usuario.<\/p>\r\n\r\n<h3><strong>QU\u00c9 SON LAS COOKIES<\/strong><\/h3>\r\n<p>Las cookies son peque\u00f1os archivos de texto enviados desde un servidor a un dispositivo del usuario (generalmente al navegador de Internet) cuando accede a una p\u00e1gina de un sitio web. Las cookies permiten que el servidor web almacene informaci\u00f3n para ser reutilizada durante la misma visita al sitio (cookies de sesi\u00f3n) o posterior (cookies persistentes).<\/p>\r\n<p>Las cookies facilitan la navegaci\u00f3n del sitio, permiten la memorizaci\u00f3n de las p\u00e1ginas visitadas y otra informaci\u00f3n espec\u00edfica, como p\u00e1ginas consultadas con mayor frecuencia, errores de conexi\u00f3n, etc.<\/p>\r\n<p>Las cookies se almacenan, de acuerdo con las preferencias del usuario, mediante el \u00fanico navegador en el dispositivo espec\u00edfico utilizado (computadora, tableta, tel\u00e9fono inteligente).<\/p>\r\n<p>A menudo, los navegadores (Internet Explorer, Mozilla Firefox, Google Chrome, Safari, etc.) est\u00e1n configurados para aceptar autom\u00e1ticamente las cookies. Sin embargo, los usuarios pueden cambiar la configuraci\u00f3n predeterminada para deshabilitar o eliminar las cookies con la consecuencia, sin embargo, de impedir el acceso \u00f3ptimo a algunas \u00e1reas del Sitio. Por lo tanto, para un uso \u00f3ptimo de este sitio, ser\u00eda aconsejable que el usuario configure su navegador para que acepte la recepci\u00f3n de estas cookies.<\/p>\r\n<p>Adem\u00e1s, durante la navegaci\u00f3n, el usuario puede recibir cookies de diferentes sitios en su terminal (las denominadas cookies de &#8220;terceros&#8221;) configuradas directamente por los operadores de dichos sitios web y utilizadas para los fines y de acuerdo con los procedimientos definidos por ellos.<\/p>\r\n<h3><strong>TIPOS DE COOKIES<\/strong><\/h3>\r\n<p>En funci\u00f3n de las caracter\u00edsticas y el uso de las cookies, podemos distinguir las siguientes categor\u00edas:<\/p>\r\n<p><strong>a) Cookies t\u00e9cnicas:<\/strong> son cookies necesarias para la navegaci\u00f3n en un sitio web y el uso de sus funcionalidades, como por ej. para permitir una visualizaci\u00f3n correcta de las p\u00e1ginas o el acceso a \u00e1reas restringidas. Por lo tanto, deshabilitar estas cookies no permite dichas actividades. No se usan para otros fines y se pueden dividir en:<\/p>\r\n<ul>\r\n<li class=\"\">Cookies de navegaci\u00f3n o sesi\u00f3n: garantizan la navegaci\u00f3n y el uso normal del sitio web;<\/li>\r\n<li class=\"\">Cookies funcionales, que permiten al usuario navegar de acuerdo con un conjunto de criterios seleccionados (por ejemplo, el idioma) con el fin de mejorar el servicio prestado al usuario.<\/li>\r\n<\/ul>\r\n<p><strong>b) Cookies de prestaci\u00f3n:<\/strong> recopilan informaci\u00f3n sobre la eficacia de las respuestas de un sitio web a las solicitudes del usuario de forma an\u00f3nima, con el \u00fanico objetivo de mejorar la funcionalidad del sitio web; por ejemplo, qu\u00e9 p\u00e1ginas visita con m\u00e1s frecuencia el usuario, y si ha habido errores o retrasos en la entrega de p\u00e1ginas web.<\/p>\r\n<p><strong>c) Cookies de perfil:<\/strong> est\u00e1n destinadas a crear perfiles relacionados con el usuario y se utilizan para enviar mensajes publicitarios de acuerdo con las preferencias expresadas por el mismo en el contexto de la navegaci\u00f3n por la red.<\/p>\r\n<h3><strong>COOKIES DE TERCEROS<\/strong><\/h3>\r\n<p>Al visitar el sitio web <a href=\"https:\/\/www.acmispa.it\">www.acmispa.it<\/a>, el usuario podr\u00eda recibir en su dispositivo tambi\u00e9n las cookies de sitios administrados por otras organizaciones (las llamadas &#8220;cookies de terceros&#8221;): esto sucede porque en el sitio web puede haber elementos como, por ejemplo, im\u00e1genes, mapas, enlaces espec\u00edficos a p\u00e1ginas web de sitios o servicios web.<\/p>\r\n<p>Estas cookies pueden ser enviadas al navegador del usuario por compa\u00f1\u00edas externas directamente desde sus sitios web a los que se puede acceder navegando en el sitio web <a href=\"https:\/\/www.acmispa.it\">www.acmispa.it<\/a>.<\/p>\r\n<p>A los efectos de la transparencia de la informaci\u00f3n, a continuaci\u00f3n se incluye una lista de los servicios de terceros en el sitio, los prop\u00f3sitos y los enlaces a las p\u00e1ginas de informaci\u00f3n de los distintos servicios:<\/p>\r\n<p><strong>Google Analytics<\/strong><\/p>\r\n<p>El sitio web utiliza Google Analytics, un servicio de an\u00e1lisis de tr\u00e1fico web proporcionado por Google, Inc. (&#8220;Google&#8221;). Este servicio se utiliza para recopilar datos estad\u00edsticos an\u00f3nimos que nos permiten mejorar la experiencia del usuario del sitio web. Google Analytics utiliza las &#8220;cookies&#8221; para recopilar y analizar informaci\u00f3n sobre c\u00f3mo los usuarios interact\u00faan con el sitio web en forma agregada (por ejemplo, p\u00e1ginas visitadas, origen geogr\u00e1fico de los visitantes, etc.). Google almacena la informaci\u00f3n recopilada en sus servidores en los Estados Unidos.<br \/>Los datos generados por Google Analytics son almacenados por Google como se indica en el Informe disponible en el siguiente enlace <a href=\"https:\/\/support.google.com\/analytics\/answer\/6004245?hl=it\">https:\/\/support.google.com\/analytics\/answer\/6004245?hl=it<\/a> <br \/>Para consultar la pol\u00edtica de privacidad de Google Inc., el titular aut\u00f3nomo del tratamiento de datos relacionados con el servicio Google Analytics, v\u00e9ase el sitio web: <a href=\"http:\/\/www.google.com\/intl\/it\/policies\/privacy\">http:\/\/www.google.com\/intl\/it\/policies\/privacy<\/a> <br \/>El usuario puede deshabilitar Google Analytics instalando en su navegador el componente de exclusi\u00f3n voluntaria adicional proporcionado por Google: <a href=\"https:\/\/tools.google.com\/dlpage\/gaoptout\">https:\/\/tools.google.com\/dlpage\/gaoptout. <\/a>Estas son cookies para recopilar informaci\u00f3n estad\u00edstica de forma an\u00f3nima sobre los modos de navegaci\u00f3n de los usuarios que interact\u00faan con el sitio, proporcionando informaci\u00f3n sobre las \u00e1reas visitadas, el tiempo dedicado o la cantidad de clics realizados en una p\u00e1gina espec\u00edfica. Esta informaci\u00f3n nos permite mejorar el rendimiento y mejorar la seguridad de nuestro sitio web.<\/p>\r\n<p><strong>Google Maps<\/strong><br \/>En algunas p\u00e1ginas hay mapas interactivos provistos por Google, que podr\u00edan instalar cookies para detectar informaci\u00f3n y preferencias relacionadas con este servicio.<br \/>Para obtener m\u00e1s informaci\u00f3n sobre el uso de cookies por parte de Google, consulte la pol\u00edtica de privacidad de Google: <a href=\"http:\/\/www.google.com\/intl\/it\/policies\/privacy\">http:\/\/www.google.com\/intl\/it\/policies\/privacy<\/a>.<\/p>\r\n<p><strong>YouTube<\/strong><br \/>En algunas p\u00e1ginas hay videos publicados en You Tube, que podr\u00edan instalar cookies para detectar preferencias sobre el uso de este servicio. Para obtener m\u00e1s informaci\u00f3n sobre c\u00f3mo YouTube usa cookies, consulte la pol\u00edtica de privacidad <a href=\"http:\/\/www.google.com\/intl\/it\/policies\/privacy\">http:\/\/www.google.com\/intl\/it\/policies\/privacy<\/a>.<\/p>\r\n<p><strong>Remarketing y Segmentaci\u00f3n por comportamiento<\/strong><br \/>Las cookies publicitarias manejadas por terceros pueden almacenarse en el dispositivo del usuario por terceros anunciantes, las redes publicitarias, los servicios de intercambio de datos y an\u00e1lisis de marketing y otros proveedores de servicios Las cookies para la publicidad dirigida administrada por terceros recopilan informaci\u00f3n sobre la navegaci\u00f3n del usuario en distintos sitios web y en los servicios en l\u00ednea para ver publicidad pertinente en los sitios web y en los servicios en l\u00ednea nuestros y de terceros. Las redes publicitarias pueden compartir esta informaci\u00f3n con los anunciantes que usan su red. La informaci\u00f3n recopilada utilizando estas cookies para publicidad dirigida administrada por terceros no identifica personalmente al usuario.<\/p>\r\n<p><strong>AdWords Remarketing de Google: <a href=\"http:\/\/www.google.com\/policies\/privacy\/\">http:\/\/www.google.com\/policies\/privacy\/<\/a><\/strong><br \/>AdWords Remarketing es un servicio de segmentaci\u00f3n por comportamiento y remarketing proporcionado por Google Inc. que vincula la actividad de esta Aplicaci\u00f3n con la red de publicidad de Adwords y Doubleclick Cookie. Datos personales recopilados: Cookies y datos de uso. Lugar del tratamiento: USA<br \/>Privacy Policy &#8211; <a href=\"https:\/\/policies.google.com\/privacy?hl=it\">https:\/\/policies.google.com\/privacy?hl=it<\/a><br \/>Opt Out &#8211; <a href=\"https:\/\/support.google.com\/ads\/answer\/2662922?hl=it\">https:\/\/support.google.com\/ads\/answer\/2662922?hl=it<\/a><\/p>\r\n<p><strong>Facebook Remarketing (Facebook, Inc.)<\/strong><br \/>Facebook Remarketing es un servicio de remarketing y segmentaci\u00f3n por comportamiento proporcionado por Facebook, Inc. que conecta la actividad de esta Aplicaci\u00f3n con la red publicitaria de Facebook.<br \/>Datos personales recopilados: Cookies y datos de uso. Lugar del tratamiento: USA<br \/>Privacy Policy &#8211; <a href=\"https:\/\/www.facebook.com\/about\/privacy\/\">https:\/\/www.facebook.com\/about\/privacy\/<\/a><br \/>Opt Out &#8211; <a href=\"http:\/\/optout.aboutads.info\/?c=2&amp;lang=EN\">http:\/\/optout.aboutads.info\/?c=2&amp;lang=EN<\/a><\/p>\r\n<p><strong>Social Network<\/strong><br \/>En las p\u00e1ginas del sitio hay botones y widgets de Social Network para facilitar la interacci\u00f3n con las plataformas sociales y el enlace a las p\u00e1ginas del titular en diferentes plataformas.<br \/>Para obtener m\u00e1s informaci\u00f3n, a continuaci\u00f3n se muestran las direcciones web de las informaciones y los m\u00e9todos para administrar las cookies de las distintas redes sociales:<\/p>\r\n<p>\u2022 Twitter: <a href=\"https:\/\/help.twitter.com\/it\/rules-and-policies\/twitter-cookies\">link<\/a><\/p>\r\n<p>\u2022 Google+: <a href=\"https:\/\/policies.google.com\/technologies\/cookies\">link<\/a><\/p>\r\n<p>\u2022 LinkedIn: <a href=\"https:\/\/www.linkedin.com\/legal\/privacy-policy\">link<\/a><\/p>\r\n<p><strong>JWPlayer<\/strong><br \/>Plataforma para la gesti\u00f3n y la incrustaci\u00f3n de videos: <a href=\"http:\/\/www.jwplayer.com\/privacy\/\">http:\/\/www.jwplayer.com\/privacy\/<\/a><\/p>\r\n<p><strong>Recaptcha<\/strong><br \/>Servicio de protecci\u00f3n contra SPAM provisto por Google: <a href=\"http:\/\/www.google.com\/intl\/it\/policies\/privacy\/\">http:\/\/www.google.com\/intl\/it\/policies\/privacy\/<\/a><\/p>\r\n<p><strong>Skype<\/strong><br \/>Skype es un servicio de mensajer\u00eda instant\u00e1nea y llamadas VOIP proporcionadas por Microsoft Inc.<br \/>Para consultar la pol\u00edtica completa de privacidad de Skype, v\u00e9ase el siguiente enlace: <a href=\"https:\/\/www.microsoft.com\/privacystatement\/it-it\/skype\/default.aspx#cookies\">https:\/\/www.microsoft.com\/privacystatement\/it-it\/skype\/default.aspx#cookies<\/a><\/p>\r\n<p><strong>Flippingbook<\/strong><br \/>FlippingBook Publisher es una aplicaci\u00f3n de autoedici\u00f3n con la que puede crear libros, revistas y todo tipo de publicaciones digitales y publicarlas en l\u00ednea: <a href=\"http:\/\/flippingbook.com\/help\/legal\/privacy-policy-and-disclaimer\">http:\/\/flippingbook.com\/help\/legal\/privacy-policy-and-disclaimer<\/a><\/p>\r\n<h3><strong>GESTI\u00d3N DE LAS COOKIES<\/strong><\/h3>\r\n<p>El usuario puede decidir si aceptar o no las cookies usando la configuraci\u00f3n de su navegador.<br \/>A continuaci\u00f3n se encuentran los enlaces a las p\u00e1ginas de informaci\u00f3n de los principales navegadores<\/p>\r\n<p>* Chrome: <a href=\"https:\/\/support.google.com\/chrome\/answer\/95647?hl=it\">link<\/a><br \/>* Firefox: <a href=\"https:\/\/support.mozilla.org\/it\/kb\/Gestione%20dei%20cookie\">link<\/a><br \/>* Internet Explorer: <a href=\"https:\/\/support.microsoft.com\/it-it\/windows\/eliminare-e-gestire-i-cookie-168dab11-0753-043d-7c16-ede5947fc64d#ie=ie-11\">link<\/a><br \/>* Safari: <a href=\"https:\/\/support.apple.com\/it-it\/HT201265\">link<\/a><\/p>\r\n<p>Le recordamos que si elige bloquear la recepci\u00f3n de las cookies, esto puede comprometer o impedir el correcto funcionamiento del sitio web.<\/p>\r\n<h3><strong>OTRA INFORMACI\u00d3N<\/strong><\/h3>\r\n<p>Para obtener m\u00e1s informaci\u00f3n sobre el uso de cookies y c\u00f3mo bloquearlas, puede visitar lo siguiente sitio: <br \/>* <a href=\"http:\/\/www.youronlinechoices.eu\">www.youronlinechoices.eu<\/a><\/p>\r\n<p><script id=\"CookieDeclaration\" src=\"https:\/\/consent.cookiebot.com\/fc3c1832-a189-415d-951d-f8d263552f5e\/cd.js\" type=\"text\/javascript\" async><\/script><\/p>","protected":false},"excerpt":{"rendered":"<p>POL\u00cdTICA DE COOKIES El sitio web www.acmispa.it utiliza cookies para garantizar el correcto funcionamiento de los procedimientos y para mejorar la experiencia de uso de las aplicaciones por parte de los usuarios. Este documento proporciona informaci\u00f3n sobre el uso de cookies y de tecnolog\u00edas similares en este sitio web, los prop\u00f3sitos y los m\u00e9todos de [&hellip;]<\/p>\n","protected":false},"author":4,"featured_media":0,"parent":0,"menu_order":0,"comment_status":"closed","ping_status":"open","template":"page-testo.php","meta":[],"yoast_head":"<!-- This site is optimized with the Yoast SEO plugin v15.2.1 - https:\/\/yoast.com\/wordpress\/plugins\/seo\/ -->\n<meta name=\"description\" content=\"Nuestro sitio web utiliza cookies para garantizar el correcto funcionamiento de los procedimientos y mejorar la experiencia del usuario.\" \/>\n<meta name=\"robots\" content=\"index, follow, max-snippet:-1, max-image-preview:large, max-video-preview:-1\" \/>\n<link rel=\"canonical\" href=\"https:\/\/www.acmispa.it\/es\/cookie-policy\/\" \/>\n<meta property=\"og:locale\" content=\"es_ES\" \/>\n<meta property=\"og:type\" content=\"article\" \/>\n<meta property=\"og:title\" content=\"Cookie Policy &ndash; ACMI\" \/>\n<meta property=\"og:description\" content=\"Nuestro sitio web utiliza cookies para garantizar el correcto funcionamiento de los procedimientos y mejorar la experiencia del usuario.\" \/>\n<meta property=\"og:url\" content=\"https:\/\/www.acmispa.it\/es\/cookie-policy\/\" \/>\n<meta property=\"og:site_name\" content=\"ACMI\" \/>\n<meta property=\"article:modified_time\" content=\"2021-10-27T10:12:27+00:00\" \/>\n<meta property=\"og:image\" content=\"https:\/\/www.acmispa.it\/wp-content\/uploads\/2021\/10\/ShareAcmi_share_1200x630-1200x630.jpg\" \/>\n\t<meta property=\"og:image:width\" content=\"1200\" \/>\n\t<meta property=\"og:image:height\" content=\"630\" \/>\n<meta name=\"twitter:card\" content=\"summary_large_image\" \/>\n<meta name=\"twitter:creator\" content=\"@AcmiSpa\" \/>\n<meta name=\"twitter:site\" content=\"@AcmiSpa\" \/>\n<script type=\"application\/ld+json\" class=\"yoast-schema-graph\">{\"@context\":\"https:\/\/schema.org\",\"@graph\":[{\"@type\":\"Organization\",\"@id\":\"https:\/\/www.acmispa.it\/es\/#organization\",\"name\":\"ACMI S.p.a.\",\"url\":\"https:\/\/www.acmispa.it\/es\/\",\"sameAs\":[\"https:\/\/www.linkedin.com\/company\/acmi-spa\/\",\"https:\/\/twitter.com\/AcmiSpa\"],\"logo\":{\"@type\":\"ImageObject\",\"@id\":\"https:\/\/www.acmispa.it\/es\/#logo\",\"inLanguage\":\"es-ES\",\"url\":\"https:\/\/www.acmispa.it\/wp-content\/uploads\/2021\/10\/ShareAcmi_share_1200x630.jpg\",\"width\":1200,\"height\":630,\"caption\":\"ACMI S.p.a.\"},\"image\":{\"@id\":\"https:\/\/www.acmispa.it\/es\/#logo\"}},{\"@type\":\"WebSite\",\"@id\":\"https:\/\/www.acmispa.it\/es\/#website\",\"url\":\"https:\/\/www.acmispa.it\/es\/\",\"name\":\"ACMI\",\"description\":\"\",\"publisher\":{\"@id\":\"https:\/\/www.acmispa.it\/es\/#organization\"},\"potentialAction\":[{\"@type\":\"SearchAction\",\"target\":\"https:\/\/www.acmispa.it\/es\/?s={search_term_string}\",\"query-input\":\"required name=search_term_string\"}],\"inLanguage\":\"es-ES\"},{\"@type\":\"WebPage\",\"@id\":\"https:\/\/www.acmispa.it\/es\/cookie-policy\/#webpage\",\"url\":\"https:\/\/www.acmispa.it\/es\/cookie-policy\/\",\"name\":\"Cookie Policy &ndash; ACMI\",\"isPartOf\":{\"@id\":\"https:\/\/www.acmispa.it\/es\/#website\"},\"datePublished\":\"2021-09-17T09:23:59+00:00\",\"dateModified\":\"2021-10-27T10:12:27+00:00\",\"description\":\"Nuestro sitio web utiliza cookies para garantizar el correcto funcionamiento de los procedimientos y mejorar la experiencia del usuario.\",\"inLanguage\":\"es-ES\",\"potentialAction\":[{\"@type\":\"ReadAction\",\"target\":[\"https:\/\/www.acmispa.it\/es\/cookie-policy\/\"]}]}]}<\/script>\n<!-- \/ Yoast SEO plugin. -->","_links":{"self":[{"href":"https:\/\/www.acmispa.it\/es\/wp-json\/wp\/v2\/pages\/6351\/"}],"collection":[{"href":"https:\/\/www.acmispa.it\/es\/wp-json\/wp\/v2\/pages\/"}],"about":[{"href":"https:\/\/www.acmispa.it\/es\/wp-json\/wp\/v2\/types\/page\/"}],"author":[{"embeddable":true,"href":"https:\/\/www.acmispa.it\/es\/wp-json\/wp\/v2\/users\/4\/"}],"replies":[{"embeddable":true,"href":"https:\/\/www.acmispa.it\/es\/wp-json\/wp\/v2\/comments\/?post=6351"}],"version-history":[{"count":0,"href":"https:\/\/www.acmispa.it\/es\/wp-json\/wp\/v2\/pages\/6351\/revisions\/"}],"wp:attachment":[{"href":"https:\/\/www.acmispa.it\/es\/wp-json\/wp\/v2\/media\/?parent=6351"}],"curies":[{"name":"wp","href":"https:\/\/api.w.org\/{rel}","templated":true}]}}