{"id":6773,"date":"2022-04-01T18:03:17","date_gmt":"2022-04-01T16:03:17","guid":{"rendered":"https:\/\/www.acmispa.it\/?page_id=6773"},"modified":"2022-04-01T18:03:17","modified_gmt":"2022-04-01T16:03:17","slug":"electricista-instalador-electrico","status":"publish","type":"page","link":"https:\/\/www.acmispa.it\/es\/trabaja-con-nosotros\/electricista-instalador-electrico\/","title":{"rendered":"ELECTRICISTA\/INSTALADOR EL\u00c9CTRICO"},"content":{"rendered":"<p>[vc_row][vc_column]<!-- og image -->\n\n  <!--****https:\/\/www.acmispa.it\/wp-content\/uploads\/2022\/02\/Lavora-con-noi_Acmi-1200x630.jpg****-->\n \n<!-- og image -->\n\n  <!--****@ELECTRICISTA\/INSTALADOR EL\u00c9CTRICO@****-->\n  \n<section class=\"rowMin bigBanner\" id=\"riga0\">\n  <div id=\"69fb1a9484a35\" class=\"innerBanner ar_lazy ar_wait\"  data-image=\"https:\/\/www.acmispa.it\/wp-content\/uploads\/2022\/02\/Lavora-con-noi_Acmi.jpg\">\n    <img data-target=\"#69fb1a9484a35\"class=\"ar_s_load\" src=\"https:\/\/www.acmispa.it\/wp-content\/uploads\/2022\/02\/Lavora-con-noi_Acmi.jpg\"  >\n    <div class=\"filter\"><\/div>\n    <header class=\"animateEl\" data-animate=\"fadeInUp\" data-duration=\".6s\" data-delay=\"0.2s\">\n      <h1>Trabaja con nosotros<\/h1>\t\t\t\t\t\t\n    <\/header>\n    <div class=\"leftArea animateEl\" data-animate=\"fadeInUp\" data-duration=\".6s\" data-delay=\"0.2s\">\n      <h2>ELECTRICISTA\/INSTALADOR EL\u00c9CTRICO<\/h2>    <\/div>\n      <\/div>\n  <div class=\"lateralCTA\">\n    <div class=\"innerWrap\">\n    <div class=\"ctaEl animateEl\" data-animate=\"fadeInRight\" data-duration=\".6s\" data-delay=\"0.2s\">\n        <a class=\"pointer download_br openLayerPop\" lpID=\"form69fb1a9484786\" title=\"BROCHURE\">\n          <img  loading=\"lazy\" src=\"\/wp-content\/uploads\/2020\/12\/brochure.svg\" alt=\"BROCHURE\">\n          <span>BROCHURE<\/span>\n        <\/a>\n    <\/div>\n    \n    <div class=\"ctaEl animateEl\" data-animate=\"fadeInRight\" data-duration=\".6s\" data-delay=\"0.3s\">\n        <a href=\"\/es\/contactos\/\" title=\"Contactos\">\n          <img  loading=\"lazy\" src=\"\/wp-content\/uploads\/2020\/12\/contactMe.svg\" alt=\"Contactos\">\n          <span>Cont\u00e1ctos<\/span>\n        <\/a>\n      <\/div>\n    \n      \n      \n    <\/div>\n  <\/div>\n  \n  <!-- form -->\n  \t<div class=\"LayerPopMsg form69fb1a9484786 move_to_LayerPopOverlay\">\n\t\t<span class=\"LayerPopCloseBtn closeBtn\"><img class=\"closeMenu\" src=\"https:\/\/www.acmispa.it\/wp-content\/themes\/acmi\/static\/img\/icon\/closeColored.svg\"><\/span>\n\t\t<div class=\"rowMin\">\n\t\t\t<div class=\"row formArea\">\n\t\t\t\t<!-- <form class=\"row\"> -->\n\t\t\t\t<span class=\"formTitle\">DESCARGUE EL FOLLETO<\/span>\n\t\t\t\t<p>Rellene el formulario para descargar la informaci\u00f3n sobre ACMI S.p.A<\/p>\n\t\t\t\t<div class=\"row cf7_popup_container no_textarea form-popup-magic\" data-tipo=\"download_brochure\">\n\t\t\t\t\t<div role=\"form\" class=\"wpcf7\" id=\"wpcf7-f6536-o1\" lang=\"it-IT\" dir=\"ltr\">\n<div class=\"screen-reader-response\"><p role=\"status\" aria-live=\"polite\" aria-atomic=\"true\"><\/p> <ul><\/ul><\/div>\n<form action=\"\/es\/wp-json\/wp\/v2\/pages\/6773\/#wpcf7-f6536-o1\" method=\"post\" class=\"wpcf7-form init\" novalidate=\"novalidate\" data-status=\"init\" id=\"cf7-form-69fb1a9484c49\">\n<div style=\"display: none;\">\n<input type=\"hidden\" name=\"_wpcf7\" value=\"6536\" \/>\n<input type=\"hidden\" name=\"_wpcf7_version\" value=\"5.3\" \/>\n<input type=\"hidden\" name=\"_wpcf7_locale\" value=\"it_IT\" \/>\n<input type=\"hidden\" name=\"_wpcf7_unit_tag\" value=\"wpcf7-f6536-o1\" \/>\n<input type=\"hidden\" name=\"_wpcf7_container_post\" value=\"0\" \/>\n<input type=\"hidden\" name=\"_wpcf7_posted_data_hash\" value=\"\" \/>\n<\/div>\n<div class=\"formGroup\"><span class=\"wpcf7-form-control-wrap nome\"><input type=\"text\" name=\"nome\" value=\"\" size=\"40\" class=\"wpcf7-form-control wpcf7-text wpcf7-validates-as-required\" aria-required=\"true\" aria-invalid=\"false\" placeholder=\"Nombre*\" \/><\/span><\/div>\n<p><span id=\"wpcf7-69fb1a9484fa3-wrapper\" class=\"wpcf7-form-control-wrap website-fax-form-popup-es-wrap\" ><input type=\"hidden\" name=\"website-fax-form-popup-es-time-start\" value=\"1778064020\"><input type=\"hidden\" name=\"website-fax-form-popup-es-time-check\" value=\"10\"><input id=\"wpcf7-69fb1a9484fa3-field\"  placeholder=\"Fax\"  class=\"wpcf7-form-control wpcf7-text\" type=\"text\" name=\"website-fax-form-popup-es\" value=\"\" size=\"40\" tabindex=\"-1\" autocomplete=\"off\" \/><\/span><\/p>\n<div class=\"formGroup\"><span class=\"wpcf7-form-control-wrap cognome\"><input type=\"text\" name=\"cognome\" value=\"\" size=\"40\" class=\"wpcf7-form-control wpcf7-text wpcf7-validates-as-required\" aria-required=\"true\" aria-invalid=\"false\" placeholder=\"Apellido*\" \/><\/span><\/div>\n<div class=\"formGroup\">\n<span class=\"wpcf7-form-control-wrap JobFunction\"><input type=\"text\" name=\"JobFunction\" value=\"\" size=\"40\" class=\"wpcf7-form-control wpcf7-text wpcf7-validates-as-required\" aria-required=\"true\" aria-invalid=\"false\" placeholder=\"Rol corporativo*\" \/><\/span>\n<\/div>\n<div class=\"formGroup\"><span class=\"wpcf7-form-control-wrap azienda\"><input type=\"text\" name=\"azienda\" value=\"\" size=\"40\" class=\"wpcf7-form-control wpcf7-text wpcf7-validates-as-required\" aria-required=\"true\" aria-invalid=\"false\" placeholder=\"Empresa*\" \/><\/span><\/div>\n<div class=\"formGroup\"><span class=\"wpcf7-form-control-wrap nazione\"><input type=\"text\" name=\"nazione\" value=\"\" size=\"40\" class=\"wpcf7-form-control wpcf7-text wpcf7-validates-as-required\" aria-required=\"true\" aria-invalid=\"false\" placeholder=\"Pa\u00eds*\" \/><\/span><\/div>\n<div class=\"formGroup\"><span class=\"wpcf7-form-control-wrap email\"><input type=\"email\" name=\"email\" value=\"\" size=\"40\" class=\"wpcf7-form-control wpcf7-text wpcf7-email wpcf7-validates-as-required wpcf7-validates-as-email\" aria-required=\"true\" aria-invalid=\"false\" placeholder=\"E-mail*\" \/><\/span><\/div>\n<div class=\"formGroup\"><span class=\"wpcf7-form-control-wrap messaggio\"><textarea name=\"messaggio\" cols=\"40\" rows=\"10\" class=\"wpcf7-form-control wpcf7-textarea\" aria-invalid=\"false\" placeholder=\"Mensaje\"><\/textarea><\/span><\/div>\n<div class=\"formGroup littleInput\"><label><span class=\"wpcf7-form-control-wrap privacy\"><span class=\"wpcf7-form-control wpcf7-acceptance\"><span class=\"wpcf7-list-item\"><input type=\"checkbox\" name=\"privacy\" value=\"1\" aria-invalid=\"false\" \/><\/span><\/span><\/span> Autorizo a ACMI SpA a procesar mis datos personales de acuerdo con las normas de privacidad para proceder con la solicitud. Lea la pol\u00edtica de privacidad completa. <a href=\"\/es\/privacy-policy\/\" target=\"_blank\">Lea la pol\u00edtica de privacidad.<\/a><\/label><\/div>\n<div class=\"formGroup littleInput\"><label><span class=\"wpcf7-form-control-wrap marketing\"><span class=\"wpcf7-form-control wpcf7-acceptance optional\"><span class=\"wpcf7-list-item\"><input type=\"checkbox\" name=\"marketing\" value=\"1\" aria-invalid=\"false\" \/><\/span><\/span><\/span> Autorizo a ACMI SpA a tratar mis datos personales con fines de comunicaci\u00f3n comercial, tambi\u00e9n a trav\u00e9s de correo electr\u00f3nico, el fax y los SMS.<\/label><\/div>\n<p><span class=\"wpcf7-form-control-wrap pagina\"><input type=\"text\" name=\"pagina\" value=\"\" size=\"40\" class=\"wpcf7-form-control wpcf7-text pagina-campo\" aria-invalid=\"false\" \/><\/span><br \/>\n<span class=\"wpcf7-form-control-wrap modulo\"><input type=\"text\" name=\"modulo\" value=\"\" size=\"40\" class=\"wpcf7-form-control wpcf7-text modulo-campo\" aria-invalid=\"false\" \/><\/span><\/p>\n<div class=\"formGroup\"><input type=\"submit\" value=\"Enviar\" class=\"wpcf7-form-control wpcf7-submit btn button_submit\" \/><\/div>\n<div class=\"wpcf7-response-output\" aria-hidden=\"true\"><\/div><\/form><\/div>\t\t\n\t\t\t\t<\/div>\n\t\t\t  <div class=\"wrap-success\">\n\t\t\t\t<p>Gracias por rellenar el formulario <\/p>\n\t\t\t\t<a class=\"btn btn_brochure_auto\" href=\"https:\/\/www.acmispa.it\/wp-content\/uploads\/2025\/01\/CompanyProfile_web2025-EN.pdf\" download>Haga clic aqu\u00ed para descargar el archivo<\/a>\n\t\t\t  <\/div>\n\t\t\t\t<!-- <\/form> -->\n\t\t\t<\/div>\n\t\t<\/div>\n\t<\/div>\n  <!-- fine form -->\n<\/section>\n\n\n\n<!-- - --><main class=\"row testo_istituzionale_render\">\n  <section class=\"rowMin  centeredBlock  animateEl \" data-animate=\"fadeIn\" data-duration=\".6s\" data-delay=\"0.2s\" style=\"background-color:transparent\" id=\"\">\n    <div class=\"maxWidthBlock alignLeft\">\n      <h2>Trabaja con nosotros<\/h2>\n      <div ><h3>POS. 4 \u2013 ELECTRICISTA\/INSTALADOR EL\u00c9CTRICO<\/h3><p class=\"\">Con el fin de reforzar nuestro departamento de talleres y el Customer Service, buscamos electricistas\/instaladores el\u00e9ctricos.<\/p>\n<p>El candidato se encargar\u00e1 de:<\/p>\n<ul>\n<li>- instalaci\u00f3n de dispositivos el\u00e9ctricos industriales a bordo de las m\u00e1quinas;<\/li>\n<li>- instalaci\u00f3n de fotoc\u00e9lulas y sensores;<\/li>\n<li>- montaje de motores el\u00e9ctricos;<\/li>\n<li>- cableado y gesti\u00f3n de los cuadros el\u00e9ctricos;<\/li>\n<li>- pruebas de los componentes instalados (fotoc\u00e9lulas, sensores, motores el\u00e9ctricos, etc.);<\/li>\n<li>- desmontaje de los componentes el\u00e9ctricos y preparaci\u00f3n para su entrega;<\/li>\n<li>- instalaci\u00f3n y mantenimiento de la m\u00e1quina en las instalaciones del cliente.<\/li>\n<\/ul>\n<p>Lo que pedimos:<\/p>\n<ul>\n<li>- diploma t\u00e9cnico el\u00e9ctrico\/electr\u00f3nico de escuela secundaria;<\/li>\n<li>- capacidad de lectura de dibujos CAD;<\/li>\n<li>- precisi\u00f3n y atenci\u00f3n a los detalles;<\/li>\n<li>- capacidad para trabajar en equipo;<\/li>\n<li>- disponibilidad para viajar a nivel nacional e internacional.<\/li>\n<\/ul>\n<p>El recurso reportar\u00e1 directamente a la Gerencia de Obra, mientras que la clasificaci\u00f3n y la remuneraci\u00f3n estar\u00e1n en consonancia con el nivel de profesionalidad y las competencias demostradas.<\/p>\n<p>Lugar de trabajo: Fornovo Taro (PR), Italia.<\/p><\/div>    \n      <div class=\"timelineWraptarget\">\n      <\/div>\n    <\/div>\n  <\/section>\n<\/main>  <main class=\"row ar_section_form_container\">\r\n    <section class=\"rowMin ar_section_form centeredBlock animateEl fadeIn animated\" data-animate=\"fadeIn\" data-duration=\".6s\" data-delay=\"0.2s\" id=\"storiaBlock\" style=\"animation-duration: 0.6s; animation-delay: 0.2s; visibility: visible;\">\r\n\t\t\t<div class=\"maxWidthBlock alignLeft ar_left_form\">\r\n                <div class=\"formArea\">\r\n                              <span class=\"formTitle ar-move-inner\" data-target=\"#69fb1a94852e8\">INOLTRO CANDIDATURA<\/span>\r\n          <div id=\"69fb1a94852e8\">\r\n          <div role=\"form\" class=\"wpcf7\" id=\"wpcf7-f356-o2\" lang=\"it-IT\" dir=\"ltr\">\n<div class=\"screen-reader-response\"><p role=\"status\" aria-live=\"polite\" aria-atomic=\"true\"><\/p> <ul><\/ul><\/div>\n<form action=\"\/es\/wp-json\/wp\/v2\/pages\/6773\/#wpcf7-f356-o2\" method=\"post\" class=\"wpcf7-form init\" enctype=\"multipart\/form-data\" novalidate=\"novalidate\" data-status=\"init\" id=\"cf7-form-69fb1a94852e9\">\n<div style=\"display: none;\">\n<input type=\"hidden\" name=\"_wpcf7\" value=\"356\" \/>\n<input type=\"hidden\" name=\"_wpcf7_version\" value=\"5.3\" \/>\n<input type=\"hidden\" name=\"_wpcf7_locale\" value=\"it_IT\" \/>\n<input type=\"hidden\" name=\"_wpcf7_unit_tag\" value=\"wpcf7-f356-o2\" \/>\n<input type=\"hidden\" name=\"_wpcf7_container_post\" value=\"0\" \/>\n<input type=\"hidden\" name=\"_wpcf7_posted_data_hash\" value=\"\" \/>\n<\/div>\n<p><label>Nome*<\/label><br \/>\n<span class=\"wpcf7-form-control-wrap nome\"><input type=\"text\" name=\"nome\" value=\"\" size=\"40\" class=\"wpcf7-form-control wpcf7-text wpcf7-validates-as-required\" aria-required=\"true\" aria-invalid=\"false\" \/><\/span><br \/>\n<span id=\"wpcf7-69fb1a94855af-wrapper\" class=\"wpcf7-form-control-wrap website-fax-lavora-wrap\" ><input type=\"hidden\" name=\"website-fax-lavora-time-start\" value=\"1778064020\"><input type=\"hidden\" name=\"website-fax-lavora-time-check\" value=\"10\"><input id=\"wpcf7-69fb1a94855af-field\"  placeholder=\"Fax\"  class=\"wpcf7-form-control wpcf7-text\" type=\"text\" name=\"website-fax-lavora\" value=\"\" size=\"40\" tabindex=\"-1\" autocomplete=\"off\" \/><\/span><\/p>\n<p><label>Cognome*<\/label><br \/>\n<span class=\"wpcf7-form-control-wrap cognome\"><input type=\"text\" name=\"cognome\" value=\"\" size=\"40\" class=\"wpcf7-form-control wpcf7-text wpcf7-validates-as-required\" aria-required=\"true\" aria-invalid=\"false\" \/><\/span><\/p>\n<p><label>Nazione*<\/label><br \/>\n<span class=\"wpcf7-form-control-wrap nazione\"><input type=\"text\" name=\"nazione\" value=\"\" size=\"40\" class=\"wpcf7-form-control wpcf7-text wpcf7-validates-as-required\" aria-required=\"true\" aria-invalid=\"false\" \/><\/span><\/p>\n<p><label>Email*<\/label><br \/>\n<span class=\"wpcf7-form-control-wrap email\"><input type=\"email\" name=\"email\" value=\"\" size=\"40\" class=\"wpcf7-form-control wpcf7-text wpcf7-email wpcf7-validates-as-required wpcf7-validates-as-email\" aria-required=\"true\" aria-invalid=\"false\" \/><\/span><\/p>\n<p><label>Stabilimento per cui si invia la candidatura<\/label><br \/>\n<span class=\"wpcf7-form-control-wrap stabilimento\"><select name=\"stabilimento\" class=\"wpcf7-form-control wpcf7-select wpcf7-validates-as-required\" id=\"stabilimento-select\" aria-required=\"true\" aria-invalid=\"false\"><option value=\"---\">---<\/option><option value=\"Fornovo Taro (PR) - IT\">Fornovo Taro (PR) - IT<\/option><option value=\"Ramoscello di Sorbolo (PR) - IT\">Ramoscello di Sorbolo (PR) - IT<\/option><option value=\"Mozzecane (VR) - IT\">Mozzecane (VR) - IT<\/option><\/select><\/span><\/p>\n<p><label>Note<\/label><br \/>\n    <span class=\"wpcf7-form-control-wrap your-message\"><textarea name=\"your-message\" cols=\"40\" rows=\"10\" class=\"wpcf7-form-control wpcf7-textarea\" aria-invalid=\"false\"><\/textarea><\/span><\/p>\n<div class=\"formGroup uploadFile file_IT\" data-label=\"carica curriculum\">\n<span class=\"wpcf7-form-control-wrap file-812\"><input type=\"file\" name=\"file-812\" size=\"40\" class=\"wpcf7-form-control wpcf7-file wpcf7-validates-as-required\" accept=\".jpg,.jpeg,.png,.gif,.pdf,.doc,.docx,.ppt,.pptx,.odt,.avi,.ogg,.m4a,.mov,.mp3,.mp4,.mpg,.wav,.wmv\" aria-required=\"true\" aria-invalid=\"false\" \/><\/span><\/div>\n<p>Si preferiscono CV compilati secondo il formato europeo (<a href=\"https:\/\/europass.cedefop.europa.eu\/europass\/home\/vernav\/Europass+Documents\/Europass+CV.csp\">cfr. sito<\/a>)<\/p>\n<p><span class=\"wpcf7-form-control-wrap privacy\"><span class=\"wpcf7-form-control wpcf7-acceptance\"><span class=\"wpcf7-list-item\"><input type=\"checkbox\" name=\"privacy\" value=\"1\" aria-invalid=\"false\" \/><\/span><\/span><\/span> Autorizzo Acmi SpA al trattamento dei miei dati, in accordo con la legge sulla privacy, per ricevere il materiale indicato \/ la risposta alla richiesta di informazioni <a target=\"_blank\" href=\"\/privacy-policy-lavora-con-noi\/\">Leggi l'informativa sulla privacy<\/a><br \/>\n<span class=\"wpcf7-form-control-wrap pagina\"><input type=\"text\" name=\"pagina\" value=\"\" size=\"40\" class=\"wpcf7-form-control wpcf7-text pagina-campo\" aria-invalid=\"false\" \/><\/span><span class=\"wpcf7-form-control-wrap modulo\"><input type=\"text\" name=\"modulo\" value=\"\" size=\"40\" class=\"wpcf7-form-control wpcf7-text modulo-campo\" aria-invalid=\"false\" \/><\/span><br \/>\n<input type=\"submit\" value=\"Invia\" class=\"wpcf7-form-control wpcf7-submit\" \/><\/p>\n<div class=\"wpcf7-response-output\" aria-hidden=\"true\"><\/div><\/form><\/div>          <\/div>\r\n        <\/div>\r\n      <\/div>\r\n    <\/section>\r\n  <\/main>\r\n  [\/vc_column][\/vc_row]<\/p>\n","protected":false},"excerpt":{"rendered":"<p>[vc_row][vc_column][\/vc_column][\/vc_row]<\/p>\n","protected":false},"author":3,"featured_media":0,"parent":610,"menu_order":0,"comment_status":"closed","ping_status":"closed","template":"","meta":[],"yoast_head":"<!-- This site is optimized with the Yoast SEO plugin v15.2.1 - https:\/\/yoast.com\/wordpress\/plugins\/seo\/ -->\n<meta name=\"robots\" content=\"index, follow, max-snippet:-1, max-image-preview:large, max-video-preview:-1\" \/>\n<link rel=\"canonical\" href=\"https:\/\/www.acmispa.it\/es\/trabaja-con-nosotros\/electricista-instalador-electrico\/\" \/>\n<meta property=\"og:locale\" content=\"es_ES\" \/>\n<meta property=\"og:type\" content=\"article\" \/>\n<meta property=\"og:title\" content=\"ELECTRICISTA\/INSTALADOR EL\u00c9CTRICO &ndash; ACMI\" \/>\n<meta property=\"og:description\" content=\"[vc_row][vc_column][\/vc_column][\/vc_row]\" \/>\n<meta property=\"og:url\" content=\"https:\/\/www.acmispa.it\/es\/trabaja-con-nosotros\/electricista-instalador-electrico\/\" \/>\n<meta property=\"og:site_name\" content=\"ACMI\" \/>\n<meta property=\"og:image\" content=\"https:\/\/www.acmispa.it\/wp-content\/uploads\/2021\/10\/ShareAcmi_share_1200x630-1200x630.jpg\" \/>\n\t<meta property=\"og:image:width\" content=\"1200\" \/>\n\t<meta property=\"og:image:height\" content=\"630\" \/>\n<meta name=\"twitter:card\" content=\"summary_large_image\" \/>\n<meta name=\"twitter:creator\" content=\"@AcmiSpa\" \/>\n<meta name=\"twitter:site\" content=\"@AcmiSpa\" \/>\n<script type=\"application\/ld+json\" class=\"yoast-schema-graph\">{\"@context\":\"https:\/\/schema.org\",\"@graph\":[{\"@type\":\"Organization\",\"@id\":\"https:\/\/www.acmispa.it\/es\/#organization\",\"name\":\"ACMI S.p.a.\",\"url\":\"https:\/\/www.acmispa.it\/es\/\",\"sameAs\":[\"https:\/\/www.linkedin.com\/company\/acmi-spa\/\",\"https:\/\/twitter.com\/AcmiSpa\"],\"logo\":{\"@type\":\"ImageObject\",\"@id\":\"https:\/\/www.acmispa.it\/es\/#logo\",\"inLanguage\":\"es-ES\",\"url\":\"https:\/\/www.acmispa.it\/wp-content\/uploads\/2021\/10\/ShareAcmi_share_1200x630.jpg\",\"width\":1200,\"height\":630,\"caption\":\"ACMI S.p.a.\"},\"image\":{\"@id\":\"https:\/\/www.acmispa.it\/es\/#logo\"}},{\"@type\":\"WebSite\",\"@id\":\"https:\/\/www.acmispa.it\/es\/#website\",\"url\":\"https:\/\/www.acmispa.it\/es\/\",\"name\":\"ACMI\",\"description\":\"\",\"publisher\":{\"@id\":\"https:\/\/www.acmispa.it\/es\/#organization\"},\"potentialAction\":[{\"@type\":\"SearchAction\",\"target\":\"https:\/\/www.acmispa.it\/es\/?s={search_term_string}\",\"query-input\":\"required name=search_term_string\"}],\"inLanguage\":\"es-ES\"},{\"@type\":\"WebPage\",\"@id\":\"https:\/\/www.acmispa.it\/es\/trabaja-con-nosotros\/electricista-instalador-electrico\/#webpage\",\"url\":\"https:\/\/www.acmispa.it\/es\/trabaja-con-nosotros\/electricista-instalador-electrico\/\",\"name\":\"ELECTRICISTA\/INSTALADOR EL\\u00c9CTRICO &ndash; ACMI\",\"isPartOf\":{\"@id\":\"https:\/\/www.acmispa.it\/es\/#website\"},\"datePublished\":\"2022-04-01T16:03:17+00:00\",\"dateModified\":\"2022-04-01T16:03:17+00:00\",\"inLanguage\":\"es-ES\",\"potentialAction\":[{\"@type\":\"ReadAction\",\"target\":[\"https:\/\/www.acmispa.it\/es\/trabaja-con-nosotros\/electricista-instalador-electrico\/\"]}]}]}<\/script>\n<!-- \/ Yoast SEO plugin. -->","_links":{"self":[{"href":"https:\/\/www.acmispa.it\/es\/wp-json\/wp\/v2\/pages\/6773\/"}],"collection":[{"href":"https:\/\/www.acmispa.it\/es\/wp-json\/wp\/v2\/pages\/"}],"about":[{"href":"https:\/\/www.acmispa.it\/es\/wp-json\/wp\/v2\/types\/page\/"}],"author":[{"embeddable":true,"href":"https:\/\/www.acmispa.it\/es\/wp-json\/wp\/v2\/users\/3\/"}],"replies":[{"embeddable":true,"href":"https:\/\/www.acmispa.it\/es\/wp-json\/wp\/v2\/comments\/?post=6773"}],"version-history":[{"count":0,"href":"https:\/\/www.acmispa.it\/es\/wp-json\/wp\/v2\/pages\/6773\/revisions\/"}],"up":[{"embeddable":true,"href":"https:\/\/www.acmispa.it\/es\/wp-json\/wp\/v2\/pages\/610\/"}],"wp:attachment":[{"href":"https:\/\/www.acmispa.it\/es\/wp-json\/wp\/v2\/media\/?parent=6773"}],"curies":[{"name":"wp","href":"https:\/\/api.w.org\/{rel}","templated":true}]}}