{"id":7154,"date":"2024-02-06T11:19:55","date_gmt":"2024-02-06T10:19:55","guid":{"rendered":"https:\/\/www.acmispa.it\/?page_id=7154"},"modified":"2024-02-06T11:25:17","modified_gmt":"2024-02-06T10:25:17","slug":"newsletter-2","status":"publish","type":"page","link":"https:\/\/www.acmispa.it\/es\/newsletter-2\/","title":{"rendered":"Newsletter"},"content":{"rendered":"<p>[vc_row][vc_column]<!-- og image -->\n\n  <!--****https:\/\/www.acmispa.it\/wp-content\/uploads\/2022\/02\/Newsletter_apertura-1200x630.jpg****-->\n \n<!-- og image -->\n\n  <!--****@MANT\u00c9NGASE ACTUALIZADO SOBRE LAS \u00daLTIMAS NOTICIAS, SUSCR\u00cdBETE A NUESTRO BOLET\u00cdN@****-->\n  \n<section class=\"rowMin bigBanner\" id=\"riga0\">\n  <div id=\"69e101f085058\" class=\"innerBanner ar_lazy ar_wait\"  data-image=\"https:\/\/www.acmispa.it\/wp-content\/uploads\/2022\/02\/Newsletter_apertura.jpg\">\n    <img data-target=\"#69e101f085058\"class=\"ar_s_load\" src=\"https:\/\/www.acmispa.it\/wp-content\/uploads\/2022\/02\/Newsletter_apertura.jpg\"  >\n    <div class=\"filter\"><\/div>\n    <header class=\"animateEl\" data-animate=\"fadeInUp\" data-duration=\".6s\" data-delay=\"0.2s\">\n      <h1>Newsletter<\/h1>\t\t\t\t\t\t\n    <\/header>\n    <div class=\"leftArea animateEl\" data-animate=\"fadeInUp\" data-duration=\".6s\" data-delay=\"0.2s\">\n      <h2>MANT\u00c9NGASE ACTUALIZADO SOBRE LAS \u00daLTIMAS NOTICIAS, SUSCR\u00cdBETE A NUESTRO BOLET\u00cdN<\/h2>    <\/div>\n      <\/div>\n  <div class=\"lateralCTA\">\n    <div class=\"innerWrap\">\n    <div class=\"ctaEl animateEl\" data-animate=\"fadeInRight\" data-duration=\".6s\" data-delay=\"0.2s\">\n        <a class=\"pointer download_br openLayerPop\" lpID=\"form69e101f084d9d\" title=\"BROCHURE\">\n          <img  loading=\"lazy\" src=\"\/wp-content\/uploads\/2020\/12\/brochure.svg\" alt=\"BROCHURE\">\n          <span>BROCHURE<\/span>\n        <\/a>\n    <\/div>\n    \n    <div class=\"ctaEl animateEl\" data-animate=\"fadeInRight\" data-duration=\".6s\" data-delay=\"0.3s\">\n        <a href=\"\/es\/contactos\/\" title=\"Contactos\">\n          <img  loading=\"lazy\" src=\"\/wp-content\/uploads\/2020\/12\/contactMe.svg\" alt=\"Contactos\">\n          <span>Cont\u00e1ctos<\/span>\n        <\/a>\n      <\/div>\n    \n      \n      \n    <\/div>\n  <\/div>\n  \n  <!-- form -->\n  \t<div class=\"LayerPopMsg form69e101f084d9d move_to_LayerPopOverlay\">\n\t\t<span class=\"LayerPopCloseBtn closeBtn\"><img class=\"closeMenu\" src=\"https:\/\/www.acmispa.it\/wp-content\/themes\/acmi\/static\/img\/icon\/closeColored.svg\"><\/span>\n\t\t<div class=\"rowMin\">\n\t\t\t<div class=\"row formArea\">\n\t\t\t\t<!-- <form class=\"row\"> -->\n\t\t\t\t<span class=\"formTitle\">DESCARGUE EL FOLLETO<\/span>\n\t\t\t\t<p>Rellene el formulario para descargar la informaci\u00f3n sobre ACMI S.p.A<\/p>\n\t\t\t\t<div class=\"row cf7_popup_container no_textarea form-popup-magic\" data-tipo=\"download_brochure\">\n\t\t\t\t\t<div role=\"form\" class=\"wpcf7\" id=\"wpcf7-f6536-o1\" lang=\"it-IT\" dir=\"ltr\">\n<div class=\"screen-reader-response\"><p role=\"status\" aria-live=\"polite\" aria-atomic=\"true\"><\/p> <ul><\/ul><\/div>\n<form action=\"\/es\/wp-json\/wp\/v2\/pages\/7154\/#wpcf7-f6536-o1\" method=\"post\" class=\"wpcf7-form init\" novalidate=\"novalidate\" data-status=\"init\" id=\"cf7-form-69e101f08522c\">\n<div style=\"display: none;\">\n<input type=\"hidden\" name=\"_wpcf7\" value=\"6536\" \/>\n<input type=\"hidden\" name=\"_wpcf7_version\" value=\"5.3\" \/>\n<input type=\"hidden\" name=\"_wpcf7_locale\" value=\"it_IT\" \/>\n<input type=\"hidden\" name=\"_wpcf7_unit_tag\" value=\"wpcf7-f6536-o1\" \/>\n<input type=\"hidden\" name=\"_wpcf7_container_post\" value=\"0\" \/>\n<input type=\"hidden\" name=\"_wpcf7_posted_data_hash\" value=\"\" \/>\n<\/div>\n<div class=\"formGroup\"><span class=\"wpcf7-form-control-wrap nome\"><input type=\"text\" name=\"nome\" value=\"\" size=\"40\" class=\"wpcf7-form-control wpcf7-text wpcf7-validates-as-required\" aria-required=\"true\" aria-invalid=\"false\" placeholder=\"Nombre*\" \/><\/span><\/div>\n<p><span id=\"wpcf7-69e101f085886-wrapper\" class=\"wpcf7-form-control-wrap website-fax-form-popup-es-wrap\" ><input type=\"hidden\" name=\"website-fax-form-popup-es-time-start\" value=\"1776353776\"><input type=\"hidden\" name=\"website-fax-form-popup-es-time-check\" value=\"10\"><input id=\"wpcf7-69e101f085886-field\"  placeholder=\"Fax\"  class=\"wpcf7-form-control wpcf7-text\" type=\"text\" name=\"website-fax-form-popup-es\" value=\"\" size=\"40\" tabindex=\"-1\" autocomplete=\"off\" \/><\/span><\/p>\n<div class=\"formGroup\"><span class=\"wpcf7-form-control-wrap cognome\"><input type=\"text\" name=\"cognome\" value=\"\" size=\"40\" class=\"wpcf7-form-control wpcf7-text wpcf7-validates-as-required\" aria-required=\"true\" aria-invalid=\"false\" placeholder=\"Apellido*\" \/><\/span><\/div>\n<div class=\"formGroup\">\n<span class=\"wpcf7-form-control-wrap JobFunction\"><input type=\"text\" name=\"JobFunction\" value=\"\" size=\"40\" class=\"wpcf7-form-control wpcf7-text wpcf7-validates-as-required\" aria-required=\"true\" aria-invalid=\"false\" placeholder=\"Rol corporativo*\" \/><\/span>\n<\/div>\n<div class=\"formGroup\"><span class=\"wpcf7-form-control-wrap azienda\"><input type=\"text\" name=\"azienda\" value=\"\" size=\"40\" class=\"wpcf7-form-control wpcf7-text wpcf7-validates-as-required\" aria-required=\"true\" aria-invalid=\"false\" placeholder=\"Empresa*\" \/><\/span><\/div>\n<div class=\"formGroup\"><span class=\"wpcf7-form-control-wrap nazione\"><input type=\"text\" name=\"nazione\" value=\"\" size=\"40\" class=\"wpcf7-form-control wpcf7-text wpcf7-validates-as-required\" aria-required=\"true\" aria-invalid=\"false\" placeholder=\"Pa\u00eds*\" \/><\/span><\/div>\n<div class=\"formGroup\"><span class=\"wpcf7-form-control-wrap email\"><input type=\"email\" name=\"email\" value=\"\" size=\"40\" class=\"wpcf7-form-control wpcf7-text wpcf7-email wpcf7-validates-as-required wpcf7-validates-as-email\" aria-required=\"true\" aria-invalid=\"false\" placeholder=\"E-mail*\" \/><\/span><\/div>\n<div class=\"formGroup\"><span class=\"wpcf7-form-control-wrap messaggio\"><textarea name=\"messaggio\" cols=\"40\" rows=\"10\" class=\"wpcf7-form-control wpcf7-textarea\" aria-invalid=\"false\" placeholder=\"Mensaje\"><\/textarea><\/span><\/div>\n<div class=\"formGroup littleInput\"><label><span class=\"wpcf7-form-control-wrap privacy\"><span class=\"wpcf7-form-control wpcf7-acceptance\"><span class=\"wpcf7-list-item\"><input type=\"checkbox\" name=\"privacy\" value=\"1\" aria-invalid=\"false\" \/><\/span><\/span><\/span> Autorizo a ACMI SpA a procesar mis datos personales de acuerdo con las normas de privacidad para proceder con la solicitud. Lea la pol\u00edtica de privacidad completa. <a href=\"\/es\/privacy-policy\/\" target=\"_blank\">Lea la pol\u00edtica de privacidad.<\/a><\/label><\/div>\n<div class=\"formGroup littleInput\"><label><span class=\"wpcf7-form-control-wrap marketing\"><span class=\"wpcf7-form-control wpcf7-acceptance optional\"><span class=\"wpcf7-list-item\"><input type=\"checkbox\" name=\"marketing\" value=\"1\" aria-invalid=\"false\" \/><\/span><\/span><\/span> Autorizo a ACMI SpA a tratar mis datos personales con fines de comunicaci\u00f3n comercial, tambi\u00e9n a trav\u00e9s de correo electr\u00f3nico, el fax y los SMS.<\/label><\/div>\n<p><span class=\"wpcf7-form-control-wrap pagina\"><input type=\"text\" name=\"pagina\" value=\"\" size=\"40\" class=\"wpcf7-form-control wpcf7-text pagina-campo\" aria-invalid=\"false\" \/><\/span><br \/>\n<span class=\"wpcf7-form-control-wrap modulo\"><input type=\"text\" name=\"modulo\" value=\"\" size=\"40\" class=\"wpcf7-form-control wpcf7-text modulo-campo\" aria-invalid=\"false\" \/><\/span><\/p>\n<div class=\"formGroup\"><input type=\"submit\" value=\"Enviar\" class=\"wpcf7-form-control wpcf7-submit btn button_submit\" \/><\/div>\n<div class=\"wpcf7-response-output\" aria-hidden=\"true\"><\/div><\/form><\/div>\t\t\n\t\t\t\t<\/div>\n\t\t\t  <div class=\"wrap-success\">\n\t\t\t\t<p>Gracias por rellenar el formulario <\/p>\n\t\t\t\t<a class=\"btn btn_brochure_auto\" href=\"https:\/\/www.acmispa.it\/wp-content\/uploads\/2025\/01\/CompanyProfile_web2025-EN.pdf\" download>Haga clic aqu\u00ed para descargar el archivo<\/a>\n\t\t\t  <\/div>\n\t\t\t\t<!-- <\/form> -->\n\t\t\t<\/div>\n\t\t<\/div>\n\t<\/div>\n  <!-- fine form -->\n<\/section>\n\n\n\n<!-- - -->[vc_raw_html]JTNDJTIxLS0lMjBCZWdpbiUyME1haWxjaGltcCUyMFNpZ251cCUyMEZvcm0lMjAtLSUzRSUwQSUzQ21haW4lMjBjbGFzcyUzRCUyMnJvdyUyMiUzRSUwQSUyMCUyMCUzQ3NlY3Rpb24lMjBjbGFzcyUzRCUyMnJvd01pbiUyMGNlbnRlcmVkQmxvY2slMjBhbmltYXRlRWwlMjIlMjBkYXRhLWFuaW1hdGUlM0QlMjJmYWRlSW4lMjIlMjBkYXRhLWR1cmF0aW9uJTNEJTIyLjZzJTIyJTIwZGF0YS1kZWxheSUzRCUyMjAuMnMlMjIlMjBpZCUzRCUyMnN0b3JpYUJsb2NrJTIyJTNFJTBBJTIwJTIwJTIwJTIwJTNDZGl2JTIwY2xhc3MlM0QlMjJtYXhXaWR0aEJsb2NrJTIwYWxpZ25MZWZ0JTIyJTNFJTBBJTIwJTIwJTIwJTIwJTIwJTIwJTNDaDIlM0VTdXNjciVDMyVBRGJhc2UlMjBhJTIwbnVlc3RybyUyMGJvbGV0JUMzJUFEbiUyMGRlJTIwbm90aWNpYXMlM0MlMkZoMiUzRSUwQSUyMCUyMCUyMCUyMCUyMCUyMCUzQ2RpdiUyMGNsYXNzJTNEJTIyZm9ybUFyZWElMjIlM0UlMEElMjAlMjAlMjAlMjAlMjAlMjAlMjAlMjAlMjAlMjAlM0NwJTNFQ29tcGxldGUlMjBlbCUyMGZvcm11bGFyaW8lMjBlbiUyMGVzdGElMjBwJUMzJUExZ2luYSUyMHBhcmElMjByZWNpYmlyJTIwbnVlc3RybyUyME5ld3NsZXR0ZXIuJTIwTGElMjBOZXdzbGV0dGVyJTIwQUNNSSUyMHJlY29nZSUyMHBlcmklQzMlQjNkaWNhbWVudGUlMjBsYXMlMjBub3ZlZGFkZXMlMjBtJUMzJUExcyUyMGltcG9ydGFudGVzJTIwc29icmUlMjBsYSUyMGVtcHJlc2ElMjB5JTIwc3UlMjBnYW1hJTIwZGUlMjBwcm9kdWN0b3MlMkMlMjBzaSUyMGRlc2VhcyUyMHRlbmVyJTIwdW4lMjBjb250YWN0byUyMG0lQzMlQTFzJTIwZGlyZWN0byUyMHRlJTIwcmVjb21lbmRhbW9zJTIwcXVlJTIwdGFtYmklQzMlQTluJTIwc2lnYXMlMjBudWVzdHJhJTIwcCVDMyVBMWdpbmElMjBkZSUyMExpbmtlZEluJTJDJTIwc2klMjBhJUMzJUJBbiUyMG5vJTIwbG8lMjBoYXMlMjBoZWNoby4lMjAlQzIlQTFOb3MlMjB2ZW1vcyUyMHByb250byUyMSUzQyUyRnAlM0UlMEElMjAlMjAlMjAlMjAlMjAlMjAlMjAlMjAlMjAlMjA=[\/vc_raw_html][vc_column_text]<\/p>\r\n<p><span class=\"HwtZe\" lang=\"es\"><span class=\"jCAhz ChMk0b\"><span class=\"ryNqvb\">Suscr\u00edbase a nuestro bolet\u00edn de noticias<\/span><\/span><\/span><style id='mailster-form-default' type='text\/css'>.mailster-embeded-form body{background:0;padding:0;margin:0}.mailster-embeded-form .mailster-form-body{padding:5px !important;margin:auto !important}.mailster-form-wrap{max-width:100%;max-height:95%;min-width:100px;-webkit-overflow-scrolling:touch}.mailster-form{margin-bottom:20px;position:relative}.mailster-form:before{content:'';position:absolute;display:block;height:100%;width:100%;z-index:1;background-repeat:no-repeat;background-position:center center;background-size:20px 20px;background-image:url('https:\/\/www.acmispa.it\/wp-content\/plugins\/mailster\/assets\/css\/..\/img\/loading.gif');visibility:hidden;opacity:0;transition:opacity .15s ease-in-out}.mailster-form.loading:before{opacity:1;visibility:visible}@media only screen and (-webkit-min-device-pixel-ratio:2),only screen and (min-resolution:192dpi){.mailster-form:before{background-image:url('https:\/\/www.acmispa.it\/wp-content\/plugins\/mailster\/assets\/css\/..\/img\/loading_2x.gif')}}.mailster-form:after,.mailster-form-fields:after{content:'.';visibility:hidden;display:block;height:0;clear:both}.mailster-form .mailster-form-fields{transition:all .15s ease-in-out}.mailster-form.completed .mailster-form-fields{height:0;min-height:0;opacity:0;overflow:hidden}.mailster-form,.mailster-form .input,.mailster-form .mailster-form-info{width:100%;box-sizing:border-box}.mailster-embeded-form .mailster-form{margin-bottom:3px}.mailster-form .mailster-wrapper{position:relative;margin-bottom:2px;transition:opacity .15s ease-in-out}.mailster-form.loading .mailster-wrapper{opacity:.2}.mailster-form textarea.input{resize:vertical;height:150px}.mailster-form li{list-style:none !important;margin-left:0;padding-left:0}span.mailster-required{font-size:120%;font-weight:700;color:#bf4d4d}.mailster-lists-wrapper ul{list-style:none;margin-left:0;padding-left:0}.mailster-lists-wrapper ul li{margin-left:0}.mailster-list-description{color:inherit;display:block;margin-left:25px;font-size:.8em}.mailster-form-info{height:0;border-radius:2px;padding:5px;margin-bottom:4px;color:#fff;padding:9px 16px;transition:all .2s;-webkit-transform:scale(0);-moz-transform:scale(0);-ms-transform:scale(0);transform:scale(0)}.mailster-form.loading .mailster-form-info{opacity:0}.mailster-form-info a{color:#fff}.mailster-form-info.success,.mailster-form-info.error{display:block;height:100%;-webkit-transform:scale(1);-moz-transform:scale(1);-ms-transform:scale(1);transform:scale(1)}.mailster-form .error input,.mailster-form .error select,.mailster-form .error textarea{outline:2px solid #bf4d4d;outline-offset:0}.mailster-form-info.error{background:#bf4d4d}.mailster-form-info.success{background-color:#6fbf4d;text-align:center}.mailster-form-info ul,.mailster-form .mailster-form-info p{margin:0;padding:0;max-width:initial}.mailster-form-info ul li{color:inherit;margin-left:0}.mailster-submit-wrapper{margin-top:6px}.mailster-form .submit-button{cursor:pointer}.mailster-form .submit-button:focus{outline:0}<\/style><form action=\"https:\/\/www.acmispa.it\/es\/mailster\/subscribe\/\" method=\"post\" class=\"mailster-form mailster-form-submit mailster-ajax-form mailster-form-5\" novalidate><input name=\"_action\" type=\"hidden\" value=\"subscribe\">\n<input name=\"_timestamp\" type=\"hidden\" value=\"1776353776\">\n<input name=\"_referer\" type=\"hidden\" value=\"https:\/\/www.acmispa.it\/es\/wp-json\/wp\/v2\/pages\/7154\/\">\n<input name=\"_nonce\" type=\"hidden\" value=\"233d973333\">\n<input name=\"formid\" type=\"hidden\" value=\"5\">\n<div class=\"mailster-form-fields\">\n<div class=\"mailster-wrapper mailster-firstname-wrapper\"><label for=\"mailster-firstname-5\">Nombre <span class=\"mailster-required\">*<\/span><\/label><input id=\"mailster-firstname-5\" name=\"firstname\" type=\"text\" value=\"\" class=\"input mailster-firstname mailster-required\" aria-required=\"true\" aria-label=\"Nombre\"><\/div>\n<div class=\"mailster-wrapper mailster-lastname-wrapper\"><label for=\"mailster-lastname-5\">Apellido <span class=\"mailster-required\">*<\/span><\/label><input id=\"mailster-lastname-5\" name=\"lastname\" type=\"text\" value=\"\" class=\"input mailster-lastname mailster-required\" aria-required=\"true\" aria-label=\"Apellido\"><\/div>\n<div class=\"mailster-wrapper mailster-azienda-wrapper\"><label for=\"mailster-azienda-5\">Agencia<\/label><input id=\"mailster-azienda-5\" name=\"azienda\" type=\"text\" value=\"\" class=\"input mailster-azienda\" aria-required=\"false\" aria-label=\"Agencia\"><\/div>\n<div class=\"mailster-wrapper mailster-paese-wrapper\"><label for=\"mailster-paese-5\">Naci\u00f3n <span class=\"mailster-required\">*<\/span><\/label><input id=\"mailster-paese-5\" name=\"paese\" type=\"text\" value=\"\" class=\"input mailster-paese mailster-required\" aria-required=\"true\" aria-label=\"Naci\u00f3n\"><\/div>\n<div class=\"mailster-wrapper mailster-email-wrapper\"><label for=\"mailster-email-5\">E-Mail <span class=\"mailster-required\">*<\/span><\/label><input id=\"mailster-email-5\" name=\"email\" type=\"email\" value=\"\" class=\"input mailster-email mailster-required\" aria-required=\"true\" aria-label=\"E-Mail\" spellcheck=\"false\"><\/div>\n<div style=\"position:absolute;top:-99999px;left:-99999px;z-index:-99;\"><input name=\"_n_hp_mail\" type=\"email\" tabindex=\"-1\" autocomplete=\"noton\" autofill=\"off\"><\/div>\n<div class=\"mailster-wrapper mailster-lingua-wrapper\"><label for=\"mailster-lingua-5\">Idioma<\/label><select id=\"mailster-lingua-5\" name=\"lingua\" class=\"input mailster-lingua\" aria-required=\"false\" aria-label=\"Idioma\"><option value=\"Italiano\" >Italiano<\/option><option value=\"English\" >English<\/option><option value=\"Fran\u00e7ais\" >Fran\u00e7ais<\/option><option value=\"Espa\u00f1ol\" >Espa\u00f1ol<\/option><option value=\"Polskie\" >Polskie<\/option><\/select><\/div>\n<div class=\"mailster-wrapper mailster-_gdpr-wrapper\"><label for=\"mailster-_gdpr-5\"><input type=\"hidden\" name=\"_gdpr\" value=\"0\"><input id=\"mailster-_gdpr-5\" name=\"_gdpr\" type=\"checkbox\" value=\"1\" class=\"mailster-_gdpr mailster-required\" aria-required=\"true\" aria-label=\"J&#039;autorise Acmi SpA \u00e0 traiter mes donn\u00e9es, conform\u00e9ment \u00e0 la loi sur la confidentialit\u00e9, pour recevoir le mat\u00e9riel indiqu\u00e9 \/ la r\u00e9ponse \u00e0 la demande d&#039;informations\"> J'autorise Acmi SpA \u00e0 traiter mes donn\u00e9es, conform\u00e9ment \u00e0 la loi sur la confidentialit\u00e9, pour recevoir le mat\u00e9riel indiqu\u00e9 \/ la r\u00e9ponse \u00e0 la demande d'informations (<a href=\"https:\/\/www.acmispa.it\/privacy-policy\/\" target=\"_top\">Link<\/a>)<\/label><\/div>\n<div class=\"mailster-wrapper mailster-submit-wrapper form-submit\"><input name=\"submit\" type=\"submit\" value=\"Suscribir\" class=\"submit-button button\" aria-label=\"Suscribir\"><\/div>\n<\/div>\n<\/form>\n<\/p>\n\n\r\n\n\r\n\n<p>\n\u00a0<\/p>\r\n<p>[\/vc_column_text][vc_raw_html]JTIwJTIwJTIwJTIwJTIwJTIwJTNDJTJGZGl2JTNFJTBBJTIwJTIwJTIwJTIwJTNDJTJGZGl2JTNFJTBBJTIwJTIwJTNDJTJGc2VjdGlvbiUzRSUwQSUzQyUyRm1haW4lM0U=[\/vc_raw_html][\/vc_column][\/vc_row]<\/p>","protected":false},"excerpt":{"rendered":"<p>[vc_row][vc_column][vc_raw_html]JTNDJTIxLS0lMjBCZWdpbiUyME1haWxjaGltcCUyMFNpZ251cCUyMEZvcm0lMjAtLSUzRSUwQSUzQ21haW4lMjBjbGFzcyUzRCUyMnJvdyUyMiUzRSUwQSUyMCUyMCUzQ3NlY3Rpb24lMjBjbGFzcyUzRCUyMnJvd01pbiUyMGNlbnRlcmVkQmxvY2slMjBhbmltYXRlRWwlMjIlMjBkYXRhLWFuaW1hdGUlM0QlMjJmYWRlSW4lMjIlMjBkYXRhLWR1cmF0aW9uJTNEJTIyLjZzJTIyJTIwZGF0YS1kZWxheSUzRCUyMjAuMnMlMjIlMjBpZCUzRCUyMnN0b3JpYUJsb2NrJTIyJTNFJTBBJTIwJTIwJTIwJTIwJTNDZGl2JTIwY2xhc3MlM0QlMjJtYXhXaWR0aEJsb2NrJTIwYWxpZ25MZWZ0JTIyJTNFJTBBJTIwJTIwJTIwJTIwJTIwJTIwJTNDaDIlM0VTdXNjciVDMyVBRGJhc2UlMjBhJTIwbnVlc3RybyUyMGJvbGV0JUMzJUFEbiUyMGRlJTIwbm90aWNpYXMlM0MlMkZoMiUzRSUwQSUyMCUyMCUyMCUyMCUyMCUyMCUzQ2RpdiUyMGNsYXNzJTNEJTIyZm9ybUFyZWElMjIlM0UlMEElMjAlMjAlMjAlMjAlMjAlMjAlMjAlMjAlMjAlMjAlM0NwJTNFQ29tcGxldGUlMjBlbCUyMGZvcm11bGFyaW8lMjBlbiUyMGVzdGElMjBwJUMzJUExZ2luYSUyMHBhcmElMjByZWNpYmlyJTIwbnVlc3RybyUyME5ld3NsZXR0ZXIuJTIwTGElMjBOZXdzbGV0dGVyJTIwQUNNSSUyMHJlY29nZSUyMHBlcmklQzMlQjNkaWNhbWVudGUlMjBsYXMlMjBub3ZlZGFkZXMlMjBtJUMzJUExcyUyMGltcG9ydGFudGVzJTIwc29icmUlMjBsYSUyMGVtcHJlc2ElMjB5JTIwc3UlMjBnYW1hJTIwZGUlMjBwcm9kdWN0b3MlMkMlMjBzaSUyMGRlc2VhcyUyMHRlbmVyJTIwdW4lMjBjb250YWN0byUyMG0lQzMlQTFzJTIwZGlyZWN0byUyMHRlJTIwcmVjb21lbmRhbW9zJTIwcXVlJTIwdGFtYmklQzMlQTluJTIwc2lnYXMlMjBudWVzdHJhJTIwcCVDMyVBMWdpbmElMjBkZSUyMExpbmtlZEluJTJDJTIwc2klMjBhJUMzJUJBbiUyMG5vJTIwbG8lMjBoYXMlMjBoZWNoby4lMjAlQzIlQTFOb3MlMjB2ZW1vcyUyMHByb250byUyMSUzQyUyRnAlM0UlMEElMjAlMjAlMjAlMjAlMjAlMjAlMjAlMjAlMjAlMjA=[\/vc_raw_html][vc_column_text] \u00a0 [\/vc_column_text][vc_raw_html]JTIwJTIwJTIwJTIwJTIwJTIwJTNDJTJGZGl2JTNFJTBBJTIwJTIwJTIwJTIwJTNDJTJGZGl2JTNFJTBBJTIwJTIwJTNDJTJGc2VjdGlvbiUzRSUwQSUzQyUyRm1haW4lM0U=[\/vc_raw_html][\/vc_column][\/vc_row]<\/p>\n","protected":false},"author":3,"featured_media":0,"parent":0,"menu_order":0,"comment_status":"closed","ping_status":"closed","template":"","meta":[],"yoast_head":"<!-- This site is optimized with the Yoast SEO plugin v15.2.1 - https:\/\/yoast.com\/wordpress\/plugins\/seo\/ -->\n<meta name=\"robots\" content=\"index, follow, max-snippet:-1, max-image-preview:large, max-video-preview:-1\" \/>\n<link rel=\"canonical\" href=\"https:\/\/www.acmispa.it\/es\/newsletter-2\/\" \/>\n<meta property=\"og:locale\" content=\"es_ES\" \/>\n<meta property=\"og:type\" content=\"article\" \/>\n<meta property=\"og:title\" content=\"Newsletter &ndash; ACMI\" \/>\n<meta property=\"og:description\" content=\"[vc_row][vc_column][vc_raw_html]JTNDJTIxLS0lMjBCZWdpbiUyME1haWxjaGltcCUyMFNpZ251cCUyMEZvcm0lMjAtLSUzRSUwQSUzQ21haW4lMjBjbGFzcyUzRCUyMnJvdyUyMiUzRSUwQSUyMCUyMCUzQ3NlY3Rpb24lMjBjbGFzcyUzRCUyMnJvd01pbiUyMGNlbnRlcmVkQmxvY2slMjBhbmltYXRlRWwlMjIlMjBkYXRhLWFuaW1hdGUlM0QlMjJmYWRlSW4lMjIlMjBkYXRhLWR1cmF0aW9uJTNEJTIyLjZzJTIyJTIwZGF0YS1kZWxheSUzRCUyMjAuMnMlMjIlMjBpZCUzRCUyMnN0b3JpYUJsb2NrJTIyJTNFJTBBJTIwJTIwJTIwJTIwJTNDZGl2JTIwY2xhc3MlM0QlMjJtYXhXaWR0aEJsb2NrJTIwYWxpZ25MZWZ0JTIyJTNFJTBBJTIwJTIwJTIwJTIwJTIwJTIwJTNDaDIlM0VTdXNjciVDMyVBRGJhc2UlMjBhJTIwbnVlc3RybyUyMGJvbGV0JUMzJUFEbiUyMGRlJTIwbm90aWNpYXMlM0MlMkZoMiUzRSUwQSUyMCUyMCUyMCUyMCUyMCUyMCUzQ2RpdiUyMGNsYXNzJTNEJTIyZm9ybUFyZWElMjIlM0UlMEElMjAlMjAlMjAlMjAlMjAlMjAlMjAlMjAlMjAlMjAlM0NwJTNFQ29tcGxldGUlMjBlbCUyMGZvcm11bGFyaW8lMjBlbiUyMGVzdGElMjBwJUMzJUExZ2luYSUyMHBhcmElMjByZWNpYmlyJTIwbnVlc3RybyUyME5ld3NsZXR0ZXIuJTIwTGElMjBOZXdzbGV0dGVyJTIwQUNNSSUyMHJlY29nZSUyMHBlcmklQzMlQjNkaWNhbWVudGUlMjBsYXMlMjBub3ZlZGFkZXMlMjBtJUMzJUExcyUyMGltcG9ydGFudGVzJTIwc29icmUlMjBsYSUyMGVtcHJlc2ElMjB5JTIwc3UlMjBnYW1hJTIwZGUlMjBwcm9kdWN0b3MlMkMlMjBzaSUyMGRlc2VhcyUyMHRlbmVyJTIwdW4lMjBjb250YWN0byUyMG0lQzMlQTFzJTIwZGlyZWN0byUyMHRlJTIwcmVjb21lbmRhbW9zJTIwcXVlJTIwdGFtYmklQzMlQTluJTIwc2lnYXMlMjBudWVzdHJhJTIwcCVDMyVBMWdpbmElMjBkZSUyMExpbmtlZEluJTJDJTIwc2klMjBhJUMzJUJBbiUyMG5vJTIwbG8lMjBoYXMlMjBoZWNoby4lMjAlQzIlQTFOb3MlMjB2ZW1vcyUyMHByb250byUyMSUzQyUyRnAlM0UlMEElMjAlMjAlMjAlMjAlMjAlMjAlMjAlMjAlMjAlMjA=[\/vc_raw_html][vc_column_text] \u00a0 [\/vc_column_text][vc_raw_html]JTIwJTIwJTIwJTIwJTIwJTIwJTNDJTJGZGl2JTNFJTBBJTIwJTIwJTIwJTIwJTNDJTJGZGl2JTNFJTBBJTIwJTIwJTNDJTJGc2VjdGlvbiUzRSUwQSUzQyUyRm1haW4lM0U=[\/vc_raw_html][\/vc_column][\/vc_row]\" \/>\n<meta property=\"og:url\" content=\"https:\/\/www.acmispa.it\/es\/newsletter-2\/\" \/>\n<meta property=\"og:site_name\" content=\"ACMI\" \/>\n<meta property=\"article:modified_time\" content=\"2024-02-06T10:25:17+00:00\" \/>\n<meta property=\"og:image\" content=\"https:\/\/www.acmispa.it\/wp-content\/uploads\/2021\/10\/ShareAcmi_share_1200x630-1200x630.jpg\" \/>\n\t<meta property=\"og:image:width\" content=\"1200\" \/>\n\t<meta property=\"og:image:height\" content=\"630\" \/>\n<meta name=\"twitter:card\" content=\"summary_large_image\" \/>\n<meta name=\"twitter:creator\" content=\"@AcmiSpa\" \/>\n<meta name=\"twitter:site\" content=\"@AcmiSpa\" \/>\n<script type=\"application\/ld+json\" class=\"yoast-schema-graph\">{\"@context\":\"https:\/\/schema.org\",\"@graph\":[{\"@type\":\"Organization\",\"@id\":\"https:\/\/www.acmispa.it\/es\/#organization\",\"name\":\"ACMI S.p.a.\",\"url\":\"https:\/\/www.acmispa.it\/es\/\",\"sameAs\":[\"https:\/\/www.linkedin.com\/company\/acmi-spa\/\",\"https:\/\/twitter.com\/AcmiSpa\"],\"logo\":{\"@type\":\"ImageObject\",\"@id\":\"https:\/\/www.acmispa.it\/es\/#logo\",\"inLanguage\":\"es-ES\",\"url\":\"https:\/\/www.acmispa.it\/wp-content\/uploads\/2021\/10\/ShareAcmi_share_1200x630.jpg\",\"width\":1200,\"height\":630,\"caption\":\"ACMI S.p.a.\"},\"image\":{\"@id\":\"https:\/\/www.acmispa.it\/es\/#logo\"}},{\"@type\":\"WebSite\",\"@id\":\"https:\/\/www.acmispa.it\/es\/#website\",\"url\":\"https:\/\/www.acmispa.it\/es\/\",\"name\":\"ACMI\",\"description\":\"\",\"publisher\":{\"@id\":\"https:\/\/www.acmispa.it\/es\/#organization\"},\"potentialAction\":[{\"@type\":\"SearchAction\",\"target\":\"https:\/\/www.acmispa.it\/es\/?s={search_term_string}\",\"query-input\":\"required name=search_term_string\"}],\"inLanguage\":\"es-ES\"},{\"@type\":\"WebPage\",\"@id\":\"https:\/\/www.acmispa.it\/es\/newsletter-2\/#webpage\",\"url\":\"https:\/\/www.acmispa.it\/es\/newsletter-2\/\",\"name\":\"Newsletter &ndash; ACMI\",\"isPartOf\":{\"@id\":\"https:\/\/www.acmispa.it\/es\/#website\"},\"datePublished\":\"2024-02-06T10:19:55+00:00\",\"dateModified\":\"2024-02-06T10:25:17+00:00\",\"inLanguage\":\"es-ES\",\"potentialAction\":[{\"@type\":\"ReadAction\",\"target\":[\"https:\/\/www.acmispa.it\/es\/newsletter-2\/\"]}]}]}<\/script>\n<!-- \/ Yoast SEO plugin. -->","_links":{"self":[{"href":"https:\/\/www.acmispa.it\/es\/wp-json\/wp\/v2\/pages\/7154\/"}],"collection":[{"href":"https:\/\/www.acmispa.it\/es\/wp-json\/wp\/v2\/pages\/"}],"about":[{"href":"https:\/\/www.acmispa.it\/es\/wp-json\/wp\/v2\/types\/page\/"}],"author":[{"embeddable":true,"href":"https:\/\/www.acmispa.it\/es\/wp-json\/wp\/v2\/users\/3\/"}],"replies":[{"embeddable":true,"href":"https:\/\/www.acmispa.it\/es\/wp-json\/wp\/v2\/comments\/?post=7154"}],"version-history":[{"count":0,"href":"https:\/\/www.acmispa.it\/es\/wp-json\/wp\/v2\/pages\/7154\/revisions\/"}],"wp:attachment":[{"href":"https:\/\/www.acmispa.it\/es\/wp-json\/wp\/v2\/media\/?parent=7154"}],"curies":[{"name":"wp","href":"https:\/\/api.w.org\/{rel}","templated":true}]}}