{"id":828,"date":"2020-11-09T11:42:14","date_gmt":"2020-11-09T10:42:14","guid":{"rendered":"https:\/\/www.acmispa.it\/home-ita\/"},"modified":"2025-10-24T12:43:16","modified_gmt":"2025-10-24T10:43:16","slug":"home-ita","status":"publish","type":"page","link":"https:\/\/www.acmispa.it\/es\/","title":{"rendered":"Home"},"content":{"rendered":"<p>[vc_row][vc_column]<section class=\"rowMin homeSlider\">\r\n\t<div class=\"row slider sliderDotsArrow\">\r\n    <!-- inizio slide -->\r\n<div class=\"row slideEl el1 slide_video_container\" >\r\n  <video class=\"video_in_slider\" autoplay=\"\" loop=\"\" muted=\"\" playsinline=\"\" poster=\"https:\/\/www.acmispa.it\/wp-content\/uploads\/2021\/09\/acmi-cover.jpg\" >\r\n    <source src=\"\/wp-content\/uploads\/2021\/09\/Video-home-page_2021_l.mp4\">\r\n  <\/video>\r\n  <div class=\"textArea\">\r\n    <div class=\"row\">\r\n      <h1 class=\"animateEl\" data-animate=\"fadeInUp\" data-duration=\".9s\" data-delay=\"0.3s\">SUPER ACMI:<br \/>\nLA NUEVA ERA DEL EMBOTELLADO &amp; ENVASADO<\/h1>\r\n      \r\n      <a href=\"\/es\/superacmi\/\" class=\"asBtn asBtnWhite animateEl\" data-animate=\"fadeInUp\" data-duration=\".9s\" data-delay=\".5s\">DESCUBRE M\u00c1S<\/a>\r\n    <\/div>\r\n  <\/div>\r\n<\/div>\r\n<div class=\"LayerPopMsg 69ec9184bf601 move_to_LayerPopOverlay\">\r\n\t\t<span class=\"LayerPopCloseBtn closeBtn\"><img class=\"closeMenu\" src=\"https:\/\/www.acmispa.it\/wp-content\/themes\/acmi\/static\/img\/icon\/closeColored.svg\"><\/span>\r\n\t\t<div class=\"rowMin\">\r\n\t\t\t<div class=\"row formArea\">\r\n\t\t\t\t<!-- <form class=\"row\"> -->\r\n\t\t\t\t\t<span class=\"formTitle\">DESCARGUE EL FOLLETO<\/span>\r\n\t\t\t\t\t\t\t\t\t\t<p>Rellene el formulario para descargar la informaci\u00f3n sobre ACMI S.p.A<\/p>\t\t\t\t\t<div class=\"row cf7_popup_container no_textarea form-popup-magic\" data-tipo=\"download_brochure\">\r\n\t\t\t\t\t\t<div role=\"form\" class=\"wpcf7\" id=\"wpcf7-f6536-o1\" lang=\"it-IT\" dir=\"ltr\">\n<div class=\"screen-reader-response\"><p role=\"status\" aria-live=\"polite\" aria-atomic=\"true\"><\/p> <ul><\/ul><\/div>\n<form action=\"\/es\/wp-json\/wp\/v2\/pages\/828\/#wpcf7-f6536-o1\" method=\"post\" class=\"wpcf7-form init\" novalidate=\"novalidate\" data-status=\"init\" id=\"cf7-form-69ec9184bf960\">\n<div style=\"display: none;\">\n<input type=\"hidden\" name=\"_wpcf7\" value=\"6536\" \/>\n<input type=\"hidden\" name=\"_wpcf7_version\" value=\"5.3\" \/>\n<input type=\"hidden\" name=\"_wpcf7_locale\" value=\"it_IT\" \/>\n<input type=\"hidden\" name=\"_wpcf7_unit_tag\" value=\"wpcf7-f6536-o1\" \/>\n<input type=\"hidden\" name=\"_wpcf7_container_post\" value=\"0\" \/>\n<input type=\"hidden\" name=\"_wpcf7_posted_data_hash\" value=\"\" \/>\n<\/div>\n<div class=\"formGroup\"><span class=\"wpcf7-form-control-wrap nome\"><input type=\"text\" name=\"nome\" value=\"\" size=\"40\" class=\"wpcf7-form-control wpcf7-text wpcf7-validates-as-required\" aria-required=\"true\" aria-invalid=\"false\" placeholder=\"Nombre*\" \/><\/span><\/div>\n<p><span id=\"wpcf7-69ec9184bfcd0-wrapper\" class=\"wpcf7-form-control-wrap website-fax-form-popup-es-wrap\" ><input type=\"hidden\" name=\"website-fax-form-popup-es-time-start\" value=\"1777111428\"><input type=\"hidden\" name=\"website-fax-form-popup-es-time-check\" value=\"10\"><input id=\"wpcf7-69ec9184bfcd0-field\"  placeholder=\"Fax\"  class=\"wpcf7-form-control wpcf7-text\" type=\"text\" name=\"website-fax-form-popup-es\" value=\"\" size=\"40\" tabindex=\"-1\" autocomplete=\"off\" \/><\/span><\/p>\n<div class=\"formGroup\"><span class=\"wpcf7-form-control-wrap cognome\"><input type=\"text\" name=\"cognome\" value=\"\" size=\"40\" class=\"wpcf7-form-control wpcf7-text wpcf7-validates-as-required\" aria-required=\"true\" aria-invalid=\"false\" placeholder=\"Apellido*\" \/><\/span><\/div>\n<div class=\"formGroup\">\n<span class=\"wpcf7-form-control-wrap JobFunction\"><input type=\"text\" name=\"JobFunction\" value=\"\" size=\"40\" class=\"wpcf7-form-control wpcf7-text wpcf7-validates-as-required\" aria-required=\"true\" aria-invalid=\"false\" placeholder=\"Rol corporativo*\" \/><\/span>\n<\/div>\n<div class=\"formGroup\"><span class=\"wpcf7-form-control-wrap azienda\"><input type=\"text\" name=\"azienda\" value=\"\" size=\"40\" class=\"wpcf7-form-control wpcf7-text wpcf7-validates-as-required\" aria-required=\"true\" aria-invalid=\"false\" placeholder=\"Empresa*\" \/><\/span><\/div>\n<div class=\"formGroup\"><span class=\"wpcf7-form-control-wrap nazione\"><input type=\"text\" name=\"nazione\" value=\"\" size=\"40\" class=\"wpcf7-form-control wpcf7-text wpcf7-validates-as-required\" aria-required=\"true\" aria-invalid=\"false\" placeholder=\"Pa\u00eds*\" \/><\/span><\/div>\n<div class=\"formGroup\"><span class=\"wpcf7-form-control-wrap email\"><input type=\"email\" name=\"email\" value=\"\" size=\"40\" class=\"wpcf7-form-control wpcf7-text wpcf7-email wpcf7-validates-as-required wpcf7-validates-as-email\" aria-required=\"true\" aria-invalid=\"false\" placeholder=\"E-mail*\" \/><\/span><\/div>\n<div class=\"formGroup\"><span class=\"wpcf7-form-control-wrap messaggio\"><textarea name=\"messaggio\" cols=\"40\" rows=\"10\" class=\"wpcf7-form-control wpcf7-textarea\" aria-invalid=\"false\" placeholder=\"Mensaje\"><\/textarea><\/span><\/div>\n<div class=\"formGroup littleInput\"><label><span class=\"wpcf7-form-control-wrap privacy\"><span class=\"wpcf7-form-control wpcf7-acceptance\"><span class=\"wpcf7-list-item\"><input type=\"checkbox\" name=\"privacy\" value=\"1\" aria-invalid=\"false\" \/><\/span><\/span><\/span> Autorizo a ACMI SpA a procesar mis datos personales de acuerdo con las normas de privacidad para proceder con la solicitud. Lea la pol\u00edtica de privacidad completa. <a href=\"\/es\/privacy-policy\/\" target=\"_blank\">Lea la pol\u00edtica de privacidad.<\/a><\/label><\/div>\n<div class=\"formGroup littleInput\"><label><span class=\"wpcf7-form-control-wrap marketing\"><span class=\"wpcf7-form-control wpcf7-acceptance optional\"><span class=\"wpcf7-list-item\"><input type=\"checkbox\" name=\"marketing\" value=\"1\" aria-invalid=\"false\" \/><\/span><\/span><\/span> Autorizo a ACMI SpA a tratar mis datos personales con fines de comunicaci\u00f3n comercial, tambi\u00e9n a trav\u00e9s de correo electr\u00f3nico, el fax y los SMS.<\/label><\/div>\n<p><span class=\"wpcf7-form-control-wrap pagina\"><input type=\"text\" name=\"pagina\" value=\"\" size=\"40\" class=\"wpcf7-form-control wpcf7-text pagina-campo\" aria-invalid=\"false\" \/><\/span><br \/>\n<span class=\"wpcf7-form-control-wrap modulo\"><input type=\"text\" name=\"modulo\" value=\"\" size=\"40\" class=\"wpcf7-form-control wpcf7-text modulo-campo\" aria-invalid=\"false\" \/><\/span><\/p>\n<div class=\"formGroup\"><input type=\"submit\" value=\"Enviar\" class=\"wpcf7-form-control wpcf7-submit btn button_submit\" \/><\/div>\n<div class=\"wpcf7-response-output\" aria-hidden=\"true\"><\/div><\/form><\/div>            \r\n\t\t\t\t\t<\/div>\r\n          <div class=\"wrap-success\">\r\n            <p>Gracias por rellenar el formulario <\/p>\r\n            <a class=\"btn btn_brochure_auto\" href=\"\/es\/superacmi\/\" download>Haga clic aqu\u00ed para descargar el archivo<\/a>\r\n          <\/div>\r\n\t\t\t\t<!-- <\/form> -->\r\n\t\t\t<\/div>\r\n\t\t<\/div>\r\n\t<\/div>  <\/div>\r\n<\/section>\r\n\r\n<div class=\"rowMin navigation\">\n    <div class=\" catNav rowMinLess\">\n    <a href=\"\/es\/soluciones-completas\/\" title=\"SOLUCIONES COMPLETAS\" class=\"animateEl navItem scrollAnchor\" data-animate=\"fadeInUp\" data-duration=\".9s\" data-delay=\"0.7s\"><h2>SOLUCIONES COMPLETAS<\/h2><\/a><a href=\"\/es\/maquinas-individuales\/\" title=\"M\u00c1QUINAS INDIVIDUALES\" class=\"animateEl navItem scrollAnchor\" data-animate=\"fadeInUp\" data-duration=\".9s\" data-delay=\"0.7s\"><h2>M\u00c1QUINAS INDIVIDUALES<\/h2><\/a>  <\/div>\n<\/div><section class=\"rowMin cardArea-outer-wrapper\">\n    <div class=\"cardArea\">\n        \r\n<div class=\"cardEl animateEl\" data-animate=\"zoomIn\" data-duration=\".9s\" data-delay=\"0.1s\" data-offset=\"80\">\r\n\t\t\t\t\t<a  href=\"\/es\/superacmi\/\" title=\"Super ACMI\">\t\t\t\t\t\t\t\t\t\t\t\t<div class=\"hoverBlock\" style=\"background-image:url('https:\/\/www.acmispa.it\/wp-content\/uploads\/2021\/09\/\u2013-1.png')\"><\/div>\r\n\t\t\t\t\t\t<img loading=\"lazy\" src=\"https:\/\/www.acmispa.it\/wp-content\/uploads\/2024\/09\/News1.jpg\" alt=\"Super ACMI\">\r\n\t\t\t\t\t\t<div class=\"textArea\">\r\n\t\t\t\t\t\t\t<h2 class=\"cardElTitle\">Super ACMI<\/h2>\r\n\t\t\t\t\t\t\t<p><p>Un \u00fanico socio, a partir del proceso al final de l\u00ednea. Gracias a la integraci\u00f3n de las tecnolog\u00edas de Sacmi Beverage en ACMI se han creado dos nuevas Unidades de Business bajo la marca ACMI que se incorporan a la dedicada a las instalaciones completas \u201cBottling and Packaging Systems\u201d.<\/p>\n<\/p>\r\n\t\t\t\t\t\t\t\t\t\t\t\t\t\t\t<div class=\"btn-wrapper\">\r\n\t\t\t\t\t\t\t\t\t<span class=\"asBtn\">DESCUBRE M\u00c1S<\/span>\r\n\t\t\t\t\t\t\t\t<\/div>\r\n\t\t\t\t\t\t\t\t\t\t\t\t\t<\/div>\r\n\t\t\t\t\t<\/a>\t\t\t\t<\/div>\r\n<div class=\"cardEl animateEl\" data-animate=\"zoomIn\" data-duration=\".9s\" data-delay=\"0.2s\" data-offset=\"80\">\r\n\t\t\t\t\t<a  href=\"https:\/\/www.acmispa.it\/es\/trabaja-con-nosotros\/\" title=\"TRABAJA CON NOSOTROS\">\t\t\t\t\t\t\t\t\t\t\t\t<div class=\"hoverBlock\" style=\"background-image:url('https:\/\/www.acmispa.it\/wp-content\/uploads\/2025\/07\/foto-per-home-Acmi.png')\"><\/div>\r\n\t\t\t\t\t\t<img loading=\"lazy\" src=\"https:\/\/www.acmispa.it\/wp-content\/uploads\/2021\/05\/Lavora_preview-1.jpg\" alt=\"TRABAJA CON NOSOTROS\">\r\n\t\t\t\t\t\t<div class=\"textArea\">\r\n\t\t\t\t\t\t\t<h2 class=\"cardElTitle\">TRABAJA CON NOSOTROS<\/h2>\r\n\t\t\t\t\t\t\t<p><p>\u00a1\u00danete a nuestro equipo! Consulte nuestras posiciones abiertas o env\u00edenos una candidatura espont\u00e1nea.<\/p>\n<\/p>\r\n\t\t\t\t\t\t\t\t\t\t\t\t\t\t\t<div class=\"btn-wrapper\">\r\n\t\t\t\t\t\t\t\t\t<span class=\"asBtn\">DESCUBRE M\u00c1S<\/span>\r\n\t\t\t\t\t\t\t\t<\/div>\r\n\t\t\t\t\t\t\t\t\t\t\t\t\t<\/div>\r\n\t\t\t\t\t<\/a>\t\t\t\t<\/div>\r\n<div class=\"cardEl animateEl\" data-animate=\"zoomIn\" data-duration=\".9s\" data-delay=\"0.3s\" data-offset=\"80\">\r\n\t\t\t\t\t<a  href=\"https:\/\/www.acmispa.it\/en\/operaomnia\/\" title=\"OPERA OMNIA\">\t\t\t\t\t\t\t\t\t\t\t\t<div class=\"hoverBlock\" style=\"background-image:url('https:\/\/www.acmispa.it\/wp-content\/uploads\/2025\/10\/Roll_news_operaomnia.jpg')\"><\/div>\r\n\t\t\t\t\t\t<img loading=\"lazy\" src=\"https:\/\/www.acmispa.it\/wp-content\/uploads\/2025\/10\/OperaOmnia_news.jpg\" alt=\"OPERA OMNIA\">\r\n\t\t\t\t\t\t<div class=\"textArea\">\r\n\t\t\t\t\t\t\t<h2 class=\"cardElTitle\">OPERA OMNIA<\/h2>\r\n\t\t\t\t\t\t\t<p><p>La pr\u00f3xima evoluci\u00f3n en el etiquetado de alta velocidad. Dise\u00f1ada para envases cil\u00edndricos y de forma especial de vidrio, metal o pl\u00e1stico, esta plataforma todo en uno revoluciona la decoraci\u00f3n con una precisi\u00f3n de vanguardia, inteligencia adaptativa y un dise\u00f1o modular perfectamente integrado.<\/p>\n<\/p>\r\n\t\t\t\t\t\t\t\t\t\t\t\t\t\t\t<div class=\"btn-wrapper\">\r\n\t\t\t\t\t\t\t\t\t<span class=\"asBtn\">DESCUBRE M\u00c1S<\/span>\r\n\t\t\t\t\t\t\t\t<\/div>\r\n\t\t\t\t\t\t\t\t\t\t\t\t\t<\/div>\r\n\t\t\t\t\t<\/a>\t\t\t\t<\/div>    <\/div>\n<\/section>[\/vc_column][\/vc_row]<\/p>\n","protected":false},"excerpt":{"rendered":"<p>[vc_row][vc_column][\/vc_column][\/vc_row]<\/p>\n","protected":false},"author":3,"featured_media":0,"parent":0,"menu_order":0,"comment_status":"closed","ping_status":"closed","template":"","meta":[],"yoast_head":"<!-- This site is optimized with the Yoast SEO plugin v15.2.1 - https:\/\/yoast.com\/wordpress\/plugins\/seo\/ -->\n<meta name=\"description\" content=\"ACMI S.p.A. es un fabricante italiano de l\u00edneas de envasado y embotellado flexibles y de alta tecnolog\u00eda desde 1984.\" \/>\n<meta name=\"robots\" content=\"index, follow, max-snippet:-1, max-image-preview:large, max-video-preview:-1\" \/>\n<link rel=\"canonical\" href=\"https:\/\/www.acmispa.it\/es\/\" \/>\n<meta property=\"og:locale\" content=\"es_ES\" \/>\n<meta property=\"og:type\" content=\"article\" \/>\n<meta property=\"og:title\" content=\"Home &ndash; ACMI\" \/>\n<meta property=\"og:description\" content=\"ACMI S.p.A. es un fabricante italiano de l\u00edneas de envasado y embotellado flexibles y de alta tecnolog\u00eda desde 1984.\" \/>\n<meta property=\"og:url\" content=\"https:\/\/www.acmispa.it\/es\/\" \/>\n<meta property=\"og:site_name\" content=\"ACMI\" \/>\n<meta property=\"article:modified_time\" content=\"2025-10-24T10:43:16+00:00\" \/>\n<meta property=\"og:image\" content=\"https:\/\/www.acmispa.it\/wp-content\/uploads\/2021\/10\/ShareAcmi_share_1200x630-1200x630.jpg\" \/>\n\t<meta property=\"og:image:width\" content=\"1200\" \/>\n\t<meta property=\"og:image:height\" content=\"630\" \/>\n<meta name=\"twitter:card\" content=\"summary_large_image\" \/>\n<meta name=\"twitter:creator\" content=\"@AcmiSpa\" \/>\n<meta name=\"twitter:site\" content=\"@AcmiSpa\" \/>\n<script type=\"application\/ld+json\" class=\"yoast-schema-graph\">{\"@context\":\"https:\/\/schema.org\",\"@graph\":[{\"@type\":\"Organization\",\"@id\":\"https:\/\/www.acmispa.it\/es\/#organization\",\"name\":\"ACMI S.p.a.\",\"url\":\"https:\/\/www.acmispa.it\/es\/\",\"sameAs\":[\"https:\/\/www.linkedin.com\/company\/acmi-spa\/\",\"https:\/\/twitter.com\/AcmiSpa\"],\"logo\":{\"@type\":\"ImageObject\",\"@id\":\"https:\/\/www.acmispa.it\/es\/#logo\",\"inLanguage\":\"es-ES\",\"url\":\"https:\/\/www.acmispa.it\/wp-content\/uploads\/2021\/10\/ShareAcmi_share_1200x630.jpg\",\"width\":1200,\"height\":630,\"caption\":\"ACMI S.p.a.\"},\"image\":{\"@id\":\"https:\/\/www.acmispa.it\/es\/#logo\"}},{\"@type\":\"WebSite\",\"@id\":\"https:\/\/www.acmispa.it\/es\/#website\",\"url\":\"https:\/\/www.acmispa.it\/es\/\",\"name\":\"ACMI\",\"description\":\"\",\"publisher\":{\"@id\":\"https:\/\/www.acmispa.it\/es\/#organization\"},\"potentialAction\":[{\"@type\":\"SearchAction\",\"target\":\"https:\/\/www.acmispa.it\/es\/?s={search_term_string}\",\"query-input\":\"required name=search_term_string\"}],\"inLanguage\":\"es-ES\"},{\"@type\":\"WebPage\",\"@id\":\"https:\/\/www.acmispa.it\/es\/#webpage\",\"url\":\"https:\/\/www.acmispa.it\/es\/\",\"name\":\"Home &ndash; ACMI\",\"isPartOf\":{\"@id\":\"https:\/\/www.acmispa.it\/es\/#website\"},\"datePublished\":\"2020-11-09T10:42:14+00:00\",\"dateModified\":\"2025-10-24T10:43:16+00:00\",\"description\":\"ACMI S.p.A. es un fabricante italiano de l\\u00edneas de envasado y embotellado flexibles y de alta tecnolog\\u00eda desde 1984.\",\"inLanguage\":\"es-ES\",\"potentialAction\":[{\"@type\":\"ReadAction\",\"target\":[\"https:\/\/www.acmispa.it\/es\/\"]}]}]}<\/script>\n<!-- \/ Yoast SEO plugin. -->","_links":{"self":[{"href":"https:\/\/www.acmispa.it\/es\/wp-json\/wp\/v2\/pages\/828\/"}],"collection":[{"href":"https:\/\/www.acmispa.it\/es\/wp-json\/wp\/v2\/pages\/"}],"about":[{"href":"https:\/\/www.acmispa.it\/es\/wp-json\/wp\/v2\/types\/page\/"}],"author":[{"embeddable":true,"href":"https:\/\/www.acmispa.it\/es\/wp-json\/wp\/v2\/users\/3\/"}],"replies":[{"embeddable":true,"href":"https:\/\/www.acmispa.it\/es\/wp-json\/wp\/v2\/comments\/?post=828"}],"version-history":[{"count":0,"href":"https:\/\/www.acmispa.it\/es\/wp-json\/wp\/v2\/pages\/828\/revisions\/"}],"wp:attachment":[{"href":"https:\/\/www.acmispa.it\/es\/wp-json\/wp\/v2\/media\/?parent=828"}],"curies":[{"name":"wp","href":"https:\/\/api.w.org\/{rel}","templated":true}]}}