{"id":820,"date":"2020-11-09T11:42:14","date_gmt":"2020-11-09T10:42:14","guid":{"rendered":"https:\/\/www.acmispa.it\/home-ita\/"},"modified":"2025-10-24T12:44:35","modified_gmt":"2025-10-24T10:44:35","slug":"home-ita","status":"publish","type":"page","link":"https:\/\/www.acmispa.it\/fr\/","title":{"rendered":"Home"},"content":{"rendered":"<p>[vc_row][vc_column]<section class=\"rowMin homeSlider\">\r\n\t<div class=\"row slider sliderDotsArrow\">\r\n    <!-- inizio slide -->\r\n<div class=\"row slideEl el1 slide_video_container\" >\r\n  <video class=\"video_in_slider\" autoplay=\"\" loop=\"\" muted=\"\" playsinline=\"\" poster=\"https:\/\/www.acmispa.it\/wp-content\/uploads\/2021\/09\/acmi-cover.jpg\" >\r\n    <source src=\"\/wp-content\/uploads\/2021\/09\/Video-home-page_2021_l.mp4\">\r\n  <\/video>\r\n  <div class=\"textArea\">\r\n    <div class=\"row\">\r\n      <h1 class=\"animateEl\" data-animate=\"fadeInUp\" data-duration=\".9s\" data-delay=\"0.3s\">SUPER ACMI:<br \/>\nLA NOUVELLE \u00c8RE DE L\u2019EMBOUTEILLAGE<br \/>\nET DE L\u2019EMBALLAGE<\/h1>\r\n      \r\n      <a href=\"\/fr\/superacmi\" class=\"asBtn asBtnWhite animateEl\" data-animate=\"fadeInUp\" data-duration=\".9s\" data-delay=\".5s\">En savoir plus<\/a>\r\n    <\/div>\r\n  <\/div>\r\n<\/div>\r\n<div class=\"LayerPopMsg 69eaffe518e9d move_to_LayerPopOverlay\">\r\n\t\t<span class=\"LayerPopCloseBtn closeBtn\"><img class=\"closeMenu\" src=\"https:\/\/www.acmispa.it\/wp-content\/themes\/acmi\/static\/img\/icon\/closeColored.svg\"><\/span>\r\n\t\t<div class=\"rowMin\">\r\n\t\t\t<div class=\"row formArea\">\r\n\t\t\t\t<!-- <form class=\"row\"> -->\r\n\t\t\t\t\t<span class=\"formTitle\">T\u00c9L\u00c9CHARGEZ LA BROCHURE<\/span>\r\n\t\t\t\t\t\t\t\t\t\t<p>Remplissez le formulaire pour t\u00e9l\u00e9charger l\u2019ensemble d\u2019informations sur ACMI SpA<\/p>\t\t\t\t\t<div class=\"row cf7_popup_container no_textarea form-popup-magic\" data-tipo=\"download_brochure\">\r\n\t\t\t\t\t\t<div role=\"form\" class=\"wpcf7\" id=\"wpcf7-f6554-o1\" lang=\"it-IT\" dir=\"ltr\">\n<div class=\"screen-reader-response\"><p role=\"status\" aria-live=\"polite\" aria-atomic=\"true\"><\/p> <ul><\/ul><\/div>\n<form action=\"\/fr\/wp-json\/wp\/v2\/pages\/820\/#wpcf7-f6554-o1\" method=\"post\" class=\"wpcf7-form init\" novalidate=\"novalidate\" data-status=\"init\" id=\"cf7-form-69eaffe519ca2\">\n<div style=\"display: none;\">\n<input type=\"hidden\" name=\"_wpcf7\" value=\"6554\" \/>\n<input type=\"hidden\" name=\"_wpcf7_version\" value=\"5.3\" \/>\n<input type=\"hidden\" name=\"_wpcf7_locale\" value=\"it_IT\" \/>\n<input type=\"hidden\" name=\"_wpcf7_unit_tag\" value=\"wpcf7-f6554-o1\" \/>\n<input type=\"hidden\" name=\"_wpcf7_container_post\" value=\"0\" \/>\n<input type=\"hidden\" name=\"_wpcf7_posted_data_hash\" value=\"\" \/>\n<\/div>\n<div class=\"formGroup\"><span class=\"wpcf7-form-control-wrap nome\"><input type=\"text\" name=\"nome\" value=\"\" size=\"40\" class=\"wpcf7-form-control wpcf7-text wpcf7-validates-as-required\" aria-required=\"true\" aria-invalid=\"false\" placeholder=\"Pr\u00e9nom*\" \/><\/span><\/div>\n<p><span id=\"wpcf7-69eaffe51a8a5-wrapper\" class=\"wpcf7-form-control-wrap website-fax-form-popup-fr-wrap\" ><input type=\"hidden\" name=\"website-fax-form-popup-fr-time-start\" value=\"1777008613\"><input type=\"hidden\" name=\"website-fax-form-popup-fr-time-check\" value=\"10\"><input id=\"wpcf7-69eaffe51a8a5-field\"  placeholder=\"Fax\"  class=\"wpcf7-form-control wpcf7-text\" type=\"text\" name=\"website-fax-form-popup-fr\" value=\"\" size=\"40\" tabindex=\"-1\" autocomplete=\"off\" \/><\/span><\/p>\n<div class=\"formGroup\"><span class=\"wpcf7-form-control-wrap cognome\"><input type=\"text\" name=\"cognome\" value=\"\" size=\"40\" class=\"wpcf7-form-control wpcf7-text wpcf7-validates-as-required\" aria-required=\"true\" aria-invalid=\"false\" placeholder=\"Nom*\" \/><\/span><\/div>\n<div class=\"formGroup\">\n<span class=\"wpcf7-form-control-wrap JobFunction\"><input type=\"text\" name=\"JobFunction\" value=\"\" size=\"40\" class=\"wpcf7-form-control wpcf7-text wpcf7-validates-as-required\" aria-required=\"true\" aria-invalid=\"false\" placeholder=\"R\u00f4le de l&#039;entreprise*\" \/><\/span>\n<\/div>\n<div class=\"formGroup\"><span class=\"wpcf7-form-control-wrap azienda\"><input type=\"text\" name=\"azienda\" value=\"\" size=\"40\" class=\"wpcf7-form-control wpcf7-text wpcf7-validates-as-required\" aria-required=\"true\" aria-invalid=\"false\" placeholder=\"Entreprise*\" \/><\/span><\/div>\n<div class=\"formGroup\"><span class=\"wpcf7-form-control-wrap nazione\"><input type=\"text\" name=\"nazione\" value=\"\" size=\"40\" class=\"wpcf7-form-control wpcf7-text wpcf7-validates-as-required\" aria-required=\"true\" aria-invalid=\"false\" placeholder=\"Pays*\" \/><\/span><\/div>\n<div class=\"formGroup\"><span class=\"wpcf7-form-control-wrap email\"><input type=\"email\" name=\"email\" value=\"\" size=\"40\" class=\"wpcf7-form-control wpcf7-text wpcf7-email wpcf7-validates-as-required wpcf7-validates-as-email\" aria-required=\"true\" aria-invalid=\"false\" placeholder=\"E-mail*\" \/><\/span><\/div>\n<div class=\"formGroup\"><span class=\"wpcf7-form-control-wrap messaggio\"><textarea name=\"messaggio\" cols=\"40\" rows=\"10\" class=\"wpcf7-form-control wpcf7-textarea\" aria-invalid=\"false\" placeholder=\"Message\"><\/textarea><\/span><\/div>\n<div class=\"formGroup littleInput\"><label><span class=\"wpcf7-form-control-wrap privacy\"><span class=\"wpcf7-form-control wpcf7-acceptance\"><span class=\"wpcf7-list-item\"><input type=\"checkbox\" name=\"privacy\" value=\"1\" aria-invalid=\"false\" \/><\/span><\/span><\/span> J\u2019autorise le traitement des donn\u00e9es personnelles par ACMI SpA conform\u00e9ment \u00e0 la l\u00e9gislation sur la confidentialit\u00e9 afin de donner suite \u00e0 la demande. Lisez la politique de confidentialit\u00e9 compl\u00e8te. <a href=\"\/fr\/privacy-policy\/\" target=\"_blank\">Lire la politique de confidentialit\u00e9<\/a><\/label><\/div>\n<div class=\"formGroup littleInput\"><label><span class=\"wpcf7-form-control-wrap marketing\"><span class=\"wpcf7-form-control wpcf7-acceptance optional\"><span class=\"wpcf7-list-item\"><input type=\"checkbox\" name=\"marketing\" value=\"1\" aria-invalid=\"false\" \/><\/span><\/span><\/span> J\u2019autorise le traitement des donn\u00e9es personnelles par ACMI SpA \u00e0 des fins de communication commerciale, y compris par e-mail, fax et sms.<\/label><\/div>\n<p><span class=\"wpcf7-form-control-wrap pagina\"><input type=\"text\" name=\"pagina\" value=\"\" size=\"40\" class=\"wpcf7-form-control wpcf7-text pagina-campo\" aria-invalid=\"false\" \/><\/span><br \/>\n<span class=\"wpcf7-form-control-wrap modulo\"><input type=\"text\" name=\"modulo\" value=\"\" size=\"40\" class=\"wpcf7-form-control wpcf7-text modulo-campo\" aria-invalid=\"false\" \/><\/span><\/p>\n<div class=\"formGroup\"><input type=\"submit\" value=\"Envoyer\" class=\"wpcf7-form-control wpcf7-submit btn button_submit\" \/><\/div>\n<div class=\"wpcf7-response-output\" aria-hidden=\"true\"><\/div><\/form><\/div>            \r\n\t\t\t\t\t<\/div>\r\n          <div class=\"wrap-success\">\r\n            <p>Merci d\u2019avoir rempli le formulaire <\/p>\r\n            <a class=\"btn btn_brochure_auto\" href=\"\/fr\/superacmi\" download>Cliquez ici pour t\u00e9l\u00e9charger le fichier<\/a>\r\n          <\/div>\r\n\t\t\t\t<!-- <\/form> -->\r\n\t\t\t<\/div>\r\n\t\t<\/div>\r\n\t<\/div>  <\/div>\r\n<\/section>\r\n\r\n<div class=\"rowMin navigation\">\n    <div class=\" catNav rowMinLess\">\n    <a href=\"\/fr\/solutions-completes\/\" title=\"SOLUTIONS COMPL\u00c8TES\" class=\"animateEl navItem scrollAnchor\" data-animate=\"fadeInUp\" data-duration=\".9s\" data-delay=\"0.7s\"><h2>SOLUTIONS COMPL\u00c8TES<\/h2><\/a><a href=\"\/fr\/machines-individuelles\/\" title=\"MACHINES INDIVIDUELLES\" class=\"animateEl navItem scrollAnchor\" data-animate=\"fadeInUp\" data-duration=\".9s\" data-delay=\"0.7s\"><h2>MACHINES INDIVIDUELLES<\/h2><\/a>  <\/div>\n<\/div><section class=\"rowMin cardArea-outer-wrapper\">\n    <div class=\"cardArea\">\n        \r\n<div class=\"cardEl animateEl\" data-animate=\"zoomIn\" data-duration=\".9s\" data-delay=\"0.1s\" data-offset=\"80\">\r\n\t\t\t\t\t<a  href=\"\/fr\/superacmi\/\" title=\"Super ACMI\">\t\t\t\t\t\t\t\t\t\t\t\t<div class=\"hoverBlock\" style=\"background-image:url('https:\/\/www.acmispa.it\/wp-content\/uploads\/2021\/09\/\u2013-1.png')\"><\/div>\r\n\t\t\t\t\t\t<img loading=\"lazy\" src=\"https:\/\/www.acmispa.it\/wp-content\/uploads\/2024\/09\/News1.jpg\" alt=\"Super ACMI\">\r\n\t\t\t\t\t\t<div class=\"textArea\">\r\n\t\t\t\t\t\t\t<h2 class=\"cardElTitle\">Super ACMI<\/h2>\r\n\t\t\t\t\t\t\t<p><p>Un seul partenaire, du processus jusqu\u2019\u00e0 la fin de ligne. Gr\u00e2ce \u00e0 l&#8217;int\u00e9gration des technologies de Sacmi Beverage dans ACMI, deux nouvelles Business Units ont \u00e9t\u00e9 cr\u00e9\u00e9es sous la marque ACMI, \u00e0 c\u00f4t\u00e9 de celle d\u00e9di\u00e9e aux syst\u00e8mes complets d\u2019embouteillage et d\u2019emballage.<\/p>\n<\/p>\r\n\t\t\t\t\t\t\t\t\t\t\t\t\t\t\t<div class=\"btn-wrapper\">\r\n\t\t\t\t\t\t\t\t\t<span class=\"asBtn\">EN SAVOIR PLUS<\/span>\r\n\t\t\t\t\t\t\t\t<\/div>\r\n\t\t\t\t\t\t\t\t\t\t\t\t\t<\/div>\r\n\t\t\t\t\t<\/a>\t\t\t\t<\/div>\r\n<div class=\"cardEl animateEl\" data-animate=\"zoomIn\" data-duration=\".9s\" data-delay=\"0.2s\" data-offset=\"80\">\r\n\t\t\t\t\t<a  href=\"\/travaillez-avec-nous\/\" title=\"TRAVAILLEZ AVEC NOUS\">\t\t\t\t\t\t\t\t\t\t\t\t<div class=\"hoverBlock\" style=\"background-image:url('https:\/\/www.acmispa.it\/wp-content\/uploads\/2025\/07\/foto-per-home-Acmi.png')\"><\/div>\r\n\t\t\t\t\t\t<img loading=\"lazy\" src=\"https:\/\/www.acmispa.it\/wp-content\/uploads\/2021\/05\/Lavora_preview-1.jpg\" alt=\"TRAVAILLEZ AVEC NOUS\">\r\n\t\t\t\t\t\t<div class=\"textArea\">\r\n\t\t\t\t\t\t\t<h2 class=\"cardElTitle\">TRAVAILLEZ AVEC NOUS<\/h2>\r\n\t\t\t\t\t\t\t<p><p>Rejoignez notre \u00e9quipe ! D\u00e9couvrez les positions ouvertes ou envoyez-nous une candidature spontan\u00e9e.<\/p>\n<\/p>\r\n\t\t\t\t\t\t\t\t\t\t\t\t\t\t\t<div class=\"btn-wrapper\">\r\n\t\t\t\t\t\t\t\t\t<span class=\"asBtn\">EN SAVOIR PLUS<\/span>\r\n\t\t\t\t\t\t\t\t<\/div>\r\n\t\t\t\t\t\t\t\t\t\t\t\t\t<\/div>\r\n\t\t\t\t\t<\/a>\t\t\t\t<\/div>\r\n<div class=\"cardEl animateEl\" data-animate=\"zoomIn\" data-duration=\".9s\" data-delay=\"0.3s\" data-offset=\"80\">\r\n\t\t\t\t\t<a  href=\"https:\/\/www.acmispa.it\/en\/operaomnia\/\" title=\"OPERA OMNIA\">\t\t\t\t\t\t\t\t\t\t\t\t<div class=\"hoverBlock\" style=\"background-image:url('https:\/\/www.acmispa.it\/wp-content\/uploads\/2025\/10\/Roll_news_operaomnia.jpg')\"><\/div>\r\n\t\t\t\t\t\t<img loading=\"lazy\" src=\"https:\/\/www.acmispa.it\/wp-content\/uploads\/2025\/10\/OperaOmnia_news.jpg\" alt=\"OPERA OMNIA\">\r\n\t\t\t\t\t\t<div class=\"textArea\">\r\n\t\t\t\t\t\t\t<h2 class=\"cardElTitle\">OPERA OMNIA<\/h2>\r\n\t\t\t\t\t\t\t<p><p>La nouvelle \u00e9volution de l\u2019\u00e9tiquetage \u00e0 grande vitesse. Con\u00e7ue pour les contenants cylindriques ou de forme sp\u00e9ciale en verre, m\u00e9tal ou plastique, cette plateforme tout-en-un r\u00e9volutionne la d\u00e9coration gr\u00e2ce \u00e0 une pr\u00e9cision de pointe, une intelligence adaptative et un design modulaire fluide.<\/p>\n<\/p>\r\n\t\t\t\t\t\t\t\t\t\t\t\t\t\t\t<div class=\"btn-wrapper\">\r\n\t\t\t\t\t\t\t\t\t<span class=\"asBtn\">EN SAVOIR PLUS<\/span>\r\n\t\t\t\t\t\t\t\t<\/div>\r\n\t\t\t\t\t\t\t\t\t\t\t\t\t<\/div>\r\n\t\t\t\t\t<\/a>\t\t\t\t<\/div>    <\/div>\n<\/section>[\/vc_column][\/vc_row]<\/p>\n","protected":false},"excerpt":{"rendered":"<p>[vc_row][vc_column][\/vc_column][\/vc_row]<\/p>\n","protected":false},"author":3,"featured_media":0,"parent":0,"menu_order":0,"comment_status":"closed","ping_status":"closed","template":"","meta":[],"yoast_head":"<!-- This site is optimized with the Yoast SEO plugin v15.2.1 - https:\/\/yoast.com\/wordpress\/plugins\/seo\/ -->\n<meta name=\"description\" content=\"ACMI S.p.A. est un fabricant italien de lignes d&#039;embouteillage et de conditionnement de haute technologie et flexibles depuis 1984.\" \/>\n<meta name=\"robots\" content=\"index, follow, max-snippet:-1, max-image-preview:large, max-video-preview:-1\" \/>\n<link rel=\"canonical\" href=\"https:\/\/www.acmispa.it\/fr\/\" \/>\n<meta property=\"og:locale\" content=\"fr_FR\" \/>\n<meta property=\"og:type\" content=\"article\" \/>\n<meta property=\"og:title\" content=\"Home &ndash; ACMI\" \/>\n<meta property=\"og:description\" content=\"ACMI S.p.A. est un fabricant italien de lignes d&#039;embouteillage et de conditionnement de haute technologie et flexibles depuis 1984.\" \/>\n<meta property=\"og:url\" content=\"https:\/\/www.acmispa.it\/fr\/\" \/>\n<meta property=\"og:site_name\" content=\"ACMI\" \/>\n<meta property=\"article:modified_time\" content=\"2025-10-24T10:44:35+00:00\" \/>\n<meta property=\"og:image\" content=\"https:\/\/www.acmispa.it\/wp-content\/uploads\/2021\/10\/ShareAcmi_share_1200x630-1200x630.jpg\" \/>\n\t<meta property=\"og:image:width\" content=\"1200\" \/>\n\t<meta property=\"og:image:height\" content=\"630\" \/>\n<meta name=\"twitter:card\" content=\"summary_large_image\" \/>\n<meta name=\"twitter:creator\" content=\"@AcmiSpa\" \/>\n<meta name=\"twitter:site\" content=\"@AcmiSpa\" \/>\n<script type=\"application\/ld+json\" class=\"yoast-schema-graph\">{\"@context\":\"https:\/\/schema.org\",\"@graph\":[{\"@type\":\"Organization\",\"@id\":\"https:\/\/www.acmispa.it\/es\/#organization\",\"name\":\"ACMI S.p.a.\",\"url\":\"https:\/\/www.acmispa.it\/es\/\",\"sameAs\":[\"https:\/\/www.linkedin.com\/company\/acmi-spa\/\",\"https:\/\/twitter.com\/AcmiSpa\"],\"logo\":{\"@type\":\"ImageObject\",\"@id\":\"https:\/\/www.acmispa.it\/es\/#logo\",\"inLanguage\":\"fr-FR\",\"url\":\"https:\/\/www.acmispa.it\/wp-content\/uploads\/2021\/10\/ShareAcmi_share_1200x630.jpg\",\"width\":1200,\"height\":630,\"caption\":\"ACMI S.p.a.\"},\"image\":{\"@id\":\"https:\/\/www.acmispa.it\/es\/#logo\"}},{\"@type\":\"WebSite\",\"@id\":\"https:\/\/www.acmispa.it\/es\/#website\",\"url\":\"https:\/\/www.acmispa.it\/es\/\",\"name\":\"ACMI\",\"description\":\"\",\"publisher\":{\"@id\":\"https:\/\/www.acmispa.it\/es\/#organization\"},\"potentialAction\":[{\"@type\":\"SearchAction\",\"target\":\"https:\/\/www.acmispa.it\/es\/?s={search_term_string}\",\"query-input\":\"required name=search_term_string\"}],\"inLanguage\":\"fr-FR\"},{\"@type\":\"WebPage\",\"@id\":\"https:\/\/www.acmispa.it\/fr\/#webpage\",\"url\":\"https:\/\/www.acmispa.it\/fr\/\",\"name\":\"Home &ndash; ACMI\",\"isPartOf\":{\"@id\":\"https:\/\/www.acmispa.it\/es\/#website\"},\"datePublished\":\"2020-11-09T10:42:14+00:00\",\"dateModified\":\"2025-10-24T10:44:35+00:00\",\"description\":\"ACMI S.p.A. est un fabricant italien de lignes d'embouteillage et de conditionnement de haute technologie et flexibles depuis 1984.\",\"inLanguage\":\"fr-FR\",\"potentialAction\":[{\"@type\":\"ReadAction\",\"target\":[\"https:\/\/www.acmispa.it\/fr\/\"]}]}]}<\/script>\n<!-- \/ Yoast SEO plugin. -->","_links":{"self":[{"href":"https:\/\/www.acmispa.it\/fr\/wp-json\/wp\/v2\/pages\/820\/"}],"collection":[{"href":"https:\/\/www.acmispa.it\/fr\/wp-json\/wp\/v2\/pages\/"}],"about":[{"href":"https:\/\/www.acmispa.it\/fr\/wp-json\/wp\/v2\/types\/page\/"}],"author":[{"embeddable":true,"href":"https:\/\/www.acmispa.it\/fr\/wp-json\/wp\/v2\/users\/3\/"}],"replies":[{"embeddable":true,"href":"https:\/\/www.acmispa.it\/fr\/wp-json\/wp\/v2\/comments\/?post=820"}],"version-history":[{"count":0,"href":"https:\/\/www.acmispa.it\/fr\/wp-json\/wp\/v2\/pages\/820\/revisions\/"}],"wp:attachment":[{"href":"https:\/\/www.acmispa.it\/fr\/wp-json\/wp\/v2\/media\/?parent=820"}],"curies":[{"name":"wp","href":"https:\/\/api.w.org\/{rel}","templated":true}]}}