{"id":6784,"date":"2022-04-04T15:10:46","date_gmt":"2022-04-04T13:10:46","guid":{"rendered":"https:\/\/www.acmispa.it\/?page_id=6784"},"modified":"2022-04-04T15:10:46","modified_gmt":"2022-04-04T13:10:46","slug":"elektryk-instalator-elektryczny","status":"publish","type":"page","link":"https:\/\/www.acmispa.it\/pl\/pracuj-z-nami\/elektryk-instalator-elektryczny\/","title":{"rendered":"ELEKTRYK\/INSTALATOR ELEKTRYCZNY"},"content":{"rendered":"<p>[vc_row][vc_column]<!-- og image -->\n\n  <!--****https:\/\/www.acmispa.it\/wp-content\/uploads\/2022\/02\/Lavora-con-noi_Acmi-1200x630.jpg****-->\n \n<!-- og image -->\n\n  <!--****@ELEKTRYK\/INSTALATOR ELEKTRYCZNY@****-->\n  \n<section class=\"rowMin bigBanner\" id=\"riga0\">\n  <div id=\"69fb1a96ddd5f\" class=\"innerBanner ar_lazy ar_wait\"  data-image=\"https:\/\/www.acmispa.it\/wp-content\/uploads\/2022\/02\/Lavora-con-noi_Acmi.jpg\">\n    <img data-target=\"#69fb1a96ddd5f\"class=\"ar_s_load\" src=\"https:\/\/www.acmispa.it\/wp-content\/uploads\/2022\/02\/Lavora-con-noi_Acmi.jpg\"  >\n    <div class=\"filter\"><\/div>\n    <header class=\"animateEl\" data-animate=\"fadeInUp\" data-duration=\".6s\" data-delay=\"0.2s\">\n      <h1>Pracuj Z Nami<\/h1>\t\t\t\t\t\t\n    <\/header>\n    <div class=\"leftArea animateEl\" data-animate=\"fadeInUp\" data-duration=\".6s\" data-delay=\"0.2s\">\n      <h2>ELEKTRYK\/INSTALATOR ELEKTRYCZNY<\/h2>    <\/div>\n      <\/div>\n  <div class=\"lateralCTA\">\n    <div class=\"innerWrap\">\n    <div class=\"ctaEl animateEl\" data-animate=\"fadeInRight\" data-duration=\".6s\" data-delay=\"0.2s\">\n        <a class=\"pointer download_br openLayerPop\" lpID=\"form69fb1a96ddbcc\" title=\"BROCHURE\">\n          <img  loading=\"lazy\" src=\"\/wp-content\/uploads\/2020\/12\/brochure.svg\" alt=\"BROCHURE\">\n          <span>BROCHURE<\/span>\n        <\/a>\n    <\/div>\n    \n    <div class=\"ctaEl animateEl\" data-animate=\"fadeInRight\" data-duration=\".6s\" data-delay=\"0.3s\">\n        <a href=\"\/pl\/kontakt\/\" title=\"Kontakt\">\n          <img  loading=\"lazy\" src=\"\/wp-content\/uploads\/2020\/12\/contactMe.svg\" alt=\"Kontakt\">\n          <span>Kontakty<\/span>\n        <\/a>\n      <\/div>\n    \n      \n      \n    <\/div>\n  <\/div>\n  \n  <!-- form -->\n  \t<div class=\"LayerPopMsg form69fb1a96ddbcc move_to_LayerPopOverlay\">\n\t\t<span class=\"LayerPopCloseBtn closeBtn\"><img class=\"closeMenu\" src=\"https:\/\/www.acmispa.it\/wp-content\/themes\/acmi\/static\/img\/icon\/closeColored.svg\"><\/span>\n\t\t<div class=\"rowMin\">\n\t\t\t<div class=\"row formArea\">\n\t\t\t\t<!-- <form class=\"row\"> -->\n\t\t\t\t<span class=\"formTitle\">POBIERZ BROSZUR\u0118 <\/span>\n\t\t\t\t<p>Wype\u0142nij formularz, aby pobra\u0107 zestaw informacji o ACMI SpA<\/p>\n\t\t\t\t<div class=\"row cf7_popup_container no_textarea form-popup-magic\" data-tipo=\"download_brochure\">\n\t\t\t\t\t<div role=\"form\" class=\"wpcf7\" id=\"wpcf7-f6555-o1\" lang=\"it-IT\" dir=\"ltr\">\n<div class=\"screen-reader-response\"><p role=\"status\" aria-live=\"polite\" aria-atomic=\"true\"><\/p> <ul><\/ul><\/div>\n<form action=\"\/pl\/wp-json\/wp\/v2\/pages\/6784\/#wpcf7-f6555-o1\" method=\"post\" class=\"wpcf7-form init\" novalidate=\"novalidate\" data-status=\"init\" id=\"cf7-form-69fb1a96ddf3f\">\n<div style=\"display: none;\">\n<input type=\"hidden\" name=\"_wpcf7\" value=\"6555\" \/>\n<input type=\"hidden\" name=\"_wpcf7_version\" value=\"5.3\" \/>\n<input type=\"hidden\" name=\"_wpcf7_locale\" value=\"it_IT\" \/>\n<input type=\"hidden\" name=\"_wpcf7_unit_tag\" value=\"wpcf7-f6555-o1\" \/>\n<input type=\"hidden\" name=\"_wpcf7_container_post\" value=\"0\" \/>\n<input type=\"hidden\" name=\"_wpcf7_posted_data_hash\" value=\"\" \/>\n<\/div>\n<div class=\"formGroup\"><span class=\"wpcf7-form-control-wrap nome\"><input type=\"text\" name=\"nome\" value=\"\" size=\"40\" class=\"wpcf7-form-control wpcf7-text wpcf7-validates-as-required\" aria-required=\"true\" aria-invalid=\"false\" placeholder=\"Imi\u0119*\" \/><\/span><\/div>\n<p><span id=\"wpcf7-69fb1a96de234-wrapper\" class=\"wpcf7-form-control-wrap website-fax-form-popup-pol-wrap\" ><input type=\"hidden\" name=\"website-fax-form-popup-pol-time-start\" value=\"1778064022\"><input type=\"hidden\" name=\"website-fax-form-popup-pol-time-check\" value=\"10\"><input id=\"wpcf7-69fb1a96de234-field\"  placeholder=\"Fax\"  class=\"wpcf7-form-control wpcf7-text\" type=\"text\" name=\"website-fax-form-popup-pol\" value=\"\" size=\"40\" tabindex=\"-1\" autocomplete=\"off\" \/><\/span><\/p>\n<div class=\"formGroup\"><span class=\"wpcf7-form-control-wrap cognome\"><input type=\"text\" name=\"cognome\" value=\"\" size=\"40\" class=\"wpcf7-form-control wpcf7-text wpcf7-validates-as-required\" aria-required=\"true\" aria-invalid=\"false\" placeholder=\"Nazwisko*\" \/><\/span><\/div>\n<div class=\"formGroup\">\n<span class=\"wpcf7-form-control-wrap JobFunction\"><input type=\"text\" name=\"JobFunction\" value=\"\" size=\"40\" class=\"wpcf7-form-control wpcf7-text wpcf7-validates-as-required\" aria-required=\"true\" aria-invalid=\"false\" placeholder=\"Rola korporacyjna*\" \/><\/span>\n<\/div>\n<div class=\"formGroup\"><span class=\"wpcf7-form-control-wrap azienda\"><input type=\"text\" name=\"azienda\" value=\"\" size=\"40\" class=\"wpcf7-form-control wpcf7-text wpcf7-validates-as-required\" aria-required=\"true\" aria-invalid=\"false\" placeholder=\"Firma*\" \/><\/span><\/div>\n<div class=\"formGroup\"><span class=\"wpcf7-form-control-wrap nazione\"><input type=\"text\" name=\"nazione\" value=\"\" size=\"40\" class=\"wpcf7-form-control wpcf7-text wpcf7-validates-as-required\" aria-required=\"true\" aria-invalid=\"false\" placeholder=\"Kraj*\" \/><\/span><\/div>\n<div class=\"formGroup\"><span class=\"wpcf7-form-control-wrap email\"><input type=\"email\" name=\"email\" value=\"\" size=\"40\" class=\"wpcf7-form-control wpcf7-text wpcf7-email wpcf7-validates-as-required wpcf7-validates-as-email\" aria-required=\"true\" aria-invalid=\"false\" placeholder=\"Email*\" \/><\/span><\/div>\n<div class=\"formGroup\"><span class=\"wpcf7-form-control-wrap messaggio\"><textarea name=\"messaggio\" cols=\"40\" rows=\"10\" class=\"wpcf7-form-control wpcf7-textarea\" aria-invalid=\"false\" placeholder=\"Wiadomo\u015b\u0107\"><\/textarea><\/span><\/div>\n<div class=\"formGroup littleInput\"><label><span class=\"wpcf7-form-control-wrap privacy\"><span class=\"wpcf7-form-control wpcf7-acceptance\"><span class=\"wpcf7-list-item\"><input type=\"checkbox\" name=\"privacy\" value=\"1\" aria-invalid=\"false\" \/><\/span><\/span><\/span> Wyra\u017cam zgod\u0119 na przetwarzanie danych osobowych przez ACMI SpA zgodnie z przepisami o ochronie prywatno\u015bci w celu rozpatrzenia wniosku. Zapoznaj si\u0119 z pe\u0142n\u0105 polityk\u0105 prywatno\u015bci. <a href=\"\/pl\/privacy-policy\/\" target=\"_blank\">Przeczytaj polityk\u0119 prywatno\u015bci<\/a><\/label><\/div>\n<div class=\"formGroup littleInput\"><label><span class=\"wpcf7-form-control-wrap marketing\"><span class=\"wpcf7-form-control wpcf7-acceptance optional\"><span class=\"wpcf7-list-item\"><input type=\"checkbox\" name=\"marketing\" value=\"1\" aria-invalid=\"false\" \/><\/span><\/span><\/span> Wyra\u017cam zgod\u0119 na przetwarzanie danych osobowych przez ACMI SpA w celach komunikacji handlowej, w tym poprzez e-mail, fax i sms.<\/label><\/div>\n<p><span class=\"wpcf7-form-control-wrap pagina\"><input type=\"text\" name=\"pagina\" value=\"\" size=\"40\" class=\"wpcf7-form-control wpcf7-text pagina-campo\" aria-invalid=\"false\" \/><\/span><br \/>\n<span class=\"wpcf7-form-control-wrap modulo\"><input type=\"text\" name=\"modulo\" value=\"\" size=\"40\" class=\"wpcf7-form-control wpcf7-text modulo-campo\" aria-invalid=\"false\" \/><\/span><\/p>\n<div class=\"formGroup\"><input type=\"submit\" value=\"Wy\u015blij\" class=\"wpcf7-form-control wpcf7-submit btn button_submit\" \/><\/div>\n<div class=\"wpcf7-response-output\" aria-hidden=\"true\"><\/div><\/form><\/div>\t\t\n\t\t\t\t<\/div>\n\t\t\t  <div class=\"wrap-success\">\n\t\t\t\t<p>Dzi\u0119kujemy za wype\u0142nienie formularza <\/p>\n\t\t\t\t<a class=\"btn btn_brochure_auto\" href=\"https:\/\/www.acmispa.it\/wp-content\/uploads\/2025\/01\/CompanyProfile_web2025-EN.pdf\" download>Kliknij tutaj, aby pobra\u0107 plik<\/a>\n\t\t\t  <\/div>\n\t\t\t\t<!-- <\/form> -->\n\t\t\t<\/div>\n\t\t<\/div>\n\t<\/div>\n  <!-- fine form -->\n<\/section>\n\n\n\n<!-- - --><main class=\"row testo_istituzionale_render\">\n  <section class=\"rowMin  centeredBlock  animateEl \" data-animate=\"fadeIn\" data-duration=\".6s\" data-delay=\"0.2s\" style=\"background-color:transparent\" id=\"\">\n    <div class=\"maxWidthBlock alignLeft\">\n      <h2>Pracuj Z Nami<\/h2>\n      <div ><h3>POZ. 4 \u2013 ELEKTRYK\/INSTALATOR ELEKTRYCZNY<\/h3><p class=\"\">W celu wzmocnienia naszych zak\u0142ad\u00f3w produkcyjnych oraz dzia\u0142u Obs\u0142ugi Klienta, poszukujemy elektryk\u00f3w\/monter\u00f3w instalacji elektrycznych.<\/p>\n<p>Do zada\u0144 kandydata b\u0119d\u0105 nale\u017ca\u0142y:<\/p>\n<ul>\n<li>- monta\u017c instalacji elektrycznych przemys\u0142owych na maszynie;<\/li>\n<li>- monta\u017c fotokom\u00f3rek i czujnik\u00f3w;<\/li>\n<li>- monta\u017c silnik\u00f3w elektrycznych;<\/li>\n<li>- okablowanie i sterowanie szaf elektrycznych;<\/li>\n<li>- test zainstalowanych komponent\u00f3w (fotokom\u00f3rki, czujniki, silniki elektryczne itd.);<\/li>\n<li>- demonta\u017c komponent\u00f3w elektrycznych i przygotowanie do wysy\u0142ki;<\/li>\n<li>- instalacja i konserwacja maszyny w siedzibie klienta.<\/li>\n<\/ul>\n<p>O co prosimy:<\/p>\n<ul>\n<li>- dyplom uko\u0144czenia szko\u0142y \u015bredniej w zakresie technika elektryka\/elektronika;<\/li>\n<li>- umiej\u0119tno\u015b\u0107 czytania rysunk\u00f3w CAD;<\/li>\n<li>- precyzja i dba\u0142o\u015b\u0107 o szczeg\u00f3\u0142y;<\/li>\n<li>- zdolno\u015b\u0107 do pracy w grupie;<\/li>\n<li>- dost\u0119pno\u015b\u0107 do wyjazd\u00f3w s\u0142u\u017cbowych na terenie kraju i zagranicznych.<\/li>\n<\/ul>\n<p>Pracownik b\u0119dzie podlega\u0142 bezpo\u015brednio Kierownikowi Zak\u0142adu, klasyfikacja i wynagrodzenie b\u0119d\u0105 zgodne z wykazanym poziomem profesjonalizmu i zaprezentowanych kompetencji.<\/p>\n<p>Siedziba pracy: Fornovo Taro (PR), W\u0142ochy.<\/p><\/div>    \n      <div class=\"timelineWraptarget\">\n      <\/div>\n    <\/div>\n  <\/section>\n<\/main>  <main class=\"row ar_section_form_container\">\r\n    <section class=\"rowMin ar_section_form centeredBlock animateEl fadeIn animated\" data-animate=\"fadeIn\" data-duration=\".6s\" data-delay=\"0.2s\" id=\"storiaBlock\" style=\"animation-duration: 0.6s; animation-delay: 0.2s; visibility: visible;\">\r\n\t\t\t<div class=\"maxWidthBlock alignLeft ar_left_form\">\r\n                <div class=\"formArea\">\r\n                              <span class=\"formTitle ar-move-inner\" data-target=\"#69fb1a96de460\">PRZE\u015aLIJ KANDYDATUR\u0118<\/span>\r\n          <div id=\"69fb1a96de460\">\r\n          <div role=\"form\" class=\"wpcf7\" id=\"wpcf7-f6561-o2\" lang=\"it-IT\" dir=\"ltr\">\n<div class=\"screen-reader-response\"><p role=\"status\" aria-live=\"polite\" aria-atomic=\"true\"><\/p> <ul><\/ul><\/div>\n<form action=\"\/pl\/wp-json\/wp\/v2\/pages\/6784\/#wpcf7-f6561-o2\" method=\"post\" class=\"wpcf7-form init\" enctype=\"multipart\/form-data\" novalidate=\"novalidate\" data-status=\"init\" id=\"cf7-form-69fb1a96de462\">\n<div style=\"display: none;\">\n<input type=\"hidden\" name=\"_wpcf7\" value=\"6561\" \/>\n<input type=\"hidden\" name=\"_wpcf7_version\" value=\"5.3\" \/>\n<input type=\"hidden\" name=\"_wpcf7_locale\" value=\"it_IT\" \/>\n<input type=\"hidden\" name=\"_wpcf7_unit_tag\" value=\"wpcf7-f6561-o2\" \/>\n<input type=\"hidden\" name=\"_wpcf7_container_post\" value=\"0\" \/>\n<input type=\"hidden\" name=\"_wpcf7_posted_data_hash\" value=\"\" \/>\n<\/div>\n<p><label>Imi\u0119*<\/label><br \/>\n<span class=\"wpcf7-form-control-wrap nome\"><input type=\"text\" name=\"nome\" value=\"\" size=\"40\" class=\"wpcf7-form-control wpcf7-text wpcf7-validates-as-required\" aria-required=\"true\" aria-invalid=\"false\" \/><\/span><br \/>\n<span id=\"wpcf7-69fb1a96de6c0-wrapper\" class=\"wpcf7-form-control-wrap website-fax-lavora-pol-wrap\" ><input type=\"hidden\" name=\"website-fax-lavora-pol-time-start\" value=\"1778064022\"><input type=\"hidden\" name=\"website-fax-lavora-pol-time-check\" value=\"10\"><input id=\"wpcf7-69fb1a96de6c0-field\"  placeholder=\"Fax\"  class=\"wpcf7-form-control wpcf7-text\" type=\"text\" name=\"website-fax-lavora-pol\" value=\"\" size=\"40\" tabindex=\"-1\" autocomplete=\"off\" \/><\/span><\/p>\n<p><label>Nazwisko*<\/label><br \/>\n<span class=\"wpcf7-form-control-wrap cognome\"><input type=\"text\" name=\"cognome\" value=\"\" size=\"40\" class=\"wpcf7-form-control wpcf7-text wpcf7-validates-as-required\" aria-required=\"true\" aria-invalid=\"false\" \/><\/span><\/p>\n<p><label>Kraj*<\/label><br \/>\n<span class=\"wpcf7-form-control-wrap nazione\"><input type=\"text\" name=\"nazione\" value=\"\" size=\"40\" class=\"wpcf7-form-control wpcf7-text wpcf7-validates-as-required\" aria-required=\"true\" aria-invalid=\"false\" \/><\/span><\/p>\n<p><label>Email*<\/label><br \/>\n<span class=\"wpcf7-form-control-wrap email\"><input type=\"email\" name=\"email\" value=\"\" size=\"40\" class=\"wpcf7-form-control wpcf7-text wpcf7-email wpcf7-validates-as-required wpcf7-validates-as-email\" aria-required=\"true\" aria-invalid=\"false\" \/><\/span><\/p>\n<p><label>Miejsce, do kt\u00f3rego wysy\u0142asz swoj\u0105 kandydatur\u0119<\/label><br \/>\n<span class=\"wpcf7-form-control-wrap stabilimento\"><select name=\"stabilimento\" class=\"wpcf7-form-control wpcf7-select wpcf7-validates-as-required\" id=\"stabilimento-select\" aria-required=\"true\" aria-invalid=\"false\"><option value=\"---\">---<\/option><option value=\"Fornovo Taro (PR) - IT\">Fornovo Taro (PR) - IT<\/option><option value=\"Ramoscello di Sorbolo (PR) - IT\">Ramoscello di Sorbolo (PR) - IT<\/option><option value=\"Mozzecane (VR) - IT\">Mozzecane (VR) - IT<\/option><\/select><\/span><\/p>\n<p><label>Uwagi<\/label><br \/>\n    <span class=\"wpcf7-form-control-wrap your-message\"><textarea name=\"your-message\" cols=\"40\" rows=\"10\" class=\"wpcf7-form-control wpcf7-textarea\" aria-invalid=\"false\"><\/textarea><\/span><\/p>\n<div class=\"formGroup uploadFile file_IT\" data-label=\"Prze\u015blij curriculum\">\n<span class=\"wpcf7-form-control-wrap file-812\"><input type=\"file\" name=\"file-812\" size=\"40\" class=\"wpcf7-form-control wpcf7-file\" accept=\".jpg,.jpeg,.png,.gif,.pdf,.doc,.docx,.ppt,.pptx,.odt,.avi,.ogg,.m4a,.mov,.mp3,.mp4,.mpg,.wav,.wmv\" aria-invalid=\"false\" \/><\/span><\/div>\n<p>Preferowane s\u0105 \u017cyciorysy sporz\u0105dzone w formacie europejskim (<a href=\"https:\/\/europass.cedefop.europa.eu\/europass\/home\/vernav\/Europass+Documents\/Europass+CV.csp\">see website<\/a>)<\/p>\n<p><span class=\"wpcf7-form-control-wrap privacy\"><span class=\"wpcf7-form-control wpcf7-acceptance\"><span class=\"wpcf7-list-item\"><input type=\"checkbox\" name=\"privacy\" value=\"1\" aria-invalid=\"false\" \/><\/span><\/span><\/span> Wyra\u017cam zgod\u0119 na przetwarzanie danych osobowych przez ACMI SpA zgodnie z przepisami o ochronie prywatno\u015bci w celu rozpatrzenia wniosku. <a target=\"_blank\" href=\"\/pl\/privacy-policy-pracuj-z-nami\/\">Zapoznaj si\u0119 z pe\u0142n\u0105 polityk\u0105 prywatno\u015bci<\/a><br \/>\n<span class=\"wpcf7-form-control-wrap pagina\"><input type=\"text\" name=\"pagina\" value=\"\" size=\"40\" class=\"wpcf7-form-control wpcf7-text pagina-campo\" aria-invalid=\"false\" \/><\/span><span class=\"wpcf7-form-control-wrap modulo\"><input type=\"text\" name=\"modulo\" value=\"\" size=\"40\" class=\"wpcf7-form-control wpcf7-text modulo-campo\" aria-invalid=\"false\" \/><\/span><br \/>\n<input type=\"submit\" value=\"Wy\u015blij\" class=\"wpcf7-form-control wpcf7-submit\" \/><\/p>\n<div class=\"wpcf7-response-output\" aria-hidden=\"true\"><\/div><\/form><\/div>          <\/div>\r\n        <\/div>\r\n      <\/div>\r\n    <\/section>\r\n  <\/main>\r\n  [\/vc_column][\/vc_row]<\/p>\n","protected":false},"excerpt":{"rendered":"<p>[vc_row][vc_column][\/vc_column][\/vc_row]<\/p>\n","protected":false},"author":3,"featured_media":0,"parent":606,"menu_order":0,"comment_status":"closed","ping_status":"closed","template":"","meta":[],"yoast_head":"<!-- This site is optimized with the Yoast SEO plugin v15.2.1 - https:\/\/yoast.com\/wordpress\/plugins\/seo\/ -->\n<meta name=\"robots\" content=\"index, follow, max-snippet:-1, max-image-preview:large, max-video-preview:-1\" \/>\n<link rel=\"canonical\" href=\"https:\/\/www.acmispa.it\/pl\/pracuj-z-nami\/elektryk-instalator-elektryczny\/\" \/>\n<meta property=\"og:locale\" content=\"pl_PL\" \/>\n<meta property=\"og:type\" content=\"article\" \/>\n<meta property=\"og:title\" content=\"ELEKTRYK\/INSTALATOR ELEKTRYCZNY &ndash; ACMI\" \/>\n<meta property=\"og:description\" content=\"[vc_row][vc_column][\/vc_column][\/vc_row]\" \/>\n<meta property=\"og:url\" content=\"https:\/\/www.acmispa.it\/pl\/pracuj-z-nami\/elektryk-instalator-elektryczny\/\" \/>\n<meta property=\"og:site_name\" content=\"ACMI\" \/>\n<meta property=\"og:image\" content=\"https:\/\/www.acmispa.it\/wp-content\/uploads\/2021\/10\/ShareAcmi_share_1200x630-1200x630.jpg\" \/>\n\t<meta property=\"og:image:width\" content=\"1200\" \/>\n\t<meta property=\"og:image:height\" content=\"630\" \/>\n<meta name=\"twitter:card\" content=\"summary_large_image\" \/>\n<meta name=\"twitter:creator\" content=\"@AcmiSpa\" \/>\n<meta name=\"twitter:site\" content=\"@AcmiSpa\" \/>\n<script type=\"application\/ld+json\" class=\"yoast-schema-graph\">{\"@context\":\"https:\/\/schema.org\",\"@graph\":[{\"@type\":\"Organization\",\"@id\":\"https:\/\/www.acmispa.it\/es\/#organization\",\"name\":\"ACMI S.p.a.\",\"url\":\"https:\/\/www.acmispa.it\/es\/\",\"sameAs\":[\"https:\/\/www.linkedin.com\/company\/acmi-spa\/\",\"https:\/\/twitter.com\/AcmiSpa\"],\"logo\":{\"@type\":\"ImageObject\",\"@id\":\"https:\/\/www.acmispa.it\/es\/#logo\",\"inLanguage\":\"pl-PL\",\"url\":\"https:\/\/www.acmispa.it\/wp-content\/uploads\/2021\/10\/ShareAcmi_share_1200x630.jpg\",\"width\":1200,\"height\":630,\"caption\":\"ACMI S.p.a.\"},\"image\":{\"@id\":\"https:\/\/www.acmispa.it\/es\/#logo\"}},{\"@type\":\"WebSite\",\"@id\":\"https:\/\/www.acmispa.it\/es\/#website\",\"url\":\"https:\/\/www.acmispa.it\/es\/\",\"name\":\"ACMI\",\"description\":\"\",\"publisher\":{\"@id\":\"https:\/\/www.acmispa.it\/es\/#organization\"},\"potentialAction\":[{\"@type\":\"SearchAction\",\"target\":\"https:\/\/www.acmispa.it\/es\/?s={search_term_string}\",\"query-input\":\"required name=search_term_string\"}],\"inLanguage\":\"pl-PL\"},{\"@type\":\"WebPage\",\"@id\":\"https:\/\/www.acmispa.it\/pl\/pracuj-z-nami\/elektryk-instalator-elektryczny\/#webpage\",\"url\":\"https:\/\/www.acmispa.it\/pl\/pracuj-z-nami\/elektryk-instalator-elektryczny\/\",\"name\":\"ELEKTRYK\/INSTALATOR ELEKTRYCZNY &ndash; ACMI\",\"isPartOf\":{\"@id\":\"https:\/\/www.acmispa.it\/es\/#website\"},\"datePublished\":\"2022-04-04T13:10:46+00:00\",\"dateModified\":\"2022-04-04T13:10:46+00:00\",\"inLanguage\":\"pl-PL\",\"potentialAction\":[{\"@type\":\"ReadAction\",\"target\":[\"https:\/\/www.acmispa.it\/pl\/pracuj-z-nami\/elektryk-instalator-elektryczny\/\"]}]}]}<\/script>\n<!-- \/ Yoast SEO plugin. -->","_links":{"self":[{"href":"https:\/\/www.acmispa.it\/pl\/wp-json\/wp\/v2\/pages\/6784\/"}],"collection":[{"href":"https:\/\/www.acmispa.it\/pl\/wp-json\/wp\/v2\/pages\/"}],"about":[{"href":"https:\/\/www.acmispa.it\/pl\/wp-json\/wp\/v2\/types\/page\/"}],"author":[{"embeddable":true,"href":"https:\/\/www.acmispa.it\/pl\/wp-json\/wp\/v2\/users\/3\/"}],"replies":[{"embeddable":true,"href":"https:\/\/www.acmispa.it\/pl\/wp-json\/wp\/v2\/comments\/?post=6784"}],"version-history":[{"count":0,"href":"https:\/\/www.acmispa.it\/pl\/wp-json\/wp\/v2\/pages\/6784\/revisions\/"}],"up":[{"embeddable":true,"href":"https:\/\/www.acmispa.it\/pl\/wp-json\/wp\/v2\/pages\/606\/"}],"wp:attachment":[{"href":"https:\/\/www.acmispa.it\/pl\/wp-json\/wp\/v2\/media\/?parent=6784"}],"curies":[{"name":"wp","href":"https:\/\/api.w.org\/{rel}","templated":true}]}}