{"id":824,"date":"2020-11-09T11:42:14","date_gmt":"2020-11-09T10:42:14","guid":{"rendered":"https:\/\/www.acmispa.it\/home-ita\/"},"modified":"2025-10-24T12:45:02","modified_gmt":"2025-10-24T10:45:02","slug":"home-ita","status":"publish","type":"page","link":"https:\/\/www.acmispa.it\/pl\/","title":{"rendered":"Home"},"content":{"rendered":"<p>[vc_row][vc_column]<section class=\"rowMin homeSlider\">\r\n\t<div class=\"row slider sliderDotsArrow\">\r\n    <!-- inizio slide -->\r\n<div class=\"row slideEl el1 slide_video_container\" >\r\n  <video class=\"video_in_slider\" autoplay=\"\" loop=\"\" muted=\"\" playsinline=\"\" poster=\"https:\/\/www.acmispa.it\/wp-content\/uploads\/2021\/09\/acmi-cover.jpg\" >\r\n    <source src=\"\/wp-content\/uploads\/2021\/09\/Video-home-page_2021_l.mp4\">\r\n  <\/video>\r\n  <div class=\"textArea\">\r\n    <div class=\"row\">\r\n      <h1 class=\"animateEl\" data-animate=\"fadeInUp\" data-duration=\".9s\" data-delay=\"0.3s\">SUPER ACMI:<br \/>\nNOWA ERA BOTTLING &amp; PACKAGING<\/h1>\r\n      \r\n      <a href=\"\/pl\/superacmi\/\" class=\"asBtn asBtnWhite animateEl\" data-animate=\"fadeInUp\" data-duration=\".9s\" data-delay=\".5s\">ODKRYJ WI\u0118CEJ<\/a>\r\n    <\/div>\r\n  <\/div>\r\n<\/div>\r\n<div class=\"LayerPopMsg 69fb187624981 move_to_LayerPopOverlay\">\r\n\t\t<span class=\"LayerPopCloseBtn closeBtn\"><img class=\"closeMenu\" src=\"https:\/\/www.acmispa.it\/wp-content\/themes\/acmi\/static\/img\/icon\/closeColored.svg\"><\/span>\r\n\t\t<div class=\"rowMin\">\r\n\t\t\t<div class=\"row formArea\">\r\n\t\t\t\t<!-- <form class=\"row\"> -->\r\n\t\t\t\t\t<span class=\"formTitle\">POBIERZ BROSZUR\u0118 <\/span>\r\n\t\t\t\t\t\t\t\t\t\t<p>Wype\u0142nij formularz, aby pobra\u0107 zestaw informacji o ACMI SpA<\/p>\t\t\t\t\t<div class=\"row cf7_popup_container no_textarea form-popup-magic\" data-tipo=\"download_brochure\">\r\n\t\t\t\t\t\t<div role=\"form\" class=\"wpcf7\" id=\"wpcf7-f6555-o1\" lang=\"it-IT\" dir=\"ltr\">\n<div class=\"screen-reader-response\"><p role=\"status\" aria-live=\"polite\" aria-atomic=\"true\"><\/p> <ul><\/ul><\/div>\n<form action=\"\/pl\/wp-json\/wp\/v2\/pages\/824\/#wpcf7-f6555-o1\" method=\"post\" class=\"wpcf7-form init\" novalidate=\"novalidate\" data-status=\"init\" id=\"cf7-form-69fb187624c4e\">\n<div style=\"display: none;\">\n<input type=\"hidden\" name=\"_wpcf7\" value=\"6555\" \/>\n<input type=\"hidden\" name=\"_wpcf7_version\" value=\"5.3\" \/>\n<input type=\"hidden\" name=\"_wpcf7_locale\" value=\"it_IT\" \/>\n<input type=\"hidden\" name=\"_wpcf7_unit_tag\" value=\"wpcf7-f6555-o1\" \/>\n<input type=\"hidden\" name=\"_wpcf7_container_post\" value=\"0\" \/>\n<input type=\"hidden\" name=\"_wpcf7_posted_data_hash\" value=\"\" \/>\n<\/div>\n<div class=\"formGroup\"><span class=\"wpcf7-form-control-wrap nome\"><input type=\"text\" name=\"nome\" value=\"\" size=\"40\" class=\"wpcf7-form-control wpcf7-text wpcf7-validates-as-required\" aria-required=\"true\" aria-invalid=\"false\" placeholder=\"Imi\u0119*\" \/><\/span><\/div>\n<p><span id=\"wpcf7-69fb187624f78-wrapper\" class=\"wpcf7-form-control-wrap website-fax-form-popup-pol-wrap\" ><input type=\"hidden\" name=\"website-fax-form-popup-pol-time-start\" value=\"1778063478\"><input type=\"hidden\" name=\"website-fax-form-popup-pol-time-check\" value=\"10\"><input id=\"wpcf7-69fb187624f78-field\"  placeholder=\"Fax\"  class=\"wpcf7-form-control wpcf7-text\" type=\"text\" name=\"website-fax-form-popup-pol\" value=\"\" size=\"40\" tabindex=\"-1\" autocomplete=\"off\" \/><\/span><\/p>\n<div class=\"formGroup\"><span class=\"wpcf7-form-control-wrap cognome\"><input type=\"text\" name=\"cognome\" value=\"\" size=\"40\" class=\"wpcf7-form-control wpcf7-text wpcf7-validates-as-required\" aria-required=\"true\" aria-invalid=\"false\" placeholder=\"Nazwisko*\" \/><\/span><\/div>\n<div class=\"formGroup\">\n<span class=\"wpcf7-form-control-wrap JobFunction\"><input type=\"text\" name=\"JobFunction\" value=\"\" size=\"40\" class=\"wpcf7-form-control wpcf7-text wpcf7-validates-as-required\" aria-required=\"true\" aria-invalid=\"false\" placeholder=\"Rola korporacyjna*\" \/><\/span>\n<\/div>\n<div class=\"formGroup\"><span class=\"wpcf7-form-control-wrap azienda\"><input type=\"text\" name=\"azienda\" value=\"\" size=\"40\" class=\"wpcf7-form-control wpcf7-text wpcf7-validates-as-required\" aria-required=\"true\" aria-invalid=\"false\" placeholder=\"Firma*\" \/><\/span><\/div>\n<div class=\"formGroup\"><span class=\"wpcf7-form-control-wrap nazione\"><input type=\"text\" name=\"nazione\" value=\"\" size=\"40\" class=\"wpcf7-form-control wpcf7-text wpcf7-validates-as-required\" aria-required=\"true\" aria-invalid=\"false\" placeholder=\"Kraj*\" \/><\/span><\/div>\n<div class=\"formGroup\"><span class=\"wpcf7-form-control-wrap email\"><input type=\"email\" name=\"email\" value=\"\" size=\"40\" class=\"wpcf7-form-control wpcf7-text wpcf7-email wpcf7-validates-as-required wpcf7-validates-as-email\" aria-required=\"true\" aria-invalid=\"false\" placeholder=\"Email*\" \/><\/span><\/div>\n<div class=\"formGroup\"><span class=\"wpcf7-form-control-wrap messaggio\"><textarea name=\"messaggio\" cols=\"40\" rows=\"10\" class=\"wpcf7-form-control wpcf7-textarea\" aria-invalid=\"false\" placeholder=\"Wiadomo\u015b\u0107\"><\/textarea><\/span><\/div>\n<div class=\"formGroup littleInput\"><label><span class=\"wpcf7-form-control-wrap privacy\"><span class=\"wpcf7-form-control wpcf7-acceptance\"><span class=\"wpcf7-list-item\"><input type=\"checkbox\" name=\"privacy\" value=\"1\" aria-invalid=\"false\" \/><\/span><\/span><\/span> Wyra\u017cam zgod\u0119 na przetwarzanie danych osobowych przez ACMI SpA zgodnie z przepisami o ochronie prywatno\u015bci w celu rozpatrzenia wniosku. Zapoznaj si\u0119 z pe\u0142n\u0105 polityk\u0105 prywatno\u015bci. <a href=\"\/pl\/privacy-policy\/\" target=\"_blank\">Przeczytaj polityk\u0119 prywatno\u015bci<\/a><\/label><\/div>\n<div class=\"formGroup littleInput\"><label><span class=\"wpcf7-form-control-wrap marketing\"><span class=\"wpcf7-form-control wpcf7-acceptance optional\"><span class=\"wpcf7-list-item\"><input type=\"checkbox\" name=\"marketing\" value=\"1\" aria-invalid=\"false\" \/><\/span><\/span><\/span> Wyra\u017cam zgod\u0119 na przetwarzanie danych osobowych przez ACMI SpA w celach komunikacji handlowej, w tym poprzez e-mail, fax i sms.<\/label><\/div>\n<p><span class=\"wpcf7-form-control-wrap pagina\"><input type=\"text\" name=\"pagina\" value=\"\" size=\"40\" class=\"wpcf7-form-control wpcf7-text pagina-campo\" aria-invalid=\"false\" \/><\/span><br \/>\n<span class=\"wpcf7-form-control-wrap modulo\"><input type=\"text\" name=\"modulo\" value=\"\" size=\"40\" class=\"wpcf7-form-control wpcf7-text modulo-campo\" aria-invalid=\"false\" \/><\/span><\/p>\n<div class=\"formGroup\"><input type=\"submit\" value=\"Wy\u015blij\" class=\"wpcf7-form-control wpcf7-submit btn button_submit\" \/><\/div>\n<div class=\"wpcf7-response-output\" aria-hidden=\"true\"><\/div><\/form><\/div>            \r\n\t\t\t\t\t<\/div>\r\n          <div class=\"wrap-success\">\r\n            <p>Dzi\u0119kujemy za wype\u0142nienie formularza <\/p>\r\n            <a class=\"btn btn_brochure_auto\" href=\"\/pl\/superacmi\/\" download>Kliknij tutaj, aby pobra\u0107 plik<\/a>\r\n          <\/div>\r\n\t\t\t\t<!-- <\/form> -->\r\n\t\t\t<\/div>\r\n\t\t<\/div>\r\n\t<\/div>  <\/div>\r\n<\/section>\r\n\r\n<div class=\"rowMin navigation\">\n    <div class=\" catNav rowMinLess\">\n    <a href=\"\/pl\/rozwiazania-kompletne\/\" title=\"ROZWI\u0104ZANIA KOMPLETNE\" class=\"animateEl navItem scrollAnchor\" data-animate=\"fadeInUp\" data-duration=\".9s\" data-delay=\"0.7s\"><h2>ROZWI\u0104ZANIA KOMPLETNE<\/h2><\/a><a href=\"\/pl\/pojedyncze-maszyny\/\" title=\"MASZYNY POJEDYNCZE\" class=\"animateEl navItem scrollAnchor\" data-animate=\"fadeInUp\" data-duration=\".9s\" data-delay=\"0.7s\"><h2>MASZYNY POJEDYNCZE<\/h2><\/a>  <\/div>\n<\/div><section class=\"rowMin cardArea-outer-wrapper\">\n    <div class=\"cardArea\">\n        \r\n<div class=\"cardEl animateEl\" data-animate=\"zoomIn\" data-duration=\".9s\" data-delay=\"0.1s\" data-offset=\"80\">\r\n\t\t\t\t\t<a  href=\"\/pl\/superacmi\" title=\"Super ACMI\">\t\t\t\t\t\t\t\t\t\t\t\t<div class=\"hoverBlock\" style=\"background-image:url('https:\/\/www.acmispa.it\/wp-content\/uploads\/2021\/09\/\u2013-1.png')\"><\/div>\r\n\t\t\t\t\t\t<img loading=\"lazy\" src=\"https:\/\/www.acmispa.it\/wp-content\/uploads\/2024\/09\/News1.jpg\" alt=\"Super ACMI\">\r\n\t\t\t\t\t\t<div class=\"textArea\">\r\n\t\t\t\t\t\t\t<h2 class=\"cardElTitle\">Super ACMI<\/h2>\r\n\t\t\t\t\t\t\t<p><p>Jeden partner, od procesu do ko\u0144ca linii produkcyjnej. Dzi\u0119ki integracji technologii Sacmi Beverage z ACMI, pod mark\u0105 ACMI powsta\u0142y dwie nowe Business Unit, kt\u00f3re uzupe\u0142niaj\u0105 jednostk\u0119 dedykowan\u0105 kompletnym instalacjom \u201eBottling and Packaging Systems\u201d.<\/p>\n<\/p>\r\n\t\t\t\t\t\t\t\t\t\t\t\t\t\t\t<div class=\"btn-wrapper\">\r\n\t\t\t\t\t\t\t\t\t<span class=\"asBtn\">ODKRYJ WI\u0118CEJ<\/span>\r\n\t\t\t\t\t\t\t\t<\/div>\r\n\t\t\t\t\t\t\t\t\t\t\t\t\t<\/div>\r\n\t\t\t\t\t<\/a>\t\t\t\t<\/div>\r\n<div class=\"cardEl animateEl\" data-animate=\"zoomIn\" data-duration=\".9s\" data-delay=\"0.2s\" data-offset=\"80\">\r\n\t\t\t\t\t<a  href=\"\/pracuj-z-nami\/\" title=\"PRACUJ Z NAMI\">\t\t\t\t\t\t\t\t\t\t\t\t<div class=\"hoverBlock\" style=\"background-image:url('https:\/\/www.acmispa.it\/wp-content\/uploads\/2025\/07\/foto-per-home-Acmi.png')\"><\/div>\r\n\t\t\t\t\t\t<img loading=\"lazy\" src=\"https:\/\/www.acmispa.it\/wp-content\/uploads\/2021\/05\/Lavora_preview-1.jpg\" alt=\"PRACUJ Z NAMI\">\r\n\t\t\t\t\t\t<div class=\"textArea\">\r\n\t\t\t\t\t\t\t<h2 class=\"cardElTitle\">PRACUJ Z NAMI<\/h2>\r\n\t\t\t\t\t\t\t<p><p>Po\u0142\u0105cz si\u0119 z naszym Zespo\u0142em! Odkryj otwarte pozycje lub wy\u015blij nam spontaniczn\u0105 kandydatur\u0119.<\/p>\n<\/p>\r\n\t\t\t\t\t\t\t\t\t\t\t\t\t\t\t<div class=\"btn-wrapper\">\r\n\t\t\t\t\t\t\t\t\t<span class=\"asBtn\">ODKRYJ WI\u0118CEJ<\/span>\r\n\t\t\t\t\t\t\t\t<\/div>\r\n\t\t\t\t\t\t\t\t\t\t\t\t\t<\/div>\r\n\t\t\t\t\t<\/a>\t\t\t\t<\/div>\r\n<div class=\"cardEl animateEl\" data-animate=\"zoomIn\" data-duration=\".9s\" data-delay=\"0.3s\" data-offset=\"80\">\r\n\t\t\t\t\t<a  href=\"https:\/\/www.acmispa.it\/en\/operaomnia\/\" title=\"OPERA OMNIA\">\t\t\t\t\t\t\t\t\t\t\t\t<div class=\"hoverBlock\" style=\"background-image:url('https:\/\/www.acmispa.it\/wp-content\/uploads\/2025\/10\/Roll_news_operaomnia.jpg')\"><\/div>\r\n\t\t\t\t\t\t<img loading=\"lazy\" src=\"https:\/\/www.acmispa.it\/wp-content\/uploads\/2025\/10\/OperaOmnia_news.jpg\" alt=\"OPERA OMNIA\">\r\n\t\t\t\t\t\t<div class=\"textArea\">\r\n\t\t\t\t\t\t\t<h2 class=\"cardElTitle\">OPERA OMNIA<\/h2>\r\n\t\t\t\t\t\t\t<p><p>Nowa ewolucja etykietowania wysokiej pr\u0119dko\u015bci. Zaprojektowana dla butelek i pojemnik\u00f3w cylindrycznych oraz o niestandardowych kszta\u0142tach z szk\u0142a, metalu lub plastiku, ta wszystko-w-jednym platforma rewolucjonizuje dekorowanie dzi\u0119ki najwy\u017cszej precyzji, inteligentnemu dopasowaniu i modu\u0142owej konstrukcji o p\u0142ynnej integracji.<\/p>\n<\/p>\r\n\t\t\t\t\t\t\t\t\t\t\t\t\t\t\t<div class=\"btn-wrapper\">\r\n\t\t\t\t\t\t\t\t\t<span class=\"asBtn\">ODKRYJ WI\u0118CEJ<\/span>\r\n\t\t\t\t\t\t\t\t<\/div>\r\n\t\t\t\t\t\t\t\t\t\t\t\t\t<\/div>\r\n\t\t\t\t\t<\/a>\t\t\t\t<\/div>    <\/div>\n<\/section>[\/vc_column][\/vc_row]<\/p>\n","protected":false},"excerpt":{"rendered":"<p>[vc_row][vc_column][\/vc_column][\/vc_row]<\/p>\n","protected":false},"author":3,"featured_media":0,"parent":0,"menu_order":0,"comment_status":"closed","ping_status":"closed","template":"","meta":[],"yoast_head":"<!-- This site is optimized with the Yoast SEO plugin v15.2.1 - https:\/\/yoast.com\/wordpress\/plugins\/seo\/ -->\n<meta name=\"description\" content=\"ACMI S.p.A. jest w\u0142oskim producentem nowoczesnych i elastycznych linii rozlewniczych i pakuj\u0105cych od 1984 roku.\" \/>\n<meta name=\"robots\" content=\"index, follow, max-snippet:-1, max-image-preview:large, max-video-preview:-1\" \/>\n<link rel=\"canonical\" href=\"https:\/\/www.acmispa.it\/pl\/\" \/>\n<meta property=\"og:locale\" content=\"pl_PL\" \/>\n<meta property=\"og:type\" content=\"article\" \/>\n<meta property=\"og:title\" content=\"Home &ndash; ACMI\" \/>\n<meta property=\"og:description\" content=\"ACMI S.p.A. jest w\u0142oskim producentem nowoczesnych i elastycznych linii rozlewniczych i pakuj\u0105cych od 1984 roku.\" \/>\n<meta property=\"og:url\" content=\"https:\/\/www.acmispa.it\/pl\/\" \/>\n<meta property=\"og:site_name\" content=\"ACMI\" \/>\n<meta property=\"article:modified_time\" content=\"2025-10-24T10:45:02+00:00\" \/>\n<meta property=\"og:image\" content=\"https:\/\/www.acmispa.it\/wp-content\/uploads\/2021\/10\/ShareAcmi_share_1200x630-1200x630.jpg\" \/>\n\t<meta property=\"og:image:width\" content=\"1200\" \/>\n\t<meta property=\"og:image:height\" content=\"630\" \/>\n<meta name=\"twitter:card\" content=\"summary_large_image\" \/>\n<meta name=\"twitter:creator\" content=\"@AcmiSpa\" \/>\n<meta name=\"twitter:site\" content=\"@AcmiSpa\" \/>\n<script type=\"application\/ld+json\" class=\"yoast-schema-graph\">{\"@context\":\"https:\/\/schema.org\",\"@graph\":[{\"@type\":\"Organization\",\"@id\":\"https:\/\/www.acmispa.it\/es\/#organization\",\"name\":\"ACMI S.p.a.\",\"url\":\"https:\/\/www.acmispa.it\/es\/\",\"sameAs\":[\"https:\/\/www.linkedin.com\/company\/acmi-spa\/\",\"https:\/\/twitter.com\/AcmiSpa\"],\"logo\":{\"@type\":\"ImageObject\",\"@id\":\"https:\/\/www.acmispa.it\/es\/#logo\",\"inLanguage\":\"pl-PL\",\"url\":\"https:\/\/www.acmispa.it\/wp-content\/uploads\/2021\/10\/ShareAcmi_share_1200x630.jpg\",\"width\":1200,\"height\":630,\"caption\":\"ACMI S.p.a.\"},\"image\":{\"@id\":\"https:\/\/www.acmispa.it\/es\/#logo\"}},{\"@type\":\"WebSite\",\"@id\":\"https:\/\/www.acmispa.it\/es\/#website\",\"url\":\"https:\/\/www.acmispa.it\/es\/\",\"name\":\"ACMI\",\"description\":\"\",\"publisher\":{\"@id\":\"https:\/\/www.acmispa.it\/es\/#organization\"},\"potentialAction\":[{\"@type\":\"SearchAction\",\"target\":\"https:\/\/www.acmispa.it\/es\/?s={search_term_string}\",\"query-input\":\"required name=search_term_string\"}],\"inLanguage\":\"pl-PL\"},{\"@type\":\"WebPage\",\"@id\":\"https:\/\/www.acmispa.it\/pl\/#webpage\",\"url\":\"https:\/\/www.acmispa.it\/pl\/\",\"name\":\"Home &ndash; ACMI\",\"isPartOf\":{\"@id\":\"https:\/\/www.acmispa.it\/es\/#website\"},\"datePublished\":\"2020-11-09T10:42:14+00:00\",\"dateModified\":\"2025-10-24T10:45:02+00:00\",\"description\":\"ACMI S.p.A. jest w\\u0142oskim producentem nowoczesnych i elastycznych linii rozlewniczych i pakuj\\u0105cych od 1984 roku.\",\"inLanguage\":\"pl-PL\",\"potentialAction\":[{\"@type\":\"ReadAction\",\"target\":[\"https:\/\/www.acmispa.it\/pl\/\"]}]}]}<\/script>\n<!-- \/ Yoast SEO plugin. -->","_links":{"self":[{"href":"https:\/\/www.acmispa.it\/pl\/wp-json\/wp\/v2\/pages\/824\/"}],"collection":[{"href":"https:\/\/www.acmispa.it\/pl\/wp-json\/wp\/v2\/pages\/"}],"about":[{"href":"https:\/\/www.acmispa.it\/pl\/wp-json\/wp\/v2\/types\/page\/"}],"author":[{"embeddable":true,"href":"https:\/\/www.acmispa.it\/pl\/wp-json\/wp\/v2\/users\/3\/"}],"replies":[{"embeddable":true,"href":"https:\/\/www.acmispa.it\/pl\/wp-json\/wp\/v2\/comments\/?post=824"}],"version-history":[{"count":0,"href":"https:\/\/www.acmispa.it\/pl\/wp-json\/wp\/v2\/pages\/824\/revisions\/"}],"wp:attachment":[{"href":"https:\/\/www.acmispa.it\/pl\/wp-json\/wp\/v2\/media\/?parent=824"}],"curies":[{"name":"wp","href":"https:\/\/api.w.org\/{rel}","templated":true}]}}